{"id":1182,"date":"2020-05-21T10:04:18","date_gmt":"2020-05-21T10:04:18","guid":{"rendered":"http:\/\/colegiosanjosepontevedra.es\/?page_id=1182"},"modified":"2020-05-22T06:22:23","modified_gmt":"2020-05-22T06:22:23","slug":"adaptaciones-de-progamacion-para-tercer-trimestre-covic-19","status":"publish","type":"page","link":"http:\/\/colegiosanjosepontevedra.es\/?page_id=1182","title":{"rendered":"Adaptaciones de progamaci\u00f3n para tercer trimestre COVIC 19"},"content":{"rendered":"<p><strong>4\u00ba Educaci\u00f3n Infantil<\/strong><\/p>\n<p><a href=\"http:\/\/colegiosanjosepontevedra.es\/wp-content\/uploads\/2020\/05\/Modelo-adaptacion-programacion-4\u00ba-Educaci\u00f3n-Infantil-CPR-San-Jos\u00e9-36006675.pdf\" rel=\"\">Adaptacion programacion 4\u00ba Educaci\u00f3n Infantil CPR San Jos\u00e9 36006675<\/a><\/p>\n<p><a href=\"http:\/\/colegiosanjosepontevedra.es\/wp-content\/uploads\/2020\/05\/adaptacion-programacion-ingles-4\u00ba-EI-CPR-San-Jos\u00e9-36006675.pdf\" rel=\"\">Adaptaci\u00f3n programaci\u00f3n ingles 4\u00ba EI CPR San Jos\u00e9 36006675<\/a><\/p>\n<p><strong>5\u00ba Educaci\u00f3n Infantil<\/strong><\/p>\n<p><a href=\"http:\/\/colegiosanjosepontevedra.es\/wp-content\/uploads\/2020\/05\/Modelo-adaptacion-programacion-5\u00ba-Educaci\u00f3n-Infantil-CPR-San-Jos\u00e9-36006675.pdf\" rel=\"\">Adaptaci\u00f3n programaci\u00f3n 5\u00ba Educaci\u00f3n Infantil CPR San Jos\u00e9 36006675<\/a><\/p>\n<p><a href=\"http:\/\/colegiosanjosepontevedra.es\/wp-content\/uploads\/2020\/05\/adaptacion-programacion-ingl\u00e9s-5\u00ba-EI-CPR-San-Jos\u00e9-36006675.pdf\" rel=\"\">Adaptaci\u00f3n programaci\u00f3n ingl\u00e9s 5\u00ba EI CPR San Jos\u00e9 36006675<\/a><\/p>\n<p><strong>6\u00ba Educaci\u00f3n Infantil<\/strong><\/p>\n<p><a href=\"http:\/\/colegiosanjosepontevedra.es\/wp-content\/uploads\/2020\/05\/adaptaci\u00f3n-programacion-globalizado-6\u00ba-EI-CPR-San-Jos\u00e9-36006675.pdf\" rel=\"\">Adaptaci\u00f3n programaci\u00f3n globalizado 6\u00ba EI CPR San Jos\u00e9 36006675<\/a><\/p>\n<p><a href=\"http:\/\/colegiosanjosepontevedra.es\/wp-content\/uploads\/2020\/05\/adaptaci\u00f3n-programacion-ingl\u00e9s-6\u00ba-EI-CPR-San-Jos\u00e9-36006675.pdf\" rel=\"\">Adaptaci\u00f3n programaci\u00f3n ingl\u00e9s 6\u00ba EI CPR San Jos\u00e9 36006675<\/a><\/p>\n<p><strong>1\u00ba Educaci\u00f3n Primaria<\/strong><\/p>\n<p><a href=\"http:\/\/colegiosanjosepontevedra.es\/wp-content\/uploads\/2020\/05\/Adaptaci\u00f3n-programaci\u00f3n-ciencias-da-natureza-1\u00ba-EP-CPR-San-Jos\u00e9-36006675.pdf\" rel=\"\">Adaptaci\u00f3n programaci\u00f3n ciencias da natureza 1\u00ba EP CPR San Jos\u00e9 36006675<\/a><\/p>\n<p><a href=\"http:\/\/colegiosanjosepontevedra.es\/wp-content\/uploads\/2020\/05\/Adaptaci\u00f3n-programaci\u00f3n-ciencias-sociais-1\u00ba-EP-CPR-San-Jos\u00e9-36006675.pdf\" rel=\"\">Adaptaci\u00f3n programaci\u00f3n ciencias sociais 1\u00ba EP CPR San Jos\u00e9 36006675<\/a><\/p>\n<p><a href=\"http:\/\/colegiosanjosepontevedra.es\/wp-content\/uploads\/2020\/05\/Adaptaci\u00f3n-programaci\u00f3n-educaci\u00f3n-art\u00edstica-m\u00fasica-1\u00ba-EP-CPR-San-Jos\u00e9-36006675.pdf\" rel=\"\">Adaptaci\u00f3n programaci\u00f3n educaci\u00f3n art\u00edstica m\u00fasica 1\u00ba EP CPR San Jos\u00e9 36006675<\/a><\/p>\n<p><a href=\"http:\/\/colegiosanjosepontevedra.es\/wp-content\/uploads\/2020\/05\/Adaptaci\u00f3n-programaci\u00f3n-educaci\u00f3n-art\u00edstica-pl\u00e1stica-1\u00ba-EP-CPR-San-Jos\u00e9-36006675.pdf\" rel=\"\">Adaptaci\u00f3n programaci\u00f3n educaci\u00f3n art\u00edstica pl\u00e1stica 1\u00ba EP CPR San Jos\u00e9 36006675<\/a><\/p>\n<p><a href=\"http:\/\/colegiosanjosepontevedra.es\/wp-content\/uploads\/2020\/05\/Adaptaci\u00f3n-programaci\u00f3n-lingua-galega-1\u00ba-EP-CPR-San-Jos\u00e9-36006675.pdf\" rel=\"\">Adaptaci\u00f3n programaci\u00f3n lingua galega 1\u00ba EP CPR San Jos\u00e9 36006675<\/a><\/p>\n<p><a href=\"http:\/\/colegiosanjosepontevedra.es\/wp-content\/uploads\/2020\/05\/Adaptaci\u00f3n-programaci\u00f3n-matem\u00e1ticas-1\u00ba-EP-CPR-San-Jos\u00e9-36006675.pdf\" rel=\"\">Adaptaci\u00f3n programaci\u00f3n matem\u00e1ticas 1\u00ba EP CPR San Jos\u00e9 36006675<\/a><\/p>\n<p><a href=\"http:\/\/colegiosanjosepontevedra.es\/wp-content\/uploads\/2020\/05\/Adaptaci\u00f3n-programaci\u00f3nlingua-castel\u00e1-1\u00ba-EP-CPR-San-Jos\u00e9-36006675.pdf\" rel=\"\">Adaptaci\u00f3n programaci\u00f3n lingua castel\u00e1 1\u00ba EP CPR San Jos\u00e9 36006675<\/a><\/p>\n<p><a href=\"http:\/\/colegiosanjosepontevedra.es\/wp-content\/uploads\/2020\/05\/Adaptaci\u00f3n-programaci\u00f3n-educaci\u00f3n-f\u00edsica1\u00ba-EP-CPR-San-Jos\u00e9-36006675.pdf\" rel=\"\">Adaptaci\u00f3n programaci\u00f3n educaci\u00f3n f\u00edsica1\u00ba EP CPR San Jos\u00e9 36006675<\/a><\/p>\n<p><a href=\"http:\/\/colegiosanjosepontevedra.es\/wp-content\/uploads\/2020\/05\/Adaptaci\u00f3n-programaci\u00f3n-ingl\u00e9s-1\u00ba-EP-CPR-San-Jos\u00e9-36006675.pdf\" rel=\"\">Adaptaci\u00f3n programaci\u00f3n ingl\u00e9s 1\u00ba EP CPR San Jos\u00e9 36006675<\/a><\/p>\n<p><strong>2\u00ba Educaci\u00f3n Primaria<\/strong><\/p>\n<p><a href=\"http:\/\/colegiosanjosepontevedra.es\/wp-content\/uploads\/2020\/05\/Adaptacion-programacion-2\u00ba-educaci\u00f3n-primaria-lengua-castellana-CPR-San-Jos\u00e9-36006675.pdf\" rel=\"\">Adaptaci\u00f3n programaci\u00f3n 2\u00ba educaci\u00f3n primaria lengua castellana CPR San Jos\u00e9 36006675<\/a><\/p>\n<p><a href=\"http:\/\/colegiosanjosepontevedra.es\/wp-content\/uploads\/2020\/05\/Adaptacion-programacion-Ciencias-Naturais-2\u00ba-EP-CPR-San-Jos\u00e9-36006675.pdf\" rel=\"\">Adaptacion programacion Ciencias Naturais 2\u00ba EP CPR San Jos\u00e9 36006675<\/a><\/p>\n<p><a href=\"http:\/\/colegiosanjosepontevedra.es\/wp-content\/uploads\/2020\/05\/Adaptacion-programacion-ciencias-sociais-2\u00ba-EP-CPR-San-Jos\u00e9-36006675.pdf\" rel=\"\">Adaptacion programacion ciencias sociais 2\u00ba EP CPR San Jos\u00e9 36006675<\/a><\/p>\n<p><a href=\"http:\/\/colegiosanjosepontevedra.es\/wp-content\/uploads\/2020\/05\/Adaptaci\u00f3n-programaci\u00f3n-educaci\u00f3n-art\u00edstica-m\u00fasica-2\u00ba-EP-CPR-San-Jos\u00e9-36006675.pdf\" rel=\"\">Adaptaci\u00f3n programaci\u00f3n educaci\u00f3n art\u00edstica m\u00fasica 2\u00ba EP CPR San Jos\u00e9 36006675<\/a><\/p>\n<p><a href=\"http:\/\/colegiosanjosepontevedra.es\/wp-content\/uploads\/2020\/05\/Adaptacion-programacion-educaci\u00f3n-art\u00edstica-pl\u00e1stica-2\u00ba-Educaci\u00f3n-Primaria-CPR-San-Jos\u00e9-36006675.pdf\" rel=\"\">Adaptacion programacion educaci\u00f3n art\u00edstica pl\u00e1stica 2\u00ba Educaci\u00f3n Primaria CPR San Jos\u00e9 36006675<\/a><\/p>\n<p><a href=\"http:\/\/colegiosanjosepontevedra.es\/wp-content\/uploads\/2020\/05\/Adaptacion-programacion-ingl\u00e9s-2\u00ba-Educaci\u00f3n-Primaria-CPR-San-Jos\u00e9-36006675.pdf\" rel=\"\">Adaptacion programacion ingl\u00e9s 2\u00ba Educaci\u00f3n Primaria CPR San Jos\u00e9 36006675<\/a><\/p>\n<p><a href=\"http:\/\/colegiosanjosepontevedra.es\/wp-content\/uploads\/2020\/05\/Adaptacion-programacion-lingua-galega-2\u00ba-EP-CPR-San-Jos\u00e9-36006675.pdf\" rel=\"\">Adaptacion programacion lingua galega 2\u00ba EP CPR San Jos\u00e9 36006675<\/a><\/p>\n<p><a href=\"http:\/\/colegiosanjosepontevedra.es\/wp-content\/uploads\/2020\/05\/Adaptacion-programacion-Matem\u00e1ticas-2\u00ba-EP-CPR-San-Jos\u00e9-36006675.pdf\" rel=\"\">Adaptacion programacion Matem\u00e1ticas 2\u00ba EP CPR San Jos\u00e9 36006675<\/a><\/p>\n<p><a href=\"http:\/\/colegiosanjosepontevedra.es\/wp-content\/uploads\/2020\/05\/Adaptacion-programacion.-2\u00ba-primaria-Ed-Fisica-CPR-San-Jos\u00e9-36006675.pdf\" rel=\"\">Adaptacion programacion. 2\u00ba primaria Ed Fisica CPR San Jos\u00e9 36006675<\/a><\/p>\n<p><strong>3\u00ba Educaci\u00f3n primaria<\/strong><\/p>\n<p><a href=\"http:\/\/colegiosanjosepontevedra.es\/wp-content\/uploads\/2020\/05\/adaptaci\u00f3n-programacion-ciencias-da-natureza-3\u00ba-EP-CPR-San-Jos\u00e9-36006675.pdf\" rel=\"\">Adaptaci\u00f3n programaci\u00f3n ciencias da natureza 3\u00ba EP CPR San Jos\u00e9 36006675<\/a><\/p>\n<p><a href=\"http:\/\/colegiosanjosepontevedra.es\/wp-content\/uploads\/2020\/05\/adaptacion-programacion-ciencias-sociais-3\u00ba-EP-CPR-San-Jos\u00e9-36006675.pdf\" rel=\"\">Adaptacion programacion ciencias sociais 3\u00ba EP CPR San Jos\u00e9 36006675<\/a><\/p>\n<p><a href=\"http:\/\/colegiosanjosepontevedra.es\/wp-content\/uploads\/2020\/05\/adaptacion-programacion-educaci\u00f3n-art\u00edstica-plastica-3\u00ba-EP-CPR-San-Jos\u00e9-36006675.pdf\" rel=\"\">Adaptacion programacion educaci\u00f3n art\u00edstica plastica 3\u00ba EP CPR San Jos\u00e9 36006675<\/a><\/p>\n<p><a href=\"http:\/\/colegiosanjosepontevedra.es\/wp-content\/uploads\/2020\/05\/adaptaci\u00f3n-programaci\u00f3n-lingua-castel\u00e1-3\u00ba-EP-CPR-San-Jos\u00e9-36006675.pdf\" rel=\"\">Adaptaci\u00f3n programaci\u00f3n lingua castel\u00e1 3\u00ba EP CPR San Jos\u00e9 36006675<\/a><\/p>\n<p><a href=\"http:\/\/colegiosanjosepontevedra.es\/wp-content\/uploads\/2020\/05\/adaptaci\u00f3n-programaci\u00f3n-lingua-estranxeira-ingl\u00e9s-3\u00ba-EP-CPR-San-Jos\u00e9-36006675.pdf\" rel=\"\">Adaptaci\u00f3n programaci\u00f3n lingua estranxeira ingl\u00e9s 3\u00ba EP CPR San Jos\u00e9 36006675<\/a><\/p>\n<p><a href=\"http:\/\/colegiosanjosepontevedra.es\/wp-content\/uploads\/2020\/05\/adaptaci\u00f3n-programaci\u00f3n-lingua-galega-3\u00ba-EP-CPR-San-Jos\u00e9-36006675.pdf\" rel=\"\">Adaptaci\u00f3n programaci\u00f3n lingua galega 3\u00ba EP CPR San Jos\u00e9 36006675<\/a><\/p>\n<p><a href=\"http:\/\/colegiosanjosepontevedra.es\/wp-content\/uploads\/2020\/05\/Adaptacion-programacion.-3\u00ba-primaria-Ed.-F\u00edsica-CPR-San-Jos\u00e9-36006675.pdf\" rel=\"\">Adaptacion programacion. 3\u00ba primaria Ed. F\u00edsica CPR San Jos\u00e9 36006675<\/a><\/p>\n<p><a href=\"http:\/\/colegiosanjosepontevedra.es\/wp-content\/uploads\/2020\/05\/Adaptaci\u00f3n-progrmaci\u00f3n-educaci\u00f3n-art\u00edstica-m\u00fasica-3\u00ba-EP-CPR-San-Jos\u00e9-36006675.pdf\" rel=\"\">Adaptaci\u00f3n progrmaci\u00f3n educaci\u00f3n art\u00edstica m\u00fasica 3\u00ba EP CPR San Jos\u00e9 36006675<\/a><\/p>\n<p><a href=\"http:\/\/colegiosanjosepontevedra.es\/wp-content\/uploads\/2020\/05\/Adaptaci\u00f3n-progrmaci\u00f3n-matem\u00e1ticas-3\u00ba-EP-CPR-San-Jos\u00e9-36006675.pdf\" rel=\"\">Adaptaci\u00f3n progrmaci\u00f3n matem\u00e1ticas 3\u00ba EP CPR San Jos\u00e9 36006675<\/a><\/p>\n<p><strong>4\u00ba Educaci\u00f3n primaria<\/strong><\/p>\n<p><a href=\"http:\/\/colegiosanjosepontevedra.es\/wp-content\/uploads\/2020\/05\/Adaptaci\u00f3n-de-programaci\u00f3n-Ciencias-naturais-4\u00ba-EP-CPR-San-Jos\u00e9-36006675-1.pdf\" rel=\"\">Adaptaci\u00f3n de programaci\u00f3n Ciencias naturais 4\u00ba EP CPR San Jos\u00e9 36006675<\/a><\/p>\n<p><a href=\"http:\/\/colegiosanjosepontevedra.es\/wp-content\/uploads\/2020\/05\/Adaptaci\u00f3n-de-programaci\u00f3n-educaci\u00f3n-arti\u00b4stica-m\u00fasica-4\u00ba-EP-CPR-San-Jos\u00e9-36006675.pdf\" rel=\"\">Adaptaci\u00f3n de programaci\u00f3n educaci\u00f3n arti\u00b4stica m\u00fasica 4\u00ba EP CPR San Jos\u00e9 36006675<\/a><\/p>\n<p><a href=\"http:\/\/colegiosanjosepontevedra.es\/wp-content\/uploads\/2020\/05\/Adaptaci\u00f3n-de-programaci\u00f3n-Lingua-4\u00ba-primaria-CPR-San-Jos\u00e9-36006675.pdf\" rel=\"\">Adaptaci\u00f3n de programaci\u00f3n Lingua 4\u00ba primaria CPR San Jos\u00e9 36006675<\/a><\/p>\n<p><a href=\"http:\/\/colegiosanjosepontevedra.es\/wp-content\/uploads\/2020\/05\/adaptaci\u00f3n-de-programaci\u00f3n-matem\u00e1ticas-4\u00ba-EP-CPR-San-Jos\u00e9-36006675.pdf\" rel=\"\">Adaptaci\u00f3n de programaci\u00f3n matem\u00e1ticas 4\u00ba EP CPR San Jos\u00e9 36006675<\/a><\/p>\n<p><a href=\"http:\/\/colegiosanjosepontevedra.es\/wp-content\/uploads\/2020\/05\/adaptaci\u00f3n-primeira-lingua-extranxeira-ingl\u00e9s-4\u00ba-EP-CPR-San-Jos\u00e9-36006675.pdf\" rel=\"\">Adaptaci\u00f3n primeira lingua extranxeira ingl\u00e9s 4\u00ba EP CPR San Jos\u00e9 36006675<\/a><\/p>\n<p><a href=\"http:\/\/colegiosanjosepontevedra.es\/wp-content\/uploads\/2020\/05\/adaptaci\u00f3n-programacion-ciencias-sociais-4\u00ba-EP-CPR-San-Jos\u00e9-36006675.pdf\" rel=\"\">Adaptaci\u00f3n programaci\u00f3n ciencias sociais 4\u00ba EP CPR San Jos\u00e9 36006675<\/a><\/p>\n<p><a href=\"http:\/\/colegiosanjosepontevedra.es\/wp-content\/uploads\/2020\/05\/Adaptaci\u00f3n-programaci\u00f3n-ingl\u00e9s-4\u00ba-EP-CPR-San-Jos\u00e9-36006675.pdf\" rel=\"\">Adaptaci\u00f3n programaci\u00f3n ingl\u00e9s 4\u00ba EP CPR San Jos\u00e9 36006675<\/a><\/p>\n<p><a href=\"http:\/\/colegiosanjosepontevedra.es\/wp-content\/uploads\/2020\/05\/adaptacion-programacion-lengua-castellana-4\u00ba-EP-CPR-San-Jos\u00e9-36006675.pdf\" rel=\"\">Adaptaci\u00f3n programacion lengua castellana 4\u00ba EP CPR San Jos\u00e9 36006675<\/a><\/p>\n<p><a href=\"http:\/\/colegiosanjosepontevedra.es\/wp-content\/uploads\/2020\/05\/adaptacion-programacion-pl\u00e1stica-4\u00ba-EP-CPR-San-Jos\u00e9-36006675.pdf\" rel=\"\">Adaptacion programacion pl\u00e1stica 4\u00ba EP CPR San Jos\u00e9 36006675<\/a><\/p>\n<p><strong>5\u00ba Educaci\u00f3n primaria<\/strong><\/p>\n<p><a href=\"http:\/\/colegiosanjosepontevedra.es\/wp-content\/uploads\/2020\/05\/adaptacion-programacion-ciencias-da-natureza-5\u00ba-EP-CPR-San-Jos\u00e9-36006675.pdf\" rel=\"\">Adaptacion programacion ciencias da natureza 5\u00ba EP CPR San Jos\u00e9 36006675<\/a><\/p>\n<p><a href=\"http:\/\/colegiosanjosepontevedra.es\/wp-content\/uploads\/2020\/05\/adaptacion-programacion-ciencias-sociais-5\u00ba-EP-CPR-San-Jos\u00e9-36006675.pdf\" rel=\"\">Adaptacion programacion ciencias sociais 5\u00ba EP CPR San Jos\u00e9 36006675<\/a><\/p>\n<p><a href=\"http:\/\/colegiosanjosepontevedra.es\/wp-content\/uploads\/2020\/05\/adaptacion-programacion-educaci\u00f3n-ar\u00edstica-pl\u00e1stica-5\u00ba-EP-CPR-San-Jos\u00e9-36006675.pdf\" rel=\"\">Adaptacion programacion educaci\u00f3n ar\u00edstica pl\u00e1stica 5\u00ba EP CPR San Jos\u00e9 36006675<\/a><\/p>\n<p><a href=\"http:\/\/colegiosanjosepontevedra.es\/wp-content\/uploads\/2020\/05\/Adaptaci\u00f3n-programaci\u00f3n-educaci\u00f3n-artistica-m\u00fasica-5\u00ba-EP-CPR-San-Jos\u00e9-36006675.pdf\" rel=\"\">Adaptaci\u00f3n programaci\u00f3n educaci\u00f3n artistica m\u00fasica 5\u00ba EP CPR San Jos\u00e9 36006675<\/a><\/p>\n<p><a href=\"http:\/\/colegiosanjosepontevedra.es\/wp-content\/uploads\/2020\/05\/adaptacion-programacion-Lingua-extranxeira-ingl\u00e9s-5\u00ba-CPR-San-Jos\u00e9-36006675.pdf\" rel=\"\">Adaptacion programacion Lingua extranxeira ingl\u00e9s 5\u00ba CPR San Jos\u00e9 36006675<\/a><\/p>\n<p><a href=\"http:\/\/colegiosanjosepontevedra.es\/wp-content\/uploads\/2020\/05\/adaptacion-programacion-lingua-galega-5\u00ba-EP-CPR-San-Jos\u00e9-36006675.pdf\" rel=\"\">Adaptacion programacion lingua galega 5\u00ba EP CPR San Jos\u00e9 36006675<\/a><\/p>\n<p><a href=\"http:\/\/colegiosanjosepontevedra.es\/wp-content\/uploads\/2020\/05\/adaptacion-programacion-linguia-castel\u00e1-5\u00ba-EP-CPR-San-Jos\u00e9-36006675.pdf\" rel=\"\">Adaptacion programacion linguia castel\u00e1 5\u00ba EP CPR San Jos\u00e9 36006675<\/a><\/p>\n<p><a href=\"http:\/\/colegiosanjosepontevedra.es\/wp-content\/uploads\/2020\/05\/adaptacion-programacion-matem\u00e1ticas-5\u00ba-EP-CPR-San-Jos\u00e9-36006675.pdf\" rel=\"\">Adaptacion programacion matem\u00e1ticas 5\u00ba EP CPR San Jos\u00e9 36006675<\/a><\/p>\n<p><a href=\"http:\/\/colegiosanjosepontevedra.es\/wp-content\/uploads\/2020\/05\/Adaptacion-programacion.-5\u00ba-primaria-Ed.-F\u00edsca-CPR-San-Jos\u00e9-366006675.pdf\" rel=\"\">Adaptaci\u00f3n programacion. 5\u00ba primaria Ed. F\u00edsca CPR San Jos\u00e9 366006675<\/a><\/p>\n<p><strong>6\u00ba Educaci\u00f3n Primaria<\/strong><\/p>\n<p><a href=\"http:\/\/colegiosanjosepontevedra.es\/wp-content\/uploads\/2020\/05\/adaptacion-programacion-lingua-extranxeira-ingles-6\u00ba-EP-CPR-San-Jos\u00e9-36006675.pdf\" rel=\"\">Adaptacion programacion lingua extranxeira ingles 6\u00ba EP CPR San Jos\u00e9 36006675<\/a><\/p>\n<p><a href=\"http:\/\/colegiosanjosepontevedra.es\/wp-content\/uploads\/2020\/05\/Modelo-adaptacion-programacion-ciencias-naturais-6\u00ba-E.P.-CPR-San-Jos\u00e9-36006675.pdf\" rel=\"\">Adaptacion programacion ciencias naturais 6\u00ba E.P. CPR San Jos\u00e9 36006675<\/a><\/p>\n<p><a href=\"http:\/\/colegiosanjosepontevedra.es\/wp-content\/uploads\/2020\/05\/Modelo-adaptacion-programacion-Ciencias-sociais-6\u00ba-E.P.-CPR-San-Jos\u00e9-36006675.pdf\" rel=\"\">Adaptaci\u00f3n programaci\u00f3n Ciencias sociais 6\u00ba E.P. CPR San Jos\u00e9 36006675<\/a><\/p>\n<p><a href=\"http:\/\/colegiosanjosepontevedra.es\/wp-content\/uploads\/2020\/05\/Modelo-adaptacion-programacion-Lingua-castel\u00e1-6\u00ba-Educaci\u00f3n-Primaria-CPR-San-Jos\u00e9-36006675.pdf\" rel=\"\">Adaptaci\u00f3n programaci\u00f3n Lingua castel\u00e1 6\u00ba Educaci\u00f3n Primaria CPR San Jos\u00e9 36006675<\/a><\/p>\n<p><a href=\"http:\/\/colegiosanjosepontevedra.es\/wp-content\/uploads\/2020\/05\/Modelo-adaptacion-programacion-Lingua-Galega-6\u00ba-Educaci\u00f3n-Primaria-CPR-San-Jos\u00e9-36006675.pdf\" rel=\"\">Adaptacion programacion Lingua Galega 6\u00ba Educaci\u00f3n Primaria CPR San Jos\u00e9 36006675<\/a><\/p>\n<p><a href=\"http:\/\/colegiosanjosepontevedra.es\/wp-content\/uploads\/2020\/05\/Modelo-adaptacion-programacion-matem\u00e1ticas-6\u00ba-E.P.-CPR-San-Jos\u00e9-36006675.pdf\" rel=\"\">Adaptacion programacion matem\u00e1ticas 6\u00ba E.P. CPR San Jos\u00e9 36006675<\/a><\/p>\n<p><a href=\"http:\/\/colegiosanjosepontevedra.es\/wp-content\/uploads\/2020\/05\/Modelo-adaptacion-programacion-Pl\u00e1stica-6\u00ba-educaci\u00f3n-primaria-CPR-San-Jos\u00e9-36006675.pdf\" rel=\"\">Adaptaci\u00f3n programaci\u00f3n Pl\u00e1stica 6\u00ba educaci\u00f3n primaria CPR San Jos\u00e9 36006675<\/a><\/p>\n<p><a href=\"http:\/\/colegiosanjosepontevedra.es\/wp-content\/uploads\/2020\/05\/Adaptac\u00f3n-programaci\u00f3n-educcci\u00f3n-art\u00edstica-m\u00fasica-6\u00ba-EP-CPR-San-Jos\u00e9-36006675.pdf\" rel=\"\">Adaptac\u00f3n programaci\u00f3n educcci\u00f3n art\u00edstica m\u00fasica 6\u00ba EP CPR San Jos\u00e9 36006675<\/a><\/p>\n<p><a href=\"http:\/\/colegiosanjosepontevedra.es\/wp-content\/uploads\/2020\/05\/Modelo-adaptacion-programacion.-6\u00ba-primaria-Ed.-F\u00edsica-CPR-San-Jos\u00e9-36006675.pdf\" rel=\"\">Adaptaci\u00f3n programaci\u00f3n. 6\u00ba primaria Ed. F\u00edsica CPR San Jos\u00e9 36006675<\/a><\/p>\n","protected":false},"excerpt":{"rendered":"<p>4\u00ba Educaci\u00f3n Infantil Adaptacion programacion 4\u00ba Educaci\u00f3n Infantil CPR San Jos\u00e9 36006675 Adaptaci\u00f3n programaci\u00f3n ingles 4\u00ba EI CPR San Jos\u00e9 36006675 5\u00ba Educaci\u00f3n Infantil Adaptaci\u00f3n programaci\u00f3n 5\u00ba Educaci\u00f3n Infantil CPR San Jos\u00e9 36006675 Adaptaci\u00f3n programaci\u00f3n ingl\u00e9s 5\u00ba EI CPR San Jos\u00e9 36006675 6\u00ba Educaci\u00f3n Infantil Adaptaci\u00f3n programaci\u00f3n globalizado 6\u00ba EI CPR San Jos\u00e9 36006675 Adaptaci\u00f3n programaci\u00f3n ingl\u00e9s 6\u00ba EI CPR &hellip; <a href=\"http:\/\/colegiosanjosepontevedra.es\/?page_id=1182\">Sigue leyendo <span class=\"meta-nav\">&rarr;<\/span><\/a><\/p>\n","protected":false},"author":2,"featured_media":0,"parent":223,"menu_order":0,"comment_status":"closed","ping_status":"closed","template":"","meta":[],"_links":{"self":[{"href":"http:\/\/colegiosanjosepontevedra.es\/index.php?rest_route=\/wp\/v2\/pages\/1182"}],"collection":[{"href":"http:\/\/colegiosanjosepontevedra.es\/index.php?rest_route=\/wp\/v2\/pages"}],"about":[{"href":"http:\/\/colegiosanjosepontevedra.es\/index.php?rest_route=\/wp\/v2\/types\/page"}],"author":[{"embeddable":true,"href":"http:\/\/colegiosanjosepontevedra.es\/index.php?rest_route=\/wp\/v2\/users\/2"}],"replies":[{"embeddable":true,"href":"http:\/\/colegiosanjosepontevedra.es\/index.php?rest_route=%2Fwp%2Fv2%2Fcomments&post=1182"}],"version-history":[{"count":4,"href":"http:\/\/colegiosanjosepontevedra.es\/index.php?rest_route=\/wp\/v2\/pages\/1182\/revisions"}],"predecessor-version":[{"id":1249,"href":"http:\/\/colegiosanjosepontevedra.es\/index.php?rest_route=\/wp\/v2\/pages\/1182\/revisions\/1249"}],"up":[{"embeddable":true,"href":"http:\/\/colegiosanjosepontevedra.es\/index.php?rest_route=\/wp\/v2\/pages\/223"}],"wp:attachment":[{"href":"http:\/\/colegiosanjosepontevedra.es\/index.php?rest_route=%2Fwp%2Fv2%2Fmedia&parent=1182"}],"curies":[{"name":"wp","href":"https:\/\/api.w.org\/{rel}","templated":true}]}}