{"id":16,"date":"2013-01-30T15:09:39","date_gmt":"2013-01-30T14:09:39","guid":{"rendered":"http:\/\/sinxelo.es\/colexiotest\/?page_id=16"},"modified":"2026-03-26T11:20:14","modified_gmt":"2026-03-26T11:20:14","slug":"comedor","status":"publish","type":"page","link":"http:\/\/colegiosanjosepontevedra.es\/?page_id=16","title":{"rendered":"Men\u00fa"},"content":{"rendered":"<p><a href=\"http:\/\/colegiosanjosepontevedra.es\/wp-content\/uploads\/2026\/03\/BASAL-ARUME-ABRIL-26.pdf\">Men\u00fa Abril 2026<\/a><\/p>\n<p><a href=\"http:\/\/colegiosanjosepontevedra.es\/wp-content\/uploads\/2026\/03\/BASAL-ARUME-SIN-20-MAR-26.pdf\">Men\u00fa Marzo 2026<\/a><\/p>\n<p><a href=\"http:\/\/colegiosanjosepontevedra.es\/wp-content\/uploads\/2026\/02\/BASAL-ARUME-sj-FEB-26.pdf\">Men\u00fa Febrero 2026<\/a><\/p>\n<p><a href=\"http:\/\/colegiosanjosepontevedra.es\/wp-content\/uploads\/2026\/01\/BASAL-ARUME-ENERO-26.pdf\">Men\u00fa Enero 2026<\/a><\/p>\n<p><a href=\"http:\/\/colegiosanjosepontevedra.es\/wp-content\/uploads\/2025\/12\/BASAL-ARUME-DIC-25.pdf\">Men\u00fa Diciembre 2025<\/a><\/p>\n<p><a href=\"http:\/\/colegiosanjosepontevedra.es\/wp-content\/uploads\/2025\/11\/BASAL-ARUME-NOV-25.pdf\">Men\u00fa Noviembre 2025<\/a><\/p>\n<p><a href=\"http:\/\/colegiosanjosepontevedra.es\/wp-content\/uploads\/2025\/09\/BASAL-ARUME-OCT-25.pdf\">Men\u00fa Octubre 2025<\/a><\/p>\n<p><a href=\"http:\/\/colegiosanjosepontevedra.es\/wp-content\/uploads\/2025\/09\/BASAL-ARUME-SEPT-25.pdf\">Men\u00fa Septiembre 2025<\/a><\/p>\n<p>\u00a0<\/p>\n<p style=\"text-align: left;\">\u00a0<\/p>\n\n\n<p><\/p>\n","protected":false},"excerpt":{"rendered":"<p>Men\u00fa Abril 2026 Men\u00fa Marzo 2026 Men\u00fa Febrero 2026 Men\u00fa Enero 2026 Men\u00fa Diciembre 2025 Men\u00fa Noviembre 2025 Men\u00fa Octubre 2025 Men\u00fa Septiembre 2025 \u00a0 \u00a0<\/p>\n","protected":false},"author":1,"featured_media":0,"parent":57,"menu_order":2,"comment_status":"open","ping_status":"closed","template":"","meta":[],"_links":{"self":[{"href":"http:\/\/colegiosanjosepontevedra.es\/index.php?rest_route=\/wp\/v2\/pages\/16"}],"collection":[{"href":"http:\/\/colegiosanjosepontevedra.es\/index.php?rest_route=\/wp\/v2\/pages"}],"about":[{"href":"http:\/\/colegiosanjosepontevedra.es\/index.php?rest_route=\/wp\/v2\/types\/page"}],"author":[{"embeddable":true,"href":"http:\/\/colegiosanjosepontevedra.es\/index.php?rest_route=\/wp\/v2\/users\/1"}],"replies":[{"embeddable":true,"href":"http:\/\/colegiosanjosepontevedra.es\/index.php?rest_route=%2Fwp%2Fv2%2Fcomments&post=16"}],"version-history":[{"count":109,"href":"http:\/\/colegiosanjosepontevedra.es\/index.php?rest_route=\/wp\/v2\/pages\/16\/revisions"}],"predecessor-version":[{"id":3446,"href":"http:\/\/colegiosanjosepontevedra.es\/index.php?rest_route=\/wp\/v2\/pages\/16\/revisions\/3446"}],"up":[{"embeddable":true,"href":"http:\/\/colegiosanjosepontevedra.es\/index.php?rest_route=\/wp\/v2\/pages\/57"}],"wp:attachment":[{"href":"http:\/\/colegiosanjosepontevedra.es\/index.php?rest_route=%2Fwp%2Fv2%2Fmedia&parent=16"}],"curies":[{"name":"wp","href":"https:\/\/api.w.org\/{rel}","templated":true}]}}