{"id":1631,"date":"2021-02-13T23:01:41","date_gmt":"2021-02-13T23:01:41","guid":{"rendered":"http:\/\/colegiosanjosepontevedra.es\/?page_id=1631"},"modified":"2021-03-01T15:53:34","modified_gmt":"2021-03-01T15:53:34","slug":"proyecto-educativo","status":"publish","type":"page","link":"http:\/\/colegiosanjosepontevedra.es\/?page_id=1631","title":{"rendered":"Proyecto educativo"},"content":{"rendered":"<p style=\"text-align: justify;\">CPR San Jos\u00e9. La puerta hacia\u00a0tu futuro<\/p>\n<p style=\"text-align: justify;\">Hay momentos en la vida que no se olvidan nunca, momentos que quedan para siempre y esos son los que creamos desde el momento en que nuestro alumnado entra en el cole.\u00a0Para nosotros es muy importante que vengan felices y contentos. Que se sientan queridos, respetados, valorados y seguros. Cada ni\u00f1o es \u00fanico y especial.<\/p>\n<p style=\"text-align: justify;\">Pretendemos crear una experiencia educativa cercana y personalizada para que crezcan felices y preparados para el mundo que un futuro les espera.<\/p>\n<p style=\"text-align: justify;\">Desde su entrada en infantil hasta finalizar primaria ofrecemos una educaci\u00f3n individualizada, adaptada a sus conocimientos y ritmos de aprendizaje, centrada en el pensar y el dejar hacer, en los valores, el juego, la lectura y los idiomas, fomentando la formaci\u00f3n de un alumnado aut\u00f3nomo y responsable capaz de afrontar cualquier dificultad de su vida diaria, haciendo hincapi\u00e9 en la tolerancia y la solidaridad, as\u00ed como en una vida saludable.<\/p>\n<p style=\"text-align: justify;\">Formamos alumnos y alumnas activos y comprometidos siguiendo una actividad educacional basada en proyectos con los que desarrollar la motivaci\u00f3n necesaria que aporte conocimientos m\u00faltiples dentro y fuera del aula. Les ofrecemos los mecanismos y herramientas para que aprendan a aprender, a hacer, a vivir en sociedad y que sean conscientes de sus capacidades y limitaciones .<\/p>\n<p style=\"text-align: justify;\">Sabemos los beneficios cognitivos que tiene aprender un nuevo idioma: mejora habilidades de pensamiento cr\u00edtico, mejora la capacidad de memoria, m\u00e1s creatividad. Con el fin de reforzar el aprendizaje en ingl\u00e9s de forma natural, el centro cuenta con una nativa que ayuda a nuestros alumnos a desarrollar las capacidades esenciales de comunicaci\u00f3n en esta lengua.<\/p>\n<p style=\"text-align: justify;\">Nos hemos adaptado a los nuevos avances tecnol\u00f3gicos posibilitando la creaci\u00f3n de nuevas herramientas y m\u00e9todos de estudio a fin de hacer de \u00e9ste un proceso interactivo, pr\u00e1ctico e, incluso, autodid\u00e1ctico. Todas nuestras aulas cuentan con una pantalla digital interactiva y hemos desarrollado una plataforma interactiva para cada clase donde situar actividades de apoyo al conocimiento en el aula. Aprender en el mundo de hoy es aprender con TiCS.<\/p>\n<p style=\"text-align: justify;\">El centro cuenta con especialistas para atender las necesidades espec\u00edficas de apoyo educativo del alumnado de forma individualizada. Somos conscientes de que cada ni\u00f1o y ni\u00f1a desarrolla sus habilidades y conocimientos de manera y ritmo diferente. El refuerzo educativo se lleva a cabo con el objetivo de alcanzar al final de la etapa un desarrollo competencial pleno, as\u00ed como, la consecuci\u00f3n de los objetivos de etapa.\u00a0La cooperaci\u00f3n e intercambio de informaci\u00f3n entre familia-escuela es fundamental tanto para el centro como para el alumno\/a, por ello proporcionamos ayuda a las familias aport\u00e1ndoles informaci\u00f3n, estrategias, apoyo&#8230;<\/p>\n<p style=\"text-align: justify;\">Desde nuestra biblioteca escolar emergen diferentes proyectos que fomentan el desarrollo lector y el proceso de lecto-escritura de nuestro alunado. Adem\u00e1s, esta se ha convertido en uno de los n\u00facleos del proceso de ense\u00f1anza y aprendizaje, dinamizando la lectura y escritura desde un punto de vista l\u00fadico y did\u00e1ctico a trav\u00e9s de actividades que mejoran la lectura, escritura y el procesamiento de la informaci\u00f3n. Entendemos la biblioteca como un centro de lectura, informaci\u00f3n y aprendizaje.<\/p>\n<p style=\"text-align: justify;\">Es adem\u00e1s, nuestro profundo deseo, inculcar en nuestro alumnado el gusto por la actividad f\u00edsica y el deporte, as\u00ed como por la alimentaci\u00f3n saludable.<\/p>\n<p style=\"text-align: justify;\">Contamos\u00a0con servicios de Plan Madruga, Comedor escolar, Plan Concilia y actividades extraescolares que permiten la conciliaci\u00f3n del centro y las familias.<\/p>\n<p style=\"text-align: justify;\">Las familias y nuestros alumnos y alumnas son lo m\u00e1s importante en el centro y por ello somos un centro muy familiar, que cuida en todo momento la educaci\u00f3n cooperativa y compaginada con las familias, Trabajamos de la mano por un fin com\u00fan que es la educaci\u00f3n de los ni\u00f1os\/as.<\/p>\n<p style=\"text-align: justify;\">\n","protected":false},"excerpt":{"rendered":"<p>CPR San Jos\u00e9. La puerta hacia\u00a0tu futuro Hay momentos en la vida que no se olvidan nunca, momentos que quedan para siempre y esos son los que creamos desde el momento en que nuestro alumnado entra en el cole.\u00a0Para nosotros es muy importante que vengan felices y contentos. Que se sientan queridos, respetados, valorados y seguros. Cada ni\u00f1o es \u00fanico &hellip; <a href=\"http:\/\/colegiosanjosepontevedra.es\/?page_id=1631\">Sigue leyendo <span class=\"meta-nav\">&rarr;<\/span><\/a><\/p>\n","protected":false},"author":1,"featured_media":0,"parent":0,"menu_order":0,"comment_status":"closed","ping_status":"closed","template":"","meta":[],"_links":{"self":[{"href":"http:\/\/colegiosanjosepontevedra.es\/index.php?rest_route=\/wp\/v2\/pages\/1631"}],"collection":[{"href":"http:\/\/colegiosanjosepontevedra.es\/index.php?rest_route=\/wp\/v2\/pages"}],"about":[{"href":"http:\/\/colegiosanjosepontevedra.es\/index.php?rest_route=\/wp\/v2\/types\/page"}],"author":[{"embeddable":true,"href":"http:\/\/colegiosanjosepontevedra.es\/index.php?rest_route=\/wp\/v2\/users\/1"}],"replies":[{"embeddable":true,"href":"http:\/\/colegiosanjosepontevedra.es\/index.php?rest_route=%2Fwp%2Fv2%2Fcomments&post=1631"}],"version-history":[{"count":7,"href":"http:\/\/colegiosanjosepontevedra.es\/index.php?rest_route=\/wp\/v2\/pages\/1631\/revisions"}],"predecessor-version":[{"id":1764,"href":"http:\/\/colegiosanjosepontevedra.es\/index.php?rest_route=\/wp\/v2\/pages\/1631\/revisions\/1764"}],"wp:attachment":[{"href":"http:\/\/colegiosanjosepontevedra.es\/index.php?rest_route=%2Fwp%2Fv2%2Fmedia&parent=1631"}],"curies":[{"name":"wp","href":"https:\/\/api.w.org\/{rel}","templated":true}]}}