{"id":1637,"date":"2021-02-13T23:07:54","date_gmt":"2021-02-13T23:07:54","guid":{"rendered":"http:\/\/colegiosanjosepontevedra.es\/?page_id=1637"},"modified":"2025-01-22T20:54:27","modified_gmt":"2025-01-22T20:54:27","slug":"educacion-primaria","status":"publish","type":"page","link":"http:\/\/colegiosanjosepontevedra.es\/?page_id=1637","title":{"rendered":"Educaci\u00f3n primaria"},"content":{"rendered":"<p>Educaci\u00f3n Primaria: Avanzando hacia el futuro<\/p>\n<p><img decoding=\"async\" loading=\"lazy\" class=\"alignnone size-full wp-image-1691\" src=\"http:\/\/colegiosanjosepontevedra.es\/wp-content\/uploads\/2021\/02\/IMG-20201203-WA0021.jpg\" alt=\"educaci\u00f3n primaria\" width=\"1385\" height=\"1101\" srcset=\"http:\/\/colegiosanjosepontevedra.es\/wp-content\/uploads\/2021\/02\/IMG-20201203-WA0021.jpg 1385w, http:\/\/colegiosanjosepontevedra.es\/wp-content\/uploads\/2021\/02\/IMG-20201203-WA0021-300x238.jpg 300w, http:\/\/colegiosanjosepontevedra.es\/wp-content\/uploads\/2021\/02\/IMG-20201203-WA0021-768x611.jpg 768w, http:\/\/colegiosanjosepontevedra.es\/wp-content\/uploads\/2021\/02\/IMG-20201203-WA0021-1024x814.jpg 1024w\" sizes=\"(max-width: 1385px) 100vw, 1385px\" \/><\/p>\n<p style=\"text-align: justify;\">El centro cuenta con seis aulas de educaci\u00f3n primaria, una por cada nivel.<\/p>\n<p style=\"text-align: justify;\">En el centro en esta etapa, al igual que ocurre en Educaci\u00f3n infantil, viviremos y compartiremos experiencias desde 1\u00ba a 6\u00ba.<\/p>\n<p style=\"text-align: justify;\">En esta etapa se pondr\u00e1 especial \u00e9nfasis en la atenci\u00f3n a la diversidad del alumnado, en la atenci\u00f3n individualizada y en la prevenci\u00f3n de las dificultades de aprendizaje en base a las competencias b\u00e1sicas. Nuestro colegio educa, no s\u00f3lo para el trabajo, sino para la vida. Por eso, fomentamos valores como el esfuerzo, la cooperaci\u00f3n, la igualdad, la responsabilidad, el respeto, la tolerancia, la diversidad y la convivencia en las aulas. La comprensi\u00f3n lectora, la expresi\u00f3n oral y escrita, la comunicaci\u00f3n audiovisual, as\u00ed como las tecnolog\u00edas de la informaci\u00f3n y la comunicaci\u00f3n se trabajar\u00e1n en todas las \u00e1reas. Adem\u00e1s, potenciaremos la educaci\u00f3n en valores, con especial referencia a la educaci\u00f3n en la convivencia escolar, familiar y social.<\/p>\n<p style=\"text-align: justify;\">Creamos h\u00e1bitos de trabajo individual y de equipo, para que\u00a0alumnos y alumnas vean en el esfuerzo y la responsabilidad la base para el estudio. Queremos\u00a0formar alumnado con sentido cr\u00edtico, que pueda confiar en todo momento en si mismo y sus posibilidades, tenga iniciativa, sea curioso\u2026<\/p>\n<p style=\"text-align: justify;\">Por medio del aprendizaje de manera cooperativa, las rutinas, el deporte, los idiomas\u2026 conociendo y valorando el entorno social, natural y cultural que les rodea estimulamos al alumnado, en colaboraci\u00f3n con el profesorado y las familias, para que se convierta en el protagonista de su aprendizaje y pueda ser independiente en el estudio y en su vida futura.<\/p>\n<p style=\"text-align: justify;\">Queremos\u00a0alumnos y alumnas activos, solidarios, que participan con todas las actividades culturales de su entorno, siendo respetuosos y colaborativos con aquellas personas que participan en su vida diaria, dentro y fuera del centro.<\/p>\n<p style=\"text-align: justify;\">Nuestro proyecto se centra en el trabajo cooperativo, donde cada uno tiene un rol y una participaci\u00f3n espec\u00edfica, creando una base de responsabilidad\u00a0 hacia el proceso de ense\u00f1anza-aprendizaje.<\/p>\n<p style=\"text-align: justify;\">Todas las aulas de primaria cuentan con una pantalla interactiva que sirve de apoyo en el desarrollo de las tecnolog\u00edas de la informaci\u00f3n y la comunicaci\u00f3n, como apoyo a la ense\u00f1anza social y cultural, como apoyo al desarrollo oral, \u2026<\/p>\n<p style=\"text-align: justify;\">Por medio del proyecto deportivo del centro, con el que empezamos a trabajar de manera m\u00e1s pasiva en la etapa de Educaci\u00f3n Infantil, desenvolvemos un respeto y utilizaci\u00f3n del deporte y la alimentaci\u00f3n saludable como medios para el desarrollo personal.<\/p>\n<p style=\"text-align: justify;\">Preparamos por todo ellos a nuestros alumnos para un mundo global, solidario y sostenible.<\/p>\n<p style=\"text-align: justify;\">Consideramos esencial la participaci\u00f3n de toda la comunidad educativa, por lo que tenemos en todo momento relaci\u00f3n directa con todas las familias. \u00a0El protagonismo activo de la familia y la atenci\u00f3n personalizada son herramientas\u00a0esenciales para desarrollar un proyecto educativo adaptado a las necesidades de los ni\u00f1os y las ni\u00f1as, respetando su ritmo individual y \u00fanico.<\/p>\n<p style=\"text-align: justify;\">Adem\u00e1s\u2026<\/p>\n<p style=\"text-align: justify;\">Teatro, danza, m\u00fasica, deporte, naturaleza\u2026: Las actividades did\u00e1cticas que realizamos durante todo el curso son el mejor medio para transferir los conocimientos adquiridos a otros contextos y entornos, teniendo contacto directo con lo que est\u00e1n aprendiendo.<\/p>\n<p style=\"text-align: justify;\">Jornadas festivas: a lo largo del curso escolar trabajamos distintas festividades con las que desarrollamos el respeto por nuestra cultura. Aprovechamos para trabajar la convivencia, el idioma y la participaci\u00f3n. En dichas jornadas (D\u00eda de la Paz, D\u00eda de la Educaci\u00f3n, Navidad, Carnavales, Dia de los derechos humanos\u2026) los alumnos y alumnas nos hacen part\u00edcipes de su ilusi\u00f3n e inocencia.<\/p>\n","protected":false},"excerpt":{"rendered":"<p>Educaci\u00f3n Primaria: Avanzando hacia el futuro El centro cuenta con seis aulas de educaci\u00f3n primaria, una por cada nivel. En el centro en esta etapa, al igual que ocurre en Educaci\u00f3n infantil, viviremos y compartiremos experiencias desde 1\u00ba a 6\u00ba. En esta etapa se pondr\u00e1 especial \u00e9nfasis en la atenci\u00f3n a la diversidad del alumnado, en la atenci\u00f3n individualizada y &hellip; <a href=\"http:\/\/colegiosanjosepontevedra.es\/?page_id=1637\">Sigue leyendo <span class=\"meta-nav\">&rarr;<\/span><\/a><\/p>\n","protected":false},"author":1,"featured_media":0,"parent":0,"menu_order":0,"comment_status":"closed","ping_status":"closed","template":"","meta":[],"_links":{"self":[{"href":"http:\/\/colegiosanjosepontevedra.es\/index.php?rest_route=\/wp\/v2\/pages\/1637"}],"collection":[{"href":"http:\/\/colegiosanjosepontevedra.es\/index.php?rest_route=\/wp\/v2\/pages"}],"about":[{"href":"http:\/\/colegiosanjosepontevedra.es\/index.php?rest_route=\/wp\/v2\/types\/page"}],"author":[{"embeddable":true,"href":"http:\/\/colegiosanjosepontevedra.es\/index.php?rest_route=\/wp\/v2\/users\/1"}],"replies":[{"embeddable":true,"href":"http:\/\/colegiosanjosepontevedra.es\/index.php?rest_route=%2Fwp%2Fv2%2Fcomments&post=1637"}],"version-history":[{"count":7,"href":"http:\/\/colegiosanjosepontevedra.es\/index.php?rest_route=\/wp\/v2\/pages\/1637\/revisions"}],"predecessor-version":[{"id":3081,"href":"http:\/\/colegiosanjosepontevedra.es\/index.php?rest_route=\/wp\/v2\/pages\/1637\/revisions\/3081"}],"wp:attachment":[{"href":"http:\/\/colegiosanjosepontevedra.es\/index.php?rest_route=%2Fwp%2Fv2%2Fmedia&parent=1637"}],"curies":[{"name":"wp","href":"https:\/\/api.w.org\/{rel}","templated":true}]}}