{"id":19,"date":"2013-01-30T16:20:09","date_gmt":"2013-01-30T15:20:09","guid":{"rendered":"http:\/\/sinxelo.es\/colexiotest\/?page_id=19"},"modified":"2026-02-23T16:38:25","modified_gmt":"2026-02-23T16:38:25","slug":"matricula","status":"publish","type":"page","link":"http:\/\/colegiosanjosepontevedra.es\/?page_id=19","title":{"rendered":"Admisi\u00f3n alumnado centro adscrito"},"content":{"rendered":"<p><strong>Proceso de reserva de plaza a centro adscrito (IES Valle Incl\u00e1n) 2026\/2027<\/strong><\/p>\n<p>Todo el alumnado que solicit\u00f3 el IES Valle Incl\u00e1n fue admitido.<\/p>\n<p>Fecha de inicio: 15 de enero de 2026<\/p>\n<p>Fecha fin: 4 de febrero de 2026<\/p>\n<p>Presentaci\u00f3n de solicitud:<\/p>\n<p>a) Presentaci\u00f3n <strong>electr\u00f3nica<\/strong> de solicitudes (ED550A):<\/p>\n<p>1\u00ba. La persona solicitante tiene que acceder a la aplicaci\u00f3n inform\u00e1tica admisionalumnado (https:\/\/www.edu.xunta.gal\/admisionalumnado\/) y cubrir el modelo ED550A &#8211; anexo I, para lo cual necesariamente tiene que disponer de un certificado de identidad y firma digital (como el certificado de la F\u00e1brica Nacional de Moneda y Timbre o cualquier otro admitido por la sed) o un sistema de usuario y clave como la Chave365.<\/p>\n<p>2\u00ba. Adem\u00e1s, tendr\u00e1n que cubrir el modelo anexo I-bis (comprobaci\u00f3n de datos y consentimiento), segundo corresponda, imprimirlo, y una vez firmado de forma manual por la otra persona progenitora, tutora o acogedora, escanearlo.<\/p>\n<p>3\u00ba. A seguir, la aplicaci\u00f3n permite conectar con la sede electr\u00f3nica de la Xunta de Galicia para firmar y presentar la solicitud utilizando cualquiera de los medios de identidad y firma del punto 1\u00ba. Junto con la solicitud deber\u00e1 acercar el anexo I-bis y el resto de documentaci\u00f3n que, de ser el caso, fuera precisa (libro de familia, sentencia de separaci\u00f3n, documentaci\u00f3n acreditativa del alumnado con necesidades espec\u00edficas&#8230;).<\/p>\n<p>4\u00ba. El justificante de la presentaci\u00f3n electr\u00f3nica de la solicitud (ED550A) solo se genera cuando la persona la firme y la presente a trav\u00e9s de la sede electr\u00f3nica de la Xunta de Galicia, e indica la fecha de presentaci\u00f3n.<\/p>\n<p>b) Presentaci\u00f3n <strong>presencial<\/strong> de solicitudes (ED550A):<\/p>\n<p>1\u00ba. La solicitud de reserva (ED550La) y el anexo I-bis, puede presentarse en el centro docente en el que est\u00e9 matriculado en ese momento el alumno. Se puede presentar en cualquiera de los lugares y registros establecidos en la normativa reguladora del procedimiento administrativo com\u00fan.<\/p>\n<p>2\u00ba. Tambi\u00e9n deber\u00e1 ir acompa\u00f1ada de la documentaci\u00f3n indicada en el anterior punto 3\u00ba de la letra a).<\/p>\n<p>3\u00ba. La asignaci\u00f3n aleatoria del n\u00famero a los efectos de desempate, se produce en el momento de la grabaci\u00f3n de la solicitud en la aplicaci\u00f3n admisionalumnado por parte del centro. Por lo tanto, si la grabaci\u00f3n es simult\u00e1nea a la presentaci\u00f3n, el centro le entrega a la persona solicitante el justificante generado en la aplicaci\u00f3n, que indicar\u00e1 la fecha de presentaci\u00f3n de la solicitud y el n\u00famero aleatorio asignado.<\/p>\n<p>En todo caso, tanto este n\u00famero como el estado de tramitaci\u00f3n de las solicitudes, podr\u00e1n consultarse en cualquier momento en la aplicaci\u00f3n admisionalumnado, mediante certificado digital o Chave365.<\/p>\n<p><a href=\"http:\/\/colegiosanjosepontevedra.es\/wp-content\/uploads\/2026\/01\/ED550A-C-2026-27.pdf\" rel=\"\">Solicitud en castellano &#8211; ED550A-C<\/a><\/p>\n<p style=\"text-align: justify;\"><a href=\"http:\/\/colegiosanjosepontevedra.es\/wp-content\/uploads\/2026\/01\/ED550A-G-2026-27.pdf\" rel=\"\">Solicitud en gallego &#8211; ED550A-G\u00a0<\/a><\/p>\n<p style=\"text-align: justify;\"><span style=\"font-size: revert; color: initial;\">Todo aquel alumnado que pretenda continuar sus estudios en el centro adscrito deber\u00e1 presentar, para efectos de reserva del mismo, en el centro de origen o a trav\u00e9s de la aplicaci\u00f3n \u00abadmisi\u00f3nalumnado\u00bb\u00a0<\/span><a style=\"font-size: revert;\" href=\"https:\/\/www.edu.xunta.es\/admisionalumnado\">https:\/\/www.edu.xunta.es\/admisionalumnado<\/a><span style=\"font-size: revert; color: initial;\">\u00a0el formulario anteriormente especificado.<\/span><\/p>\n","protected":false},"excerpt":{"rendered":"<p>Proceso de reserva de plaza a centro adscrito (IES Valle Incl\u00e1n) 2026\/2027 Todo el alumnado que solicit\u00f3 el IES Valle Incl\u00e1n fue admitido. Fecha de inicio: 15 de enero de 2026 Fecha fin: 4 de febrero de 2026 Presentaci\u00f3n de solicitud: a) Presentaci\u00f3n electr\u00f3nica de solicitudes (ED550A): 1\u00ba. La persona solicitante tiene que acceder a la aplicaci\u00f3n inform\u00e1tica admisionalumnado (https:\/\/www.edu.xunta.gal\/admisionalumnado\/) &hellip; <a href=\"http:\/\/colegiosanjosepontevedra.es\/?page_id=19\">Sigue leyendo <span class=\"meta-nav\">&rarr;<\/span><\/a><\/p>\n","protected":false},"author":1,"featured_media":0,"parent":0,"menu_order":3,"comment_status":"closed","ping_status":"closed","template":"","meta":[],"_links":{"self":[{"href":"http:\/\/colegiosanjosepontevedra.es\/index.php?rest_route=\/wp\/v2\/pages\/19"}],"collection":[{"href":"http:\/\/colegiosanjosepontevedra.es\/index.php?rest_route=\/wp\/v2\/pages"}],"about":[{"href":"http:\/\/colegiosanjosepontevedra.es\/index.php?rest_route=\/wp\/v2\/types\/page"}],"author":[{"embeddable":true,"href":"http:\/\/colegiosanjosepontevedra.es\/index.php?rest_route=\/wp\/v2\/users\/1"}],"replies":[{"embeddable":true,"href":"http:\/\/colegiosanjosepontevedra.es\/index.php?rest_route=%2Fwp%2Fv2%2Fcomments&post=19"}],"version-history":[{"count":67,"href":"http:\/\/colegiosanjosepontevedra.es\/index.php?rest_route=\/wp\/v2\/pages\/19\/revisions"}],"predecessor-version":[{"id":3405,"href":"http:\/\/colegiosanjosepontevedra.es\/index.php?rest_route=\/wp\/v2\/pages\/19\/revisions\/3405"}],"wp:attachment":[{"href":"http:\/\/colegiosanjosepontevedra.es\/index.php?rest_route=%2Fwp%2Fv2%2Fmedia&parent=19"}],"curies":[{"name":"wp","href":"https:\/\/api.w.org\/{rel}","templated":true}]}}