{"id":2081,"date":"2022-01-30T11:44:29","date_gmt":"2022-01-30T11:44:29","guid":{"rendered":"http:\/\/colegiosanjosepontevedra.es\/?page_id=2081"},"modified":"2026-01-25T18:28:15","modified_gmt":"2026-01-25T18:28:15","slug":"solicita-tu-cita-al-colegio-san-jose","status":"publish","type":"page","link":"http:\/\/colegiosanjosepontevedra.es\/?page_id=2081","title":{"rendered":"Solicita tu cita para visitar al Colegio San Jos\u00e9"},"content":{"rendered":"\n<p>Las visitas se realizar\u00e1n\u00a0de lunes a jueves en horario de 16.00 a 18.00h.<\/p>\n\n\n\n<p>Puedes pedir una cita cubriendo el siguiente formulario, a trav\u00e9s del tel\u00e9fono 650 869 147 o en nuestro correo cpr.sanjose.pontevedra@edu.xunta.gal; estaremos encantadas de acompa\u00f1arte y mostrarte el colegio. <\/p>\n\n\n<div class=\"wpforms-container wpforms-container-full formacrea\" id=\"wpforms-2035\"><form id=\"wpforms-form-2035\" class=\"wpforms-validate wpforms-form wpforms-ajax-form\" data-formid=\"2035\" method=\"post\" enctype=\"multipart\/form-data\" action=\"\/index.php?rest_route=%2Fwp%2Fv2%2Fpages%2F2081\" data-token=\"31e10bb486933082ae7b6b6bd0ab0f0a\"><noscript class=\"wpforms-error-noscript\">Por favor, activa JavaScript en tu navegador para completar este formulario.<\/noscript><div class=\"wpforms-field-container\"><div id=\"wpforms-2035-field_1-container\" class=\"wpforms-field wpforms-field-name\" data-field-id=\"1\"><label class=\"wpforms-field-label\" for=\"wpforms-2035-field_1\">Nombre <span class=\"wpforms-required-label\">*<\/span><\/label><div class=\"wpforms-field-row wpforms-field-medium\"><div class=\"wpforms-field-row-block wpforms-first wpforms-one-half\"><input type=\"text\" id=\"wpforms-2035-field_1\" class=\"wpforms-field-name-first wpforms-field-required\" name=\"wpforms[fields][1][first]\" required><label for=\"wpforms-2035-field_1\" class=\"wpforms-field-sublabel after \">Nombre<\/label><\/div><div class=\"wpforms-field-row-block wpforms-one-half\"><input type=\"text\" id=\"wpforms-2035-field_1-last\" class=\"wpforms-field-name-last wpforms-field-required\" name=\"wpforms[fields][1][last]\" required><label for=\"wpforms-2035-field_1-last\" class=\"wpforms-field-sublabel after \">Apellidos<\/label><\/div><\/div><\/div><div id=\"wpforms-2035-field_8-container\" class=\"wpforms-field wpforms-field-checkbox\" data-field-id=\"8\"><label class=\"wpforms-field-label\" for=\"wpforms-2035-field_8\">Elige el d\u00eda de la semana que te vendr\u00eda mejor y te contestaremos d\u00e1ndote una cita dentro de esos par\u00e1metros:<\/label><ul id=\"wpforms-2035-field_8\"><li class=\"choice-1 depth-1\"><input type=\"checkbox\" id=\"wpforms-2035-field_8_1\" name=\"wpforms[fields][8][]\" value=\"Lunes de 16.00h a 18.00h\"  ><label class=\"wpforms-field-label-inline\" for=\"wpforms-2035-field_8_1\">Lunes de 16.00h a 18.00h<\/label><\/li><li class=\"choice-2 depth-1\"><input type=\"checkbox\" id=\"wpforms-2035-field_8_2\" name=\"wpforms[fields][8][]\" value=\"Martes de 16.00h a 18.00h\"  ><label class=\"wpforms-field-label-inline\" for=\"wpforms-2035-field_8_2\">Martes de 16.00h a 18.00h<\/label><\/li><li class=\"choice-3 depth-1\"><input type=\"checkbox\" id=\"wpforms-2035-field_8_3\" name=\"wpforms[fields][8][]\" value=\"Mi\u00e9rcoles de 16.00h a 18.00h\"  ><label class=\"wpforms-field-label-inline\" for=\"wpforms-2035-field_8_3\">Mi\u00e9rcoles de 16.00h a 18.00h<\/label><\/li><li class=\"choice-4 depth-1\"><input type=\"checkbox\" id=\"wpforms-2035-field_8_4\" name=\"wpforms[fields][8][]\" value=\"Jueves de 16.00h a 18.00h\"  ><label class=\"wpforms-field-label-inline\" for=\"wpforms-2035-field_8_4\">Jueves de 16.00h a 18.00h<\/label><\/li><\/ul><\/div><div id=\"wpforms-2035-field_4-container\" class=\"wpforms-field wpforms-field-email\" data-field-id=\"4\"><label class=\"wpforms-field-label\" for=\"wpforms-2035-field_4\">Correo electr\u00f3nico <span class=\"wpforms-required-label\">*<\/span><\/label><input type=\"email\" id=\"wpforms-2035-field_4\" class=\"wpforms-field-medium wpforms-field-required\" name=\"wpforms[fields][4]\" required><\/div><div id=\"wpforms-2035-field_5-container\" class=\"wpforms-field wpforms-field-text\" data-field-id=\"5\"><label class=\"wpforms-field-label\" for=\"wpforms-2035-field_5\">Tel\u00e9fono de contacto <span class=\"wpforms-required-label\">*<\/span><\/label><input type=\"text\" id=\"wpforms-2035-field_5\" class=\"wpforms-field-small wpforms-field-required\" name=\"wpforms[fields][5]\" required><\/div><div id=\"wpforms-2035-field_7-container\" class=\"wpforms-field wpforms-field-textarea\" data-field-id=\"7\"><label class=\"wpforms-field-label\" for=\"wpforms-2035-field_7\">Comentarios<\/label><textarea id=\"wpforms-2035-field_7\" class=\"wpforms-field-medium\" name=\"wpforms[fields][7]\" ><\/textarea><\/div><div id=\"wpforms-2035-field_9-container\" class=\"wpforms-field wpforms-field-checkbox\" data-field-id=\"9\"><label class=\"wpforms-field-label\" for=\"wpforms-2035-field_9\">Protecci\u00f3n de datos personales<\/label><ul id=\"wpforms-2035-field_9\"><li class=\"choice-1 depth-1\"><input type=\"checkbox\" id=\"wpforms-2035-field_9_1\" name=\"wpforms[fields][9][]\" value=\"Acepto el tratamiento de datos para respuesta a consultas y recepci\u00f3n de comunicaciones\"  ><label class=\"wpforms-field-label-inline\" for=\"wpforms-2035-field_9_1\">Acepto el tratamiento de datos para respuesta a consultas y recepci\u00f3n de comunicaciones<\/label><\/li><\/ul><div class=\"wpforms-field-description\">Utilizaremos sus datos para responder consultas y enviar comunicaciones sobre nuestros servicios. Para\r\nm\u00e1s informaci\u00f3n sobre el tratamiento y sus derechos, consulte la <a href=\"https:\/\/colegiosanjosepontevedra.es\/?page_id=2710\">pol\u00edtica de privacidad<\/a>.<\/div><\/div><\/div><input type=\"hidden\" name=\"wpforms[recaptcha]\" value=\"\"><div class=\"wpforms-submit-container\"><input type=\"hidden\" name=\"wpforms[id]\" value=\"2035\"><input type=\"hidden\" name=\"wpforms[author]\" value=\"1\"><button type=\"submit\" name=\"wpforms[submit]\" id=\"wpforms-submit-2035\" class=\"wpforms-submit\" data-alt-text=\"Enviando...\" data-submit-text=\"Enviar\" aria-live=\"assertive\" value=\"wpforms-submit\">Enviar<\/button><img src=\"http:\/\/colegiosanjosepontevedra.es\/wp-content\/plugins\/wpforms-lite\/assets\/images\/submit-spin.svg\" class=\"wpforms-submit-spinner\" style=\"display: none;\" width=\"26\" height=\"26\" alt=\"\"><\/div><\/form><\/div>  <!-- .wpforms-container -->\n\n\n<p><\/p>\n","protected":false},"excerpt":{"rendered":"<p>Las visitas se realizar\u00e1n\u00a0de lunes a jueves en horario de 16.00 a 18.00h. Puedes pedir una cita cubriendo el siguiente formulario, a trav\u00e9s del tel\u00e9fono 650 869 147 o en nuestro correo cpr.sanjose.pontevedra@edu.xunta.gal; estaremos encantadas de acompa\u00f1arte y mostrarte el colegio.<\/p>\n","protected":false},"author":1,"featured_media":0,"parent":0,"menu_order":0,"comment_status":"closed","ping_status":"closed","template":"","meta":[],"_links":{"self":[{"href":"http:\/\/colegiosanjosepontevedra.es\/index.php?rest_route=\/wp\/v2\/pages\/2081"}],"collection":[{"href":"http:\/\/colegiosanjosepontevedra.es\/index.php?rest_route=\/wp\/v2\/pages"}],"about":[{"href":"http:\/\/colegiosanjosepontevedra.es\/index.php?rest_route=\/wp\/v2\/types\/page"}],"author":[{"embeddable":true,"href":"http:\/\/colegiosanjosepontevedra.es\/index.php?rest_route=\/wp\/v2\/users\/1"}],"replies":[{"embeddable":true,"href":"http:\/\/colegiosanjosepontevedra.es\/index.php?rest_route=%2Fwp%2Fv2%2Fcomments&post=2081"}],"version-history":[{"count":5,"href":"http:\/\/colegiosanjosepontevedra.es\/index.php?rest_route=\/wp\/v2\/pages\/2081\/revisions"}],"predecessor-version":[{"id":3377,"href":"http:\/\/colegiosanjosepontevedra.es\/index.php?rest_route=\/wp\/v2\/pages\/2081\/revisions\/3377"}],"wp:attachment":[{"href":"http:\/\/colegiosanjosepontevedra.es\/index.php?rest_route=%2Fwp%2Fv2%2Fmedia&parent=2081"}],"curies":[{"name":"wp","href":"https:\/\/api.w.org\/{rel}","templated":true}]}}