{"id":2237,"date":"2022-09-05T18:55:50","date_gmt":"2022-09-05T18:55:50","guid":{"rendered":"http:\/\/colegiosanjosepontevedra.es\/?page_id=2237"},"modified":"2025-09-04T16:27:45","modified_gmt":"2025-09-04T16:27:45","slug":"normas-de-centro","status":"publish","type":"page","link":"http:\/\/colegiosanjosepontevedra.es\/?page_id=2237","title":{"rendered":"Normas de centro"},"content":{"rendered":"\n<p>El colegio necesita una serie de normas que la ayuden a ordenar sus m\u00faltiples actividades para poder dar una formaci\u00f3n integral. Las normas de convivencia regulan las relaciones en el seno de la comunidad educativa para hacer m\u00e1s f\u00e1cil alcanzar los fines propios de la educaci\u00f3n.<br>Entendemos estas normas como apoyo para la creaci\u00f3n de un buen clima de trabajo y para poder educar personas aut\u00f3nomas, en un clima de libertad responsable, que haga posible una experiencia compartida de sociedad.<\/p>\n\n\n\n<p>Deberemos observar las normas generales de centro y las normas de aula como pautas de organizaci\u00f3n de Centro, esperando de toda la comunidad educativa la m\u00e1xima colaboraci\u00f3n en su cumplimiento.<\/p>\n\n\n\n<p><\/p>\n\n\n\n<p><br><a href=\"http:\/\/colegiosanjosepontevedra.es\/wp-content\/uploads\/2022\/09\/normas-generales.pdf\">Norma<\/a><a href=\"http:\/\/colegiosanjosepontevedra.es\/wp-content\/uploads\/2024\/09\/normas-generales.pdf\">s Generales de Centro<\/a><\/p>\n\n\n\n<p><\/p>\n\n\n\n<p><a href=\"http:\/\/colegiosanjosepontevedra.es\/wp-content\/uploads\/2025\/09\/Normas-de-4o-educacion-infantil-1.pdf\">Normas de Aula &#8211; 4\u00ba Educaci\u00f3n Infantil<\/a><\/p>\n\n\n\n<p><a href=\"http:\/\/colegiosanjosepontevedra.es\/wp-content\/uploads\/2025\/09\/5o-Educacion-Infantil-2.pdf\">Normas de Aula &#8211; 5\u00ba Educaci\u00f3n Infantil<\/a><\/p>\n\n\n\n<p><a href=\"http:\/\/colegiosanjosepontevedra.es\/wp-content\/uploads\/2025\/09\/6o-Educacion-infantil-1-1.pdf\">Normas de Aula &#8211; 6\u00ba Educaci\u00f3n Infantil<\/a><\/p>\n\n\n\n<p><a href=\"http:\/\/colegiosanjosepontevedra.es\/wp-content\/uploads\/2025\/09\/Normas-clase-1o-2-2.pdf\">Normas de Aula &#8211; 1\u00ba Educaci\u00f3n Primaria<\/a><\/p>\n\n\n\n<p><a href=\"http:\/\/colegiosanjosepontevedra.es\/wp-content\/uploads\/2025\/09\/Normas-clase-2o-2-2.pdf\">Normas de Aula &#8211; 2\u00ba Educaci\u00f3n Primaria<\/a><\/p>\n\n\n\n<p><a href=\"http:\/\/colegiosanjosepontevedra.es\/wp-content\/uploads\/2025\/09\/Normas-clase-3o-2-2.pdf\">Normas de Aula &#8211; 3\u00ba Educaci\u00f3n Primaria<\/a><\/p>\n\n\n\n<p><a href=\"http:\/\/colegiosanjosepontevedra.es\/wp-content\/uploads\/2023\/09\/Normas-clase-4o-1-1.pdf\">N<\/a><a href=\"http:\/\/colegiosanjosepontevedra.es\/wp-content\/uploads\/2025\/09\/Normas-clase-4o-2-2.pdf\">ormas de Aula &#8211; 4\u00ba Educaci\u00f3n Primaria<\/a><\/p>\n\n\n\n<p><a href=\"http:\/\/colegiosanjosepontevedra.es\/wp-content\/uploads\/2023\/09\/normas-clase-5o-1.pdf\">N<\/a><a href=\"http:\/\/colegiosanjosepontevedra.es\/wp-content\/uploads\/2025\/09\/normas-clase-5o-2-2.pdf\">ormas de Aula &#8211; 5\u00ba Educaci\u00f3n Primaria<\/a><\/p>\n\n\n\n<p><a href=\"http:\/\/colegiosanjosepontevedra.es\/wp-content\/uploads\/2025\/09\/normas-clase-6o-3-2.pdf\">Normas de Aula &#8211; 6\u00ba Educaci\u00f3n Primaria<\/a><br><br><br><\/p>\n","protected":false},"excerpt":{"rendered":"<p>El colegio necesita una serie de normas que la ayuden a ordenar sus m\u00faltiples actividades para poder dar una formaci\u00f3n integral. Las normas de convivencia regulan las relaciones en el seno de la comunidad educativa para hacer m\u00e1s f\u00e1cil alcanzar los fines propios de la educaci\u00f3n.Entendemos estas normas como apoyo para la creaci\u00f3n de un buen clima de trabajo y &hellip; <a href=\"http:\/\/colegiosanjosepontevedra.es\/?page_id=2237\">Sigue leyendo <span class=\"meta-nav\">&rarr;<\/span><\/a><\/p>\n","protected":false},"author":2,"featured_media":0,"parent":42,"menu_order":1,"comment_status":"closed","ping_status":"closed","template":"","meta":[],"_links":{"self":[{"href":"http:\/\/colegiosanjosepontevedra.es\/index.php?rest_route=\/wp\/v2\/pages\/2237"}],"collection":[{"href":"http:\/\/colegiosanjosepontevedra.es\/index.php?rest_route=\/wp\/v2\/pages"}],"about":[{"href":"http:\/\/colegiosanjosepontevedra.es\/index.php?rest_route=\/wp\/v2\/types\/page"}],"author":[{"embeddable":true,"href":"http:\/\/colegiosanjosepontevedra.es\/index.php?rest_route=\/wp\/v2\/users\/2"}],"replies":[{"embeddable":true,"href":"http:\/\/colegiosanjosepontevedra.es\/index.php?rest_route=%2Fwp%2Fv2%2Fcomments&post=2237"}],"version-history":[{"count":24,"href":"http:\/\/colegiosanjosepontevedra.es\/index.php?rest_route=\/wp\/v2\/pages\/2237\/revisions"}],"predecessor-version":[{"id":3228,"href":"http:\/\/colegiosanjosepontevedra.es\/index.php?rest_route=\/wp\/v2\/pages\/2237\/revisions\/3228"}],"up":[{"embeddable":true,"href":"http:\/\/colegiosanjosepontevedra.es\/index.php?rest_route=\/wp\/v2\/pages\/42"}],"wp:attachment":[{"href":"http:\/\/colegiosanjosepontevedra.es\/index.php?rest_route=%2Fwp%2Fv2%2Fmedia&parent=2237"}],"curies":[{"name":"wp","href":"https:\/\/api.w.org\/{rel}","templated":true}]}}