{"id":33,"date":"2013-01-30T16:30:55","date_gmt":"2013-01-30T15:30:55","guid":{"rendered":"http:\/\/sinxelo.es\/colexiotest\/?page_id=33"},"modified":"2021-02-15T17:38:23","modified_gmt":"2021-02-15T17:38:23","slug":"colegio","status":"publish","type":"page","link":"http:\/\/colegiosanjosepontevedra.es\/?page_id=33","title":{"rendered":"Colegio"},"content":{"rendered":"<p>CPR San Jos\u00e9 : Ense\u00f1anza Concertada<\/p>\n<p>&nbsp;<\/p>\n<p>Oferta Educativa:<\/p>\n<ul>\n<li>Educaci\u00f3n Primaria<\/li>\n<li>Educaci\u00f3n Infantil<\/li>\n<\/ul>\n<p>&nbsp;<\/p>\n<p>Especializaciones:<\/p>\n<ul>\n<li>Lengua Inglesa<\/li>\n<li>\u00a0Audici\u00f3n y Lenguaje<\/li>\n<li>\u00a0Pedagog\u00eda Terap\u00e9utica<\/li>\n<li>\u00a0Desarrollo Musical<\/li>\n<li>\u00a0Iniciaci\u00f3n al deporte<\/li>\n<\/ul>\n<p>&nbsp;<\/p>\n<p>Metodolog\u00eda:<\/p>\n<ul>\n<li>Metodolog\u00eda activa, creativa y eficaz<\/li>\n<li>\u00a0Aprendizaje mediante TIC<\/li>\n<li>\u00a0Fomento del deporte y la vida saludable<\/li>\n<li>\u00a0Trabajo por proyectos<\/li>\n<li>\u00a0Estimulaci\u00f3n del lenguaje<\/li>\n<li>\u00a0Animaci\u00f3n a la lectura<\/li>\n<li>\u00a0Relaci\u00f3n Individualizada con las familias<\/li>\n<li>\u00a0Educaci\u00f3n medioambiental<\/li>\n<\/ul>\n<p>&nbsp;<\/p>\n<p>Servicios:<\/p>\n<ul>\n<li>Plan madruga: Apertura del centro a las 7.45 h.<\/li>\n<li>\u00a0Punto de encuentro: Recogida de los alumnos y\u00a0 alumnas en la calle Sierra a las 8.50 h.<\/li>\n<li>Actividades complementarias (culturales, de valores, deportivas,&#8230;)<\/li>\n<li>\u00a0Comedor escolar<\/li>\n<li>\u00a0Conciliaci\u00f3n familiar: apertura del centro de 16.00 a 18.00 h. de lunes a jueves.<\/li>\n<li>\u00a0Formaci\u00f3n para las familias<\/li>\n<li>\u00a0Biblioteca escolar<\/li>\n<li>\u00a0Actividades extraescolares<\/li>\n<\/ul>\n<p>&nbsp;<\/p>\n<p>Adscrito al Instituto Valle Incl\u00e1n Pontevedra<\/p>\n<p>&nbsp;<\/p>\n<p>Declarado por la Xunta de Galicia como colegio de fomento de la actividad f\u00edsica y de adaptaci\u00f3n a una vida de estilo activo y saludable.<\/p>\n<p><img decoding=\"async\" loading=\"lazy\" class=\"alignnone size-medium wp-image-1030\" src=\"http:\/\/colegiosanjosepontevedra.es\/wp-content\/uploads\/2013\/01\/galicia-saudable-300x119.png\" alt=\"galicia saudable\" width=\"300\" height=\"119\" srcset=\"http:\/\/colegiosanjosepontevedra.es\/wp-content\/uploads\/2013\/01\/galicia-saudable-300x119.png 300w, http:\/\/colegiosanjosepontevedra.es\/wp-content\/uploads\/2013\/01\/galicia-saudable-768x304.png 768w, http:\/\/colegiosanjosepontevedra.es\/wp-content\/uploads\/2013\/01\/galicia-saudable-1024x406.png 1024w\" sizes=\"(max-width: 300px) 100vw, 300px\" \/><\/p>\n<p>&nbsp;<\/p>\n<p>Ubicaci\u00f3n:<\/p>\n<p>Calle Princesa 1, 36002 Pontevedra<\/p>\n<p><img decoding=\"async\" loading=\"lazy\" class=\"alignnone size-medium wp-image-1033\" src=\"http:\/\/colegiosanjosepontevedra.es\/wp-content\/uploads\/2013\/01\/mapa-cole-300x189.png\" alt=\"mapa cole\" width=\"300\" height=\"189\" srcset=\"http:\/\/colegiosanjosepontevedra.es\/wp-content\/uploads\/2013\/01\/mapa-cole-300x189.png 300w, http:\/\/colegiosanjosepontevedra.es\/wp-content\/uploads\/2013\/01\/mapa-cole.png 450w\" sizes=\"(max-width: 300px) 100vw, 300px\" \/><\/p>\n<p>&nbsp;<\/p>\n<p>Tel\u00e9fonos : 986861990\/650869147\u00a0\u00a0<img decoding=\"async\" loading=\"lazy\" class=\"alignnone wp-image-1035\" src=\"http:\/\/colegiosanjosepontevedra.es\/wp-content\/uploads\/2013\/01\/379-logo-whatsapp-jpg-300x219.jpg\" alt=\"379-logo-whatsapp-jpg\" width=\"34\" height=\"25\" srcset=\"http:\/\/colegiosanjosepontevedra.es\/wp-content\/uploads\/2013\/01\/379-logo-whatsapp-jpg-300x219.jpg 300w, http:\/\/colegiosanjosepontevedra.es\/wp-content\/uploads\/2013\/01\/379-logo-whatsapp-jpg.jpg 400w\" sizes=\"(max-width: 34px) 100vw, 34px\" \/><\/p>\n<p>cpr.sanjose.pontevedra@edu.xunta.es<\/p>\n<p>colexiosanjose@hotmail.com<\/p>\n<p>Fax: 986850751<\/p>\n<p>&nbsp;<\/p>\n<p>&nbsp;<\/p>\n<p>&nbsp;<\/p>\n<p>&nbsp;<\/p>\n<p>&nbsp;<\/p>\n<p>&nbsp;<\/p>\n","protected":false},"excerpt":{"rendered":"<p>CPR San Jos\u00e9 : Ense\u00f1anza Concertada &nbsp; Oferta Educativa: Educaci\u00f3n Primaria Educaci\u00f3n Infantil &nbsp; Especializaciones: Lengua Inglesa \u00a0Audici\u00f3n y Lenguaje \u00a0Pedagog\u00eda Terap\u00e9utica \u00a0Desarrollo Musical \u00a0Iniciaci\u00f3n al deporte &nbsp; Metodolog\u00eda: Metodolog\u00eda activa, creativa y eficaz \u00a0Aprendizaje mediante TIC \u00a0Fomento del deporte y la vida saludable \u00a0Trabajo por proyectos \u00a0Estimulaci\u00f3n del lenguaje \u00a0Animaci\u00f3n a la lectura \u00a0Relaci\u00f3n Individualizada con las familias \u00a0Educaci\u00f3n &hellip; <a href=\"http:\/\/colegiosanjosepontevedra.es\/?page_id=33\">Sigue leyendo <span class=\"meta-nav\">&rarr;<\/span><\/a><\/p>\n","protected":false},"author":1,"featured_media":0,"parent":0,"menu_order":0,"comment_status":"closed","ping_status":"closed","template":"","meta":[],"_links":{"self":[{"href":"http:\/\/colegiosanjosepontevedra.es\/index.php?rest_route=\/wp\/v2\/pages\/33"}],"collection":[{"href":"http:\/\/colegiosanjosepontevedra.es\/index.php?rest_route=\/wp\/v2\/pages"}],"about":[{"href":"http:\/\/colegiosanjosepontevedra.es\/index.php?rest_route=\/wp\/v2\/types\/page"}],"author":[{"embeddable":true,"href":"http:\/\/colegiosanjosepontevedra.es\/index.php?rest_route=\/wp\/v2\/users\/1"}],"replies":[{"embeddable":true,"href":"http:\/\/colegiosanjosepontevedra.es\/index.php?rest_route=%2Fwp%2Fv2%2Fcomments&post=33"}],"version-history":[{"count":7,"href":"http:\/\/colegiosanjosepontevedra.es\/index.php?rest_route=\/wp\/v2\/pages\/33\/revisions"}],"predecessor-version":[{"id":1719,"href":"http:\/\/colegiosanjosepontevedra.es\/index.php?rest_route=\/wp\/v2\/pages\/33\/revisions\/1719"}],"wp:attachment":[{"href":"http:\/\/colegiosanjosepontevedra.es\/index.php?rest_route=%2Fwp%2Fv2%2Fmedia&parent=33"}],"curies":[{"name":"wp","href":"https:\/\/api.w.org\/{rel}","templated":true}]}}