{"id":42,"date":"2013-01-30T16:36:12","date_gmt":"2013-01-30T16:36:12","guid":{"rendered":"http:\/\/sinxelo.es\/colexiotest\/?page_id=42"},"modified":"2021-02-07T18:22:02","modified_gmt":"2021-02-07T18:22:02","slug":"colegio","status":"publish","type":"page","link":"http:\/\/colegiosanjosepontevedra.es\/?page_id=42","title":{"rendered":"Ense\u00f1anza"},"content":{"rendered":"<p>CPR San Jos\u00e9 : Ense\u00f1anza Concertada<\/p>\n<p>Oferta Educativa:<\/p>\n<ul>\n<li>Educaci\u00f3n Primaria<\/li>\n<li>Educaci\u00f3n Infantil<\/li>\n<\/ul>\n<p>Especializaciones:<\/p>\n<ul>\n<li>Lengua Inglesa<\/li>\n<li>\u00a0Audici\u00f3n y Lenguaje<\/li>\n<li>\u00a0Pedagog\u00eda Terap\u00e9utica<\/li>\n<li>\u00a0Desarrollo Musical<\/li>\n<li>\u00a0Iniciaci\u00f3n al deporte<\/li>\n<\/ul>\n<p>Metodolog\u00eda:<\/p>\n<ul>\n<li>Educaci\u00f3n integral, centrada en el alumno<\/li>\n<li>Aprendizaje cooperativo<\/li>\n<li>Confianza, comunicaci\u00f3n y apoyo<\/li>\n<li>Metodolog\u00eda activa, creativa y eficaz<\/li>\n<li>\u00a0Aprendizaje mediante TIC<\/li>\n<li>\u00a0Fomento del deporte y la vida saludable<\/li>\n<li>\u00a0Trabajo por proyectos<\/li>\n<li>\u00a0Estimulaci\u00f3n del lenguaje<\/li>\n<li>\u00a0Animaci\u00f3n a la lectura<\/li>\n<li>\u00a0Relaci\u00f3n Individualizada con las familias<\/li>\n<li>\u00a0Educaci\u00f3n medioambiental<\/li>\n<\/ul>\n<p>Servicios:<\/p>\n<ul>\n<li>Plan madruga: Apertura del centro a las 7.45 h.<\/li>\n<li>\u00a0Punto de encuentro: Acompa\u00f1amiento de los alumnos desde la calle Sierra a las 8.50 h hasta el centro.<\/li>\n<li>Actividades complementarias (culturales, de valores, deportivas&#8230;)<\/li>\n<li>\u00a0Comedor escolar<\/li>\n<li>\u00a0Conciliaci\u00f3n familiar: apertura del centro de 16.00 a 18.00 h. de lunes a jueves.<\/li>\n<li>\u00a0Formaci\u00f3n para las familias<\/li>\n<li>\u00a0Biblioteca escolar<\/li>\n<li>\u00a0Actividades extraescolares<\/li>\n<\/ul>\n<p>&nbsp;<\/p>\n<p>Adscrito al Instituto Valle Incl\u00e1n Pontevedra.<\/p>\n<p>&nbsp;<\/p>\n<div>\n<p>&nbsp;<\/p>\n<p>&nbsp;<\/p>\n<p>&nbsp;<\/p>\n<\/div>\n","protected":false},"excerpt":{"rendered":"<p>CPR San Jos\u00e9 : Ense\u00f1anza Concertada Oferta Educativa: Educaci\u00f3n Primaria Educaci\u00f3n Infantil Especializaciones: Lengua Inglesa \u00a0Audici\u00f3n y Lenguaje \u00a0Pedagog\u00eda Terap\u00e9utica \u00a0Desarrollo Musical \u00a0Iniciaci\u00f3n al deporte Metodolog\u00eda: Educaci\u00f3n integral, centrada en el alumno Aprendizaje cooperativo Confianza, comunicaci\u00f3n y apoyo Metodolog\u00eda activa, creativa y eficaz \u00a0Aprendizaje mediante TIC \u00a0Fomento del deporte y la vida saludable \u00a0Trabajo por proyectos \u00a0Estimulaci\u00f3n del lenguaje \u00a0Animaci\u00f3n &hellip; <a href=\"http:\/\/colegiosanjosepontevedra.es\/?page_id=42\">Sigue leyendo <span class=\"meta-nav\">&rarr;<\/span><\/a><\/p>\n","protected":false},"author":1,"featured_media":0,"parent":33,"menu_order":1,"comment_status":"closed","ping_status":"closed","template":"","meta":[],"_links":{"self":[{"href":"http:\/\/colegiosanjosepontevedra.es\/index.php?rest_route=\/wp\/v2\/pages\/42"}],"collection":[{"href":"http:\/\/colegiosanjosepontevedra.es\/index.php?rest_route=\/wp\/v2\/pages"}],"about":[{"href":"http:\/\/colegiosanjosepontevedra.es\/index.php?rest_route=\/wp\/v2\/types\/page"}],"author":[{"embeddable":true,"href":"http:\/\/colegiosanjosepontevedra.es\/index.php?rest_route=\/wp\/v2\/users\/1"}],"replies":[{"embeddable":true,"href":"http:\/\/colegiosanjosepontevedra.es\/index.php?rest_route=%2Fwp%2Fv2%2Fcomments&post=42"}],"version-history":[{"count":7,"href":"http:\/\/colegiosanjosepontevedra.es\/index.php?rest_route=\/wp\/v2\/pages\/42\/revisions"}],"predecessor-version":[{"id":1586,"href":"http:\/\/colegiosanjosepontevedra.es\/index.php?rest_route=\/wp\/v2\/pages\/42\/revisions\/1586"}],"up":[{"embeddable":true,"href":"http:\/\/colegiosanjosepontevedra.es\/index.php?rest_route=\/wp\/v2\/pages\/33"}],"wp:attachment":[{"href":"http:\/\/colegiosanjosepontevedra.es\/index.php?rest_route=%2Fwp%2Fv2%2Fmedia&parent=42"}],"curies":[{"name":"wp","href":"https:\/\/api.w.org\/{rel}","templated":true}]}}