{"id":48,"date":"2013-01-30T16:41:58","date_gmt":"2013-01-30T15:41:58","guid":{"rendered":"http:\/\/sinxelo.es\/colexiotest\/?page_id=48"},"modified":"2025-09-17T16:56:38","modified_gmt":"2025-09-17T16:56:38","slug":"profesorado","status":"publish","type":"page","link":"http:\/\/colegiosanjosepontevedra.es\/?page_id=48","title":{"rendered":"Profesorado"},"content":{"rendered":"<h2><span style=\"text-decoration: underline;\"><em><strong><span style=\"font-size: small;\">EQUIPO DIRECTIVO Y DOCENTES<\/span><\/strong><\/em><\/span><\/h2>\n<div>\n<table border=\"0\" cellspacing=\"0\" cellpadding=\"5\">\n<tbody>\n<tr>\n<td>\n<div>\n<p><span style=\"text-decoration: underline;\">EQUIPO DIRECTIVO<\/span><\/p>\n<p>&#8211; Directora:\u00a0Beatriz Vidal Fern\u00e1ndez<\/p>\n<p>&#8211; Secretaria: Ana G\u00f3mez Mir\u00f3n<\/p>\n<p>&#8211; Jefe de Estudios: Mar\u00eda Gamallo Sol\u00f3rzano<\/p>\n<p><span style=\"text-decoration: underline;\">DOCENTES<\/span><\/p>\n<p>Ana G\u00f3mez Mir\u00f3n : 4\u00ba Educaci\u00f3n Infantil<\/p>\n<p>Mar\u00eda Gamallo Sol\u00f3rzano: 5\u00ba Educaci\u00f3n Infantil<\/p>\n<p>Pilar Garc\u00eda Pinal: 6\u00ba Educaci\u00f3n Infantil<\/p>\n<p>Elisa Castillo Garc\u00eda : 1\u00ba Educaci\u00f3n Primaria<\/p>\n<p>Patricia Novoa Abelleira: 2\u00ba Educaci\u00f3n Primaria<\/p>\n<p>Naroa Castrelo Ulacia: 3\u00ba Educaci\u00f3n Primaria<\/p>\n<p>Beatriz Vidal Fern\u00e1ndez: 4\u00ba Educaci\u00f3n Primaria<\/p>\n<p>Mar\u00eda Vidal Fern\u00e1ndez: 5\u00ba Educaci\u00f3n Primaria<\/p>\n<p>Patricia V\u00e1zquez Fern\u00e1ndez: 6\u00ba Educaci\u00f3n Primaria<\/p>\n<\/div>\n<p>Paula Malvar Rodas : Audici\u00f3n y lenguaje \/ Pedagog\u00eda Terap\u00e9utica<\/p>\n<div>\n<p>Gonzalo Jara Fern\u00e1ndez: Educaci\u00f3n F\u00edsica<\/p>\n<p>Teresa Dom\u00ednguez Dom\u00ednguez: Lengua Inglesa<\/p>\n<\/div>\n<\/td>\n<\/tr>\n<\/tbody>\n<\/table>\n<\/div>\n","protected":false},"excerpt":{"rendered":"<p>EQUIPO DIRECTIVO Y DOCENTES EQUIPO DIRECTIVO &#8211; Directora:\u00a0Beatriz Vidal Fern\u00e1ndez &#8211; Secretaria: Ana G\u00f3mez Mir\u00f3n &#8211; Jefe de Estudios: Mar\u00eda Gamallo Sol\u00f3rzano DOCENTES Ana G\u00f3mez Mir\u00f3n : 4\u00ba Educaci\u00f3n Infantil Mar\u00eda Gamallo Sol\u00f3rzano: 5\u00ba Educaci\u00f3n Infantil Pilar Garc\u00eda Pinal: 6\u00ba Educaci\u00f3n Infantil Elisa Castillo Garc\u00eda : 1\u00ba Educaci\u00f3n Primaria Patricia Novoa Abelleira: 2\u00ba Educaci\u00f3n Primaria Naroa Castrelo Ulacia: 3\u00ba Educaci\u00f3n &hellip; <a href=\"http:\/\/colegiosanjosepontevedra.es\/?page_id=48\">Sigue leyendo <span class=\"meta-nav\">&rarr;<\/span><\/a><\/p>\n","protected":false},"author":1,"featured_media":0,"parent":33,"menu_order":2,"comment_status":"closed","ping_status":"closed","template":"","meta":[],"_links":{"self":[{"href":"http:\/\/colegiosanjosepontevedra.es\/index.php?rest_route=\/wp\/v2\/pages\/48"}],"collection":[{"href":"http:\/\/colegiosanjosepontevedra.es\/index.php?rest_route=\/wp\/v2\/pages"}],"about":[{"href":"http:\/\/colegiosanjosepontevedra.es\/index.php?rest_route=\/wp\/v2\/types\/page"}],"author":[{"embeddable":true,"href":"http:\/\/colegiosanjosepontevedra.es\/index.php?rest_route=\/wp\/v2\/users\/1"}],"replies":[{"embeddable":true,"href":"http:\/\/colegiosanjosepontevedra.es\/index.php?rest_route=%2Fwp%2Fv2%2Fcomments&post=48"}],"version-history":[{"count":12,"href":"http:\/\/colegiosanjosepontevedra.es\/index.php?rest_route=\/wp\/v2\/pages\/48\/revisions"}],"predecessor-version":[{"id":3209,"href":"http:\/\/colegiosanjosepontevedra.es\/index.php?rest_route=\/wp\/v2\/pages\/48\/revisions\/3209"}],"up":[{"embeddable":true,"href":"http:\/\/colegiosanjosepontevedra.es\/index.php?rest_route=\/wp\/v2\/pages\/33"}],"wp:attachment":[{"href":"http:\/\/colegiosanjosepontevedra.es\/index.php?rest_route=%2Fwp%2Fv2%2Fmedia&parent=48"}],"curies":[{"name":"wp","href":"https:\/\/api.w.org\/{rel}","templated":true}]}}