{"id":1261,"date":"2020-06-25T11:19:07","date_gmt":"2020-06-25T11:19:07","guid":{"rendered":"http:\/\/colegiosanjosepontevedra.es\/?page_id=1261"},"modified":"2023-06-21T15:14:53","modified_gmt":"2023-06-21T15:14:53","slug":"matricula-2","status":"publish","type":"page","link":"https:\/\/colegiosanjosepontevedra.es\/?page_id=1261","title":{"rendered":"Matr\u00edcula"},"content":{"rendered":"<p><strong>Formalizaci\u00f3n de matr\u00edcula para el curso 2023-2024<\/strong><\/p>\n<p>Fechas: del 20 al 30 de junio de 2023<\/p>\n<p>Anexos:<\/p>\n<ul>\n<li><a href=\"http:\/\/colegiosanjosepontevedra.es\/wp-content\/uploads\/2022\/06\/Anexo-III-1-Fomalizacion-de-matricula-CPR-San-Jose.pdf\">Formalizaci\u00f3n de matr\u00edcula\u00a0<\/a><\/li>\n<li><a href=\"http:\/\/colegiosanjosepontevedra.es\/wp-content\/uploads\/2022\/06\/Cuestionario_familias_galego1.pdf\">Cuestionario lengua materna<\/a> (necesario para alumnado de 4\u00ba Educaci\u00f3n Infantil)<\/li>\n<\/ul>\n<p><strong>Formalizaci\u00f3n de matr\u00edcula para el curso 2022-2023<\/strong><\/p>\n<p>Fechas: del 20 al 30 de junio de 2022<\/p>\n<p>Anexos:<\/p>\n<ul>\n<li><a href=\"http:\/\/colegiosanjosepontevedra.es\/wp-content\/uploads\/2022\/06\/Anexo-III-1-Fomalizacion-de-matricula-CPR-San-Jose.pdf\">Formalizaci\u00f3n de matr\u00edcula\u00a0<\/a><\/li>\n<li><a href=\"http:\/\/colegiosanjosepontevedra.es\/wp-content\/uploads\/2022\/06\/Cuestionario_familias_galego1.pdf\">Cuestionario lengua materna<\/a> (necesario para alumnado de 4\u00ba Educaci\u00f3n Infantil)<\/li>\n<\/ul>\n<p><strong>Formalizaci\u00f3n de matr\u00edcula para el curso 2021 2022<\/strong><\/p>\n<p>Fechas: del 20 al 30 de junio de 2021<\/p>\n<p>Alumnos admitidos en el centro para 2020 2021<\/p>\n<ul>\n<li>\u00a0Del 1 al 10 de julio : formalizaci\u00f3n de matr\u00edcula.<\/li>\n<\/ul>\n<p><a href=\"http:\/\/colegiosanjosepontevedra.es\/wp-content\/uploads\/2020\/06\/Anexo-formalizacion-matricula-infantil-y-primaria.pdf\" rel=\"\">Anexo formalizaci\u00f3n matricula infantil y primaria<\/a> (editable)<\/p>\n<p>Horario para formalizaci\u00f3n de matricula: 10.00 a 13.00h. Dentro de lo posible, por favor, pidan cita para evitar aglomeraciones.<\/p>\n<p>La matr\u00edcula para el curso 2020 2021 de los alumnos que ya est\u00e1n matriculados en el centro se har\u00e1 de manera autom\u00e1tica. Si existe alguna modificaci\u00f3n en los datos del alumno\/a, por favor env\u00eden al centro dichos datos para actualizarlos.<\/p>\n","protected":false},"excerpt":{"rendered":"<p>Formalizaci\u00f3n de matr\u00edcula para el curso 2023-2024 Fechas: del 20 al 30 de junio de 2023 Anexos: Formalizaci\u00f3n de matr\u00edcula\u00a0 Cuestionario lengua materna (necesario para alumnado de 4\u00ba Educaci\u00f3n Infantil) Formalizaci\u00f3n de matr\u00edcula para el curso 2022-2023 Fechas: del 20 al 30 de junio de 2022 Anexos: Formalizaci\u00f3n de matr\u00edcula\u00a0 Cuestionario lengua materna (necesario para alumnado de 4\u00ba Educaci\u00f3n Infantil) &hellip; <a href=\"https:\/\/colegiosanjosepontevedra.es\/?page_id=1261\">Sigue leyendo <span class=\"meta-nav\">&rarr;<\/span><\/a><\/p>\n","protected":false},"author":2,"featured_media":0,"parent":0,"menu_order":0,"comment_status":"closed","ping_status":"closed","template":"","meta":[],"_links":{"self":[{"href":"https:\/\/colegiosanjosepontevedra.es\/index.php?rest_route=\/wp\/v2\/pages\/1261"}],"collection":[{"href":"https:\/\/colegiosanjosepontevedra.es\/index.php?rest_route=\/wp\/v2\/pages"}],"about":[{"href":"https:\/\/colegiosanjosepontevedra.es\/index.php?rest_route=\/wp\/v2\/types\/page"}],"author":[{"embeddable":true,"href":"https:\/\/colegiosanjosepontevedra.es\/index.php?rest_route=\/wp\/v2\/users\/2"}],"replies":[{"embeddable":true,"href":"https:\/\/colegiosanjosepontevedra.es\/index.php?rest_route=%2Fwp%2Fv2%2Fcomments&post=1261"}],"version-history":[{"count":4,"href":"https:\/\/colegiosanjosepontevedra.es\/index.php?rest_route=\/wp\/v2\/pages\/1261\/revisions"}],"predecessor-version":[{"id":2566,"href":"https:\/\/colegiosanjosepontevedra.es\/index.php?rest_route=\/wp\/v2\/pages\/1261\/revisions\/2566"}],"wp:attachment":[{"href":"https:\/\/colegiosanjosepontevedra.es\/index.php?rest_route=%2Fwp%2Fv2%2Fmedia&parent=1261"}],"curies":[{"name":"wp","href":"https:\/\/api.w.org\/{rel}","templated":true}]}}