{"id":1371,"date":"2020-09-08T16:44:53","date_gmt":"2020-09-08T16:44:53","guid":{"rendered":"http:\/\/colegiosanjosepontevedra.es\/?page_id=1371"},"modified":"2026-03-04T10:17:26","modified_gmt":"2026-03-04T10:17:26","slug":"plan-madruga","status":"publish","type":"page","link":"https:\/\/colegiosanjosepontevedra.es\/?page_id=1371","title":{"rendered":"Plan Madruga"},"content":{"rendered":"<p>El centro dispone del servicio de Plan Madruga para todos los niveles.<\/p>\n<p>NO posibilidad de almuerzo.<\/p>\n<p>Horario: 7.45 a 8.55h.\u00a0 (con flexibilidad de entrada)<\/p>\n<p>El servicio est\u00e1 gestionado por el centro en colaboraci\u00f3n con la empresa Falkatruadas (Hugo Dur\u00e1n \u00c1lvarez).<\/p>\n<p>El servicio contar\u00e1 con monitores titulados que llevar\u00e1n a cabo juegos, actividades manuales&#8230;<\/p>\n<p>El aula del Plan Madruga est\u00e1 enfocada para poder compatibilizar la vida laboral y familiar de todos los alumnos, padres, madres o tutores.<\/p>\n<p>1 d\u00eda a la semana: 6 euros al mes<\/p>\n<p>2 d\u00edas a la semana: 12 euros al mes<\/p>\n<p>3 d\u00edas a la semana: 18 euros al mes<\/p>\n<p>4 d\u00edas a\u00a0 la semana: 23 euros al mes<\/p>\n<p>5 d\u00edas a la semana: 27 euros al mes<\/p>\n<p>Todos aquellos que necesiten un d\u00eda espor\u00e1dico podr\u00e1n contar con el servicio, con aviso previo. Precio: 3 euros.<\/p>\n<p><a href=\"http:\/\/colegiosanjosepontevedra.es\/wp-content\/uploads\/2020\/09\/Plan-Madruga-incripcion.pdf\" rel=\"\">Inscripci\u00f3n Plan Madruga<\/a><\/p>\n<p>Queremos informamos de que, a partir del curso 2026-2027, el horario del Plan Madruga se ver\u00e1 ampliado con el fin de facilitar la conciliaci\u00f3n familiar. De este modo, el servicio estar\u00e1 disponible desde las 7:30 h hasta las 8:55 h.<\/p>\n","protected":false},"excerpt":{"rendered":"<p>El centro dispone del servicio de Plan Madruga para todos los niveles. NO posibilidad de almuerzo. Horario: 7.45 a 8.55h.\u00a0 (con flexibilidad de entrada) El servicio est\u00e1 gestionado por el centro en colaboraci\u00f3n con la empresa Falkatruadas (Hugo Dur\u00e1n \u00c1lvarez). El servicio contar\u00e1 con monitores titulados que llevar\u00e1n a cabo juegos, actividades manuales&#8230; El aula del Plan Madruga est\u00e1 enfocada &hellip; <a href=\"https:\/\/colegiosanjosepontevedra.es\/?page_id=1371\">Sigue leyendo <span class=\"meta-nav\">&rarr;<\/span><\/a><\/p>\n","protected":false},"author":2,"featured_media":0,"parent":0,"menu_order":0,"comment_status":"closed","ping_status":"closed","template":"","meta":[],"_links":{"self":[{"href":"https:\/\/colegiosanjosepontevedra.es\/index.php?rest_route=\/wp\/v2\/pages\/1371"}],"collection":[{"href":"https:\/\/colegiosanjosepontevedra.es\/index.php?rest_route=\/wp\/v2\/pages"}],"about":[{"href":"https:\/\/colegiosanjosepontevedra.es\/index.php?rest_route=\/wp\/v2\/types\/page"}],"author":[{"embeddable":true,"href":"https:\/\/colegiosanjosepontevedra.es\/index.php?rest_route=\/wp\/v2\/users\/2"}],"replies":[{"embeddable":true,"href":"https:\/\/colegiosanjosepontevedra.es\/index.php?rest_route=%2Fwp%2Fv2%2Fcomments&post=1371"}],"version-history":[{"count":6,"href":"https:\/\/colegiosanjosepontevedra.es\/index.php?rest_route=\/wp\/v2\/pages\/1371\/revisions"}],"predecessor-version":[{"id":3438,"href":"https:\/\/colegiosanjosepontevedra.es\/index.php?rest_route=\/wp\/v2\/pages\/1371\/revisions\/3438"}],"wp:attachment":[{"href":"https:\/\/colegiosanjosepontevedra.es\/index.php?rest_route=%2Fwp%2Fv2%2Fmedia&parent=1371"}],"curies":[{"name":"wp","href":"https:\/\/api.w.org\/{rel}","templated":true}]}}