{"id":1663,"date":"2021-02-14T19:00:49","date_gmt":"2021-02-14T19:00:49","guid":{"rendered":"http:\/\/colegiosanjosepontevedra.es\/?page_id=1663"},"modified":"2023-09-07T20:30:50","modified_gmt":"2023-09-07T20:30:50","slug":"servicios","status":"publish","type":"page","link":"https:\/\/colegiosanjosepontevedra.es\/?page_id=1663","title":{"rendered":"Servicios"},"content":{"rendered":"<p style=\"text-align: justify;\"><a href=\"http:\/\/colegiosanjosepontevedra.es\/?page_id=1371\"><img decoding=\"async\" loading=\"lazy\" class=\"alignnone wp-image-1666 size-full\" src=\"http:\/\/colegiosanjosepontevedra.es\/wp-content\/uploads\/2021\/02\/3.png\" alt=\"Plan madruga\" width=\"1414\" height=\"2000\" srcset=\"https:\/\/colegiosanjosepontevedra.es\/wp-content\/uploads\/2021\/02\/3.png 1414w, https:\/\/colegiosanjosepontevedra.es\/wp-content\/uploads\/2021\/02\/3-212x300.png 212w, https:\/\/colegiosanjosepontevedra.es\/wp-content\/uploads\/2021\/02\/3-768x1086.png 768w, https:\/\/colegiosanjosepontevedra.es\/wp-content\/uploads\/2021\/02\/3-724x1024.png 724w\" sizes=\"(max-width: 1414px) 100vw, 1414px\" \/><\/a><\/p>\n<p style=\"text-align: justify;\">El centro dispone de un servicio de horario ampliado de ma\u00f1ana, antes del inicio de la jornada lectiva, para fomentar la conciliaci\u00f3n familiar y laboral.<\/p>\n<p style=\"text-align: justify;\">El servicio de madrugadores est\u00e1 a disposici\u00f3n de nuestro alumnado desde las 7.45 h hasta la hora de inicio de las clases. Durante este tiempo los alumnos y alumnas disfrutan de juegos, puzzles, m\u00fasica, lectura, trabajos pl\u00e1sticos,&#8230;<\/p>\n<p style=\"text-align: justify;\">El programa est\u00e1 en funcionamiento durante todo el curso escolar para el alumnado de Educaci\u00f3n Infantil y Educaci\u00f3n Primaria.<\/p>\n<p style=\"text-align: justify;\"><a href=\"http:\/\/colegiosanjosepontevedra.es\/?page_id=58\"><img decoding=\"async\" loading=\"lazy\" class=\"alignnone wp-image-1664 size-full\" src=\"http:\/\/colegiosanjosepontevedra.es\/wp-content\/uploads\/2021\/02\/1.png\" alt=\"Comedor escolar\" width=\"1414\" height=\"2000\" srcset=\"https:\/\/colegiosanjosepontevedra.es\/wp-content\/uploads\/2021\/02\/1.png 1414w, https:\/\/colegiosanjosepontevedra.es\/wp-content\/uploads\/2021\/02\/1-212x300.png 212w, https:\/\/colegiosanjosepontevedra.es\/wp-content\/uploads\/2021\/02\/1-768x1086.png 768w, https:\/\/colegiosanjosepontevedra.es\/wp-content\/uploads\/2021\/02\/1-724x1024.png 724w\" sizes=\"(max-width: 1414px) 100vw, 1414px\" \/><\/a><\/p>\n<p style=\"text-align: justify;\">El comedor escolar del centro es un medio id\u00f3neo para el desarrollo de la convivencia y el respeto, respondiendo adem\u00e1s a la necesidad de muchos padres de unir la vida laboral y familiar.<\/p>\n<p style=\"text-align: justify;\">El servicio de comedor, atendido en todo momento por monitores especializados, funciona durante todo el curso escolar, desde la salida de clase hasta las 16.00h y contempla diferentes actividades a realizar para favorecer en nuestros alumnos y alumnas el desarrollo de h\u00e1bitos de salud, higiene y alimentaci\u00f3n saludable. Cuenta con men\u00fas sanos y equilibrados.<\/p>\n<p style=\"text-align: justify;\"><a href=\"http:\/\/colegiosanjosepontevedra.es\/?page_id=6\"><img decoding=\"async\" loading=\"lazy\" class=\"alignnone wp-image-1667 size-full\" src=\"http:\/\/colegiosanjosepontevedra.es\/wp-content\/uploads\/2021\/02\/comedor-escolar.png\" alt=\"actividades extraescolares\" width=\"1414\" height=\"2000\" srcset=\"https:\/\/colegiosanjosepontevedra.es\/wp-content\/uploads\/2021\/02\/comedor-escolar.png 1414w, https:\/\/colegiosanjosepontevedra.es\/wp-content\/uploads\/2021\/02\/comedor-escolar-212x300.png 212w, https:\/\/colegiosanjosepontevedra.es\/wp-content\/uploads\/2021\/02\/comedor-escolar-768x1086.png 768w, https:\/\/colegiosanjosepontevedra.es\/wp-content\/uploads\/2021\/02\/comedor-escolar-724x1024.png 724w\" sizes=\"(max-width: 1414px) 100vw, 1414px\" \/><\/a><\/p>\n<p style=\"text-align: justify;\">El Colegio promueve la educaci\u00f3n integral de sus alumnos y alumnas y por ello, conscientes de las facetas del desarrollo personal que se ejercitan fuera del horario escolar, impulsa una amplia oferta de actividades extraescolares que ayudan a profundizar en las actitudes sociales de convivencia y solidaridad, a consolidar las aficiones personales (\u00fatiles para el cultivo del ocio y del tiempo libre) fomentando la participaci\u00f3n activa y la metodolog\u00eda del esfuerzo.<\/p>\n<p style=\"text-align: justify;\" align=\"LEFT\">Pretendemos que en las programaciones de cada una de estas actividades figuren no s\u00f3lo los aprendizajes de destrezas o habilidades, sino tambi\u00e9n las actitudes y valores humanos de confianza y respeto. Por ello, trabajaremos en el fortalecimiento de su madurez afectiva y social, organizando eventos sociales.<\/p>\n<p style=\"text-align: justify;\" align=\"LEFT\">Se desarrollan de lunes a jueves desde las 16:00 a las 18.00 horas, fuera del horario lectivo ordinario entre los meses de octubre y mayo. Son de car\u00e1cter voluntario e impartidas por profesores especialistas. Las actividades est\u00e1n organizadas para todos los cursos, con una oferta espec\u00edfica para cada nivel.<\/p>\n<p style=\"text-align: justify;\" align=\"LEFT\">Contamos con actividades como baile, act\u00edvate, rel\u00e1jate, pintura, teatro, guitarra, Playing in English, Let\u00b4s talk, descubriendo otro idioma: franc\u00e9s,&#8230;<\/p>\n<p style=\"text-align: justify;\"><a href=\"http:\/\/colegiosanjosepontevedra.es\/?page_id=415\"><img decoding=\"async\" loading=\"lazy\" class=\"alignnone wp-image-1665 size-full\" src=\"http:\/\/colegiosanjosepontevedra.es\/wp-content\/uploads\/2021\/02\/2.png\" alt=\"plan concilia\" width=\"1414\" height=\"2000\" srcset=\"https:\/\/colegiosanjosepontevedra.es\/wp-content\/uploads\/2021\/02\/2.png 1414w, https:\/\/colegiosanjosepontevedra.es\/wp-content\/uploads\/2021\/02\/2-212x300.png 212w, https:\/\/colegiosanjosepontevedra.es\/wp-content\/uploads\/2021\/02\/2-768x1086.png 768w, https:\/\/colegiosanjosepontevedra.es\/wp-content\/uploads\/2021\/02\/2-724x1024.png 724w\" sizes=\"(max-width: 1414px) 100vw, 1414px\" \/><\/a><\/p>\n<p style=\"text-align: justify;\" align=\"LEFT\">El\u00a0centro incide en una mejora a la hora de conciliar la vida familiar y la vida laboral, por ello permanece abierto por las tardes, desde octubre a junio, en horario de 16.00 a 18.00 h., de lunes a jueves. Los alumnos y alumnas que asistan estar\u00e1n, en todo momento, bajo la supervisi\u00f3n del profesorado del centro.<\/p>\n\n\n<figure class=\"wp-block-image size-large is-resized\"><img decoding=\"async\" loading=\"lazy\" src=\"http:\/\/colegiosanjosepontevedra.es\/wp-content\/uploads\/2023\/09\/servicios-colegio-724x1024.png\" alt=\"\" class=\"wp-image-2618\" width=\"840\" height=\"1188\" srcset=\"https:\/\/colegiosanjosepontevedra.es\/wp-content\/uploads\/2023\/09\/servicios-colegio-724x1024.png 724w, https:\/\/colegiosanjosepontevedra.es\/wp-content\/uploads\/2023\/09\/servicios-colegio-212x300.png 212w, https:\/\/colegiosanjosepontevedra.es\/wp-content\/uploads\/2023\/09\/servicios-colegio-768x1086.png 768w, https:\/\/colegiosanjosepontevedra.es\/wp-content\/uploads\/2023\/09\/servicios-colegio-1086x1536.png 1086w, https:\/\/colegiosanjosepontevedra.es\/wp-content\/uploads\/2023\/09\/servicios-colegio.png 1414w\" sizes=\"(max-width: 840px) 100vw, 840px\" \/><\/figure>\n\n\n\n<p>El centro dispone de un servicio de horario ampliado de ma\u00f1ana, antes del inicio de la jornada lectiva, para fomentar la conciliaci\u00f3n familiar y laboral.<\/p>\n\n\n\n<p>El servicio est\u00e1 a disposici\u00f3n de nuestro alumnado desde las 8:45 h hasta las 8:55 h. Durante este tiempo los alumnos y alumnas estar\u00e1n acompa\u00f1ados\/as en todo momento por profesorado del centro.<\/p>\n\n\n\n<p>El servicio est\u00e1 en funcionamiento durante todo el curso escolar para el alumnado de Educaci\u00f3n Infantil y Educaci\u00f3n Primaria.<\/p>\n","protected":false},"excerpt":{"rendered":"<p>El centro dispone de un servicio de horario ampliado de ma\u00f1ana, antes del inicio de la jornada lectiva, para fomentar la conciliaci\u00f3n familiar y laboral. El servicio de madrugadores est\u00e1 a disposici\u00f3n de nuestro alumnado desde las 7.45 h hasta la hora de inicio de las clases. Durante este tiempo los alumnos y alumnas disfrutan de juegos, puzzles, m\u00fasica, lectura, &hellip; <a href=\"https:\/\/colegiosanjosepontevedra.es\/?page_id=1663\">Sigue leyendo <span class=\"meta-nav\">&rarr;<\/span><\/a><\/p>\n","protected":false},"author":2,"featured_media":0,"parent":0,"menu_order":0,"comment_status":"closed","ping_status":"closed","template":"","meta":[],"_links":{"self":[{"href":"https:\/\/colegiosanjosepontevedra.es\/index.php?rest_route=\/wp\/v2\/pages\/1663"}],"collection":[{"href":"https:\/\/colegiosanjosepontevedra.es\/index.php?rest_route=\/wp\/v2\/pages"}],"about":[{"href":"https:\/\/colegiosanjosepontevedra.es\/index.php?rest_route=\/wp\/v2\/types\/page"}],"author":[{"embeddable":true,"href":"https:\/\/colegiosanjosepontevedra.es\/index.php?rest_route=\/wp\/v2\/users\/2"}],"replies":[{"embeddable":true,"href":"https:\/\/colegiosanjosepontevedra.es\/index.php?rest_route=%2Fwp%2Fv2%2Fcomments&post=1663"}],"version-history":[{"count":10,"href":"https:\/\/colegiosanjosepontevedra.es\/index.php?rest_route=\/wp\/v2\/pages\/1663\/revisions"}],"predecessor-version":[{"id":2620,"href":"https:\/\/colegiosanjosepontevedra.es\/index.php?rest_route=\/wp\/v2\/pages\/1663\/revisions\/2620"}],"wp:attachment":[{"href":"https:\/\/colegiosanjosepontevedra.es\/index.php?rest_route=%2Fwp%2Fv2%2Fmedia&parent=1663"}],"curies":[{"name":"wp","href":"https:\/\/api.w.org\/{rel}","templated":true}]}}