{"id":223,"date":"2013-06-25T09:23:33","date_gmt":"2013-06-25T08:23:33","guid":{"rendered":"http:\/\/www.colegiosanjosepontevedra.es\/?page_id=223"},"modified":"2026-01-12T10:17:08","modified_gmt":"2026-01-12T10:17:08","slug":"normas-del-centro","status":"publish","type":"page","link":"https:\/\/colegiosanjosepontevedra.es\/?page_id=223","title":{"rendered":"Documentos de centro"},"content":{"rendered":"\n<p><strong>Solicitudes <\/strong><\/p>\n\n\n\n<p><a href=\"http:\/\/colegiosanjosepontevedra.es\/wp-content\/uploads\/2025\/09\/Actividades-extraescolares-2025-2026-infantil.pdf\">Solicitud Actividades Extraescolares Educaci\u00f3n Infantil <\/a><\/p>\n\n\n\n<p><a href=\"http:\/\/colegiosanjosepontevedra.es\/wp-content\/uploads\/2025\/09\/Actividades-extraescolares-2025-2026-primaria.pdf\">Solicitud Actividades Extraescolares Educaci\u00f3n Primaria <\/a><\/p>\n\n\n<p><a href=\"http:\/\/colegiosanjosepontevedra.es\/wp-content\/uploads\/2024\/09\/Formulario-Solicitud-Comedor-Escolar.pdf\" rel=\"\">Solicitud servicio de comedor<\/a>&nbsp;<\/p>\n<p><a href=\"http:\/\/colegiosanjosepontevedra.es\/wp-content\/uploads\/2013\/06\/Solicitud-Plan-madruga.pdf\" rel=\"\">Solicitud Plan madruga<\/a><\/p>\n<p><a href=\"http:\/\/colegiosanjosepontevedra.es\/wp-content\/uploads\/2024\/09\/Conciliacion-familiar.pdf\" rel=\"\">Solicitud de conciliaci\u00f3n familiar<\/a><\/p>\n<p><a href=\"http:\/\/colegiosanjosepontevedra.es\/wp-content\/uploads\/2024\/09\/Solicitud-Documentacion.pdf\" rel=\"\">Formulario de solicitud de documentaci\u00f3n<\/a><\/p>\n<p><a href=\"http:\/\/colegiosanjosepontevedra.es\/wp-content\/uploads\/2024\/09\/Renuncia-de-plaza.pdf\">Solicitud renuncia de plaza<\/a><\/p>\n<p><\/p>\n\n\n<p><strong>Justificaciones y autorizaciones<\/strong><\/p>\n\n\n\n<p><a href=\"http:\/\/colegiosanjosepontevedra.es\/wp-content\/uploads\/2024\/09\/Justificacion-Faltas-de-Asistencia.pdf\">Justificaci\u00f3n de faltas de asistencia<\/a><\/p>\n\n\n\n<p><a href=\"http:\/\/colegiosanjosepontevedra.es\/wp-content\/uploads\/2024\/09\/SOLICITUD_Y_AUTORIZACION__PARA_ADMINISTRACION_DE_MEDICAMENTOS_EL_CENTRO_EDUCATIVO-1.pdf\">Autorizaci\u00f3n medicaci\u00f3n en horario escolar<\/a><\/p>\n\n\n\n<p><a href=\"http:\/\/colegiosanjosepontevedra.es\/wp-content\/uploads\/2024\/09\/Cambio-de-Roupa-1.pdf\">Autorizaci\u00f3n cambio de ropa en horario escolar<\/a><\/p>\n\n\n\n<p><a href=\"http:\/\/colegiosanjosepontevedra.es\/wp-content\/uploads\/2024\/09\/Salida-del-Centro-en-Horario-Escolar.pdf\">Autorizaci\u00f3n salidas del centro en horario escolar<\/a><\/p>\n\n\n\n<p><a href=\"http:\/\/colegiosanjosepontevedra.es\/wp-content\/uploads\/2025\/07\/Autorizacion-Recollida-Alumnado-1.pdf\">Autorizaci\u00f3n recogida del alumnado<\/a><\/p>\n\n\n\n<p><a href=\"http:\/\/colegiosanjosepontevedra.es\/wp-content\/uploads\/2024\/09\/autorizacionXogade_CENTROS_EDUCATIVOS-1.pdf\">Autorizaci\u00f3n Xogade<\/a> (Educaci\u00f3n primaria)<\/p>\n\n\n\n<p><a href=\"http:\/\/colegiosanjosepontevedra.es\/wp-content\/uploads\/2024\/09\/5-CONSENTIMENTO-GAL-DAFIS-1.pdf\">Autorizaci\u00f3n Dafis<\/a> (4\u00ba, 5\u00ba y 6\u00ba Educaci\u00f3n primaria)<\/p>\n\n\n\n<p><\/p>\n\n\n\n<p><\/p>\n\n\n\n<p class=\"has-white-color has-text-color\">  _<\/p>\n\n\n\n<p><strong>Otros documentos<\/strong><\/p>\n\n\n\n<p><a href=\"http:\/\/colegiosanjosepontevedra.es\/wp-content\/uploads\/2025\/09\/Proxecto-Educativo-de-Centro-25-26.pdf\">Proyecto Educativo<\/a><\/p>\n\n\n\n<p><a href=\"http:\/\/colegiosanjosepontevedra.es\/wp-content\/uploads\/2025\/09\/concrecion_curricular_SAN_JOSE_2025_2026_2509212127_9c605843-c223-453e-bee5-09cdcf93efc5.pdf\">Concreci\u00f3n Curricular<\/a><\/p>\n\n\n\n<p><a href=\"https:\/\/www.edu.xunta.gal\/proens\/AccesoPublicoListaxe-recargarCombos\">Programaciones Curso<\/a><\/p>\n\n\n<p><\/p>\n\n\n<p><\/p>\n\n\n\n<p><strong>Protocolos, planes y proyectos<\/strong><\/p>\n\n\n\n<p><a href=\"https:\/\/www.edu.xunta.gal\/portal\/node\/41985\">Uso tel\u00e9fonos m\u00f3viles<\/a><\/p>\n\n\n\n<p><a href=\"http:\/\/colegiosanjosepontevedra.es\/wp-content\/uploads\/2024\/01\/guia_desenvolvemento_plan_benestar_-1.pdf\">Gu\u00eda de desarrollo del plan de bienestar <\/a><\/p>\n\n\n\n<p><a href=\"http:\/\/colegiosanjosepontevedra.es\/wp-content\/uploads\/2024\/01\/plan_integral_contra_o_acoso_e_o_ciberacoso_escolar_1-1.pdf\">Plan contra el acoso y ciberacoso escolar <\/a><\/p>\n\n\n\n<p><a href=\"http:\/\/colegiosanjosepontevedra.es\/wp-content\/uploads\/2024\/01\/protocolo_educativo_para_a_prevencion_deteccion_e_tratamento_do_acoso_e_ciberacoso_escolarpdf_1-1.pdf\">Protocolo contra el acoso y el ciberacoso escolar<\/a><\/p>\n\n\n\n<p><a href=\"http:\/\/colegiosanjosepontevedra.es\/wp-content\/uploads\/2025\/09\/20250915_Plan_Convivencia_25_26.pdf\">Plan bienestar y convivencia<\/a><\/p>\n\n\n\n<p><a href=\"https:\/\/www.edu.xunta.gal\/educalidade\/BuscaPlanAction?codPlan=1&amp;codConvocatoria=134&amp;codCentro=36006675\">Plan Digital de Centro<\/a><\/p>\n\n\n\n<p><\/p>\n","protected":false},"excerpt":{"rendered":"<p>Solicitudes Solicitud Actividades Extraescolares Educaci\u00f3n Infantil Solicitud Actividades Extraescolares Educaci\u00f3n Primaria Solicitud servicio de comedor&nbsp; Solicitud Plan madruga Solicitud de conciliaci\u00f3n familiar Formulario de solicitud de documentaci\u00f3n Solicitud renuncia de plaza Justificaciones y autorizaciones Justificaci\u00f3n de faltas de asistencia Autorizaci\u00f3n medicaci\u00f3n en horario escolar Autorizaci\u00f3n cambio de ropa en horario escolar Autorizaci\u00f3n salidas del centro en horario escolar Autorizaci\u00f3n recogida &hellip; <a href=\"https:\/\/colegiosanjosepontevedra.es\/?page_id=223\">Sigue leyendo <span class=\"meta-nav\">&rarr;<\/span><\/a><\/p>\n","protected":false},"author":1,"featured_media":0,"parent":33,"menu_order":4,"comment_status":"closed","ping_status":"open","template":"","meta":[],"_links":{"self":[{"href":"https:\/\/colegiosanjosepontevedra.es\/index.php?rest_route=\/wp\/v2\/pages\/223"}],"collection":[{"href":"https:\/\/colegiosanjosepontevedra.es\/index.php?rest_route=\/wp\/v2\/pages"}],"about":[{"href":"https:\/\/colegiosanjosepontevedra.es\/index.php?rest_route=\/wp\/v2\/types\/page"}],"author":[{"embeddable":true,"href":"https:\/\/colegiosanjosepontevedra.es\/index.php?rest_route=\/wp\/v2\/users\/1"}],"replies":[{"embeddable":true,"href":"https:\/\/colegiosanjosepontevedra.es\/index.php?rest_route=%2Fwp%2Fv2%2Fcomments&post=223"}],"version-history":[{"count":65,"href":"https:\/\/colegiosanjosepontevedra.es\/index.php?rest_route=\/wp\/v2\/pages\/223\/revisions"}],"predecessor-version":[{"id":3325,"href":"https:\/\/colegiosanjosepontevedra.es\/index.php?rest_route=\/wp\/v2\/pages\/223\/revisions\/3325"}],"up":[{"embeddable":true,"href":"https:\/\/colegiosanjosepontevedra.es\/index.php?rest_route=\/wp\/v2\/pages\/33"}],"wp:attachment":[{"href":"https:\/\/colegiosanjosepontevedra.es\/index.php?rest_route=%2Fwp%2Fv2%2Fmedia&parent=223"}],"curies":[{"name":"wp","href":"https:\/\/api.w.org\/{rel}","templated":true}]}}