{"id":2315,"date":"2022-09-25T11:43:03","date_gmt":"2022-09-25T11:43:03","guid":{"rendered":"https:\/\/colegiosanjosepontevedra.es\/?page_id=2315"},"modified":"2022-09-25T19:44:35","modified_gmt":"2022-09-25T19:44:35","slug":"uniformes","status":"publish","type":"page","link":"https:\/\/colegiosanjosepontevedra.es\/?page_id=2315","title":{"rendered":"Uniformes"},"content":{"rendered":"\n<figure class=\"wp-block-image size-large\"><img decoding=\"async\" loading=\"lazy\" width=\"410\" height=\"1024\" src=\"http:\/\/colegiosanjosepontevedra.es\/wp-content\/uploads\/2022\/09\/Uniforme-escolar-410x1024.png\" alt=\"\" class=\"wp-image-2319\" srcset=\"https:\/\/colegiosanjosepontevedra.es\/wp-content\/uploads\/2022\/09\/Uniforme-escolar-410x1024.png 410w, https:\/\/colegiosanjosepontevedra.es\/wp-content\/uploads\/2022\/09\/Uniforme-escolar-120x300.png 120w, https:\/\/colegiosanjosepontevedra.es\/wp-content\/uploads\/2022\/09\/Uniforme-escolar-768x1920.png 768w, https:\/\/colegiosanjosepontevedra.es\/wp-content\/uploads\/2022\/09\/Uniforme-escolar.png 800w\" sizes=\"(max-width: 410px) 100vw, 410px\" \/><\/figure>\n\n\n\n<figure class=\"wp-block-image size-large\"><img decoding=\"async\" loading=\"lazy\" width=\"410\" height=\"1024\" src=\"http:\/\/colegiosanjosepontevedra.es\/wp-content\/uploads\/2022\/09\/Uniforme-escolar-2-410x1024.png\" alt=\"\" class=\"wp-image-2318\" srcset=\"https:\/\/colegiosanjosepontevedra.es\/wp-content\/uploads\/2022\/09\/Uniforme-escolar-2-410x1024.png 410w, https:\/\/colegiosanjosepontevedra.es\/wp-content\/uploads\/2022\/09\/Uniforme-escolar-2-120x300.png 120w, https:\/\/colegiosanjosepontevedra.es\/wp-content\/uploads\/2022\/09\/Uniforme-escolar-2-768x1920.png 768w, https:\/\/colegiosanjosepontevedra.es\/wp-content\/uploads\/2022\/09\/Uniforme-escolar-2.png 800w\" sizes=\"(max-width: 410px) 100vw, 410px\" \/><\/figure>\n\n\n\n<p><\/p>\n\n\n\n<p><\/p>\n\n\n\n<p>El colegio dispone de un banco de uniformes para pr\u00e9stamo, facilitando as\u00ed una segunda vida de estas prendas. Podr\u00e1 consultar la disponibilidad de tallas en la secretaria del centro.<\/p>\n\n\n\n<p><br>Agradecemos a todos nuestros\/as ex-alumnos\/as su colaboraci\u00f3n constante en el mantenimiento de este banco de uniformes.<\/p>\n","protected":false},"excerpt":{"rendered":"<p>El colegio dispone de un banco de uniformes para pr\u00e9stamo, facilitando as\u00ed una segunda vida de estas prendas. Podr\u00e1 consultar la disponibilidad de tallas en la secretaria del centro. Agradecemos a todos nuestros\/as ex-alumnos\/as su colaboraci\u00f3n constante en el mantenimiento de este banco de uniformes.<\/p>\n","protected":false},"author":1,"featured_media":0,"parent":0,"menu_order":0,"comment_status":"closed","ping_status":"closed","template":"","meta":[],"_links":{"self":[{"href":"https:\/\/colegiosanjosepontevedra.es\/index.php?rest_route=\/wp\/v2\/pages\/2315"}],"collection":[{"href":"https:\/\/colegiosanjosepontevedra.es\/index.php?rest_route=\/wp\/v2\/pages"}],"about":[{"href":"https:\/\/colegiosanjosepontevedra.es\/index.php?rest_route=\/wp\/v2\/types\/page"}],"author":[{"embeddable":true,"href":"https:\/\/colegiosanjosepontevedra.es\/index.php?rest_route=\/wp\/v2\/users\/1"}],"replies":[{"embeddable":true,"href":"https:\/\/colegiosanjosepontevedra.es\/index.php?rest_route=%2Fwp%2Fv2%2Fcomments&post=2315"}],"version-history":[{"count":2,"href":"https:\/\/colegiosanjosepontevedra.es\/index.php?rest_route=\/wp\/v2\/pages\/2315\/revisions"}],"predecessor-version":[{"id":2321,"href":"https:\/\/colegiosanjosepontevedra.es\/index.php?rest_route=\/wp\/v2\/pages\/2315\/revisions\/2321"}],"wp:attachment":[{"href":"https:\/\/colegiosanjosepontevedra.es\/index.php?rest_route=%2Fwp%2Fv2%2Fmedia&parent=2315"}],"curies":[{"name":"wp","href":"https:\/\/api.w.org\/{rel}","templated":true}]}}