{"id":2379,"date":"2024-10-20T18:23:00","date_gmt":"2024-10-20T18:23:00","guid":{"rendered":"http:\/\/colegiosanjosepontevedra.es\/?page_id=2379"},"modified":"2024-11-14T17:32:06","modified_gmt":"2024-11-14T17:32:06","slug":"consejo-escolar","status":"publish","type":"page","link":"https:\/\/colegiosanjosepontevedra.es\/?page_id=2379","title":{"rendered":"Consejo Escolar"},"content":{"rendered":"\n<p>Presidenta do Consejo Escolar: Beatriz Vidal Fern\u00e1ndez &#8211; Directora<\/p>\n\n\n\n<p>Secretaria do Consejo Escolar: Ana G\u00f3mez Mir\u00f3n<\/p>\n\n\n\n<p>Jefa de Estudios: Mar\u00eda Gamallo Sol\u00f3rzano<\/p>\n\n\n\n<p class=\"has-white-color has-text-color\">m<\/p>\n\n\n\n<p>Personal Docente: Ana G\u00f3mez Mir\u00f3n<\/p>\n\n\n\n<p>Personal Docente: Patricia Novoa Abelleira<\/p>\n\n\n\n<p>Personal Docente: Patricia V\u00e1zquez Fern\u00e1ndez<\/p>\n\n\n\n<p>Personal Docente: Mar\u00eda Vidal Fern\u00e1ndez<\/p>\n\n\n\n<p class=\"has-white-color has-text-color\">m<\/p>\n\n\n\n<p>Representante de padres\/madres\/tutores: Mart\u00edn Fern\u00e1ndez Villaverde<\/p>\n\n\n\n<p>Representante de padres\/madres\/tutores: Paula Saburido Gonz\u00e1lez<\/p>\n\n\n\n<p class=\"has-white-color has-text-color\">m<\/p>\n\n\n\n<p>Representante de empresa: Mar\u00eda Gamallo Sol\u00f3rzano<\/p>\n\n\n\n<p>Representante de empresa: Ana G\u00f3mez Mir\u00f3n<\/p>\n\n\n\n<p>Representante de empresa: Beatriz Vidal Fern\u00e1ndez<\/p>\n\n\n\n<figure class=\"wp-block-pullquote\"><blockquote><p><\/p><\/blockquote><\/figure>\n\n\n\n<p><strong>Elecciones al consejo escolar curso 2024-2025<\/strong><\/p>\n\n\n\n<p>Calendario<\/p>\n\n\n\n<p>21 de octubre: Sorteo p\u00fablico de los\/as componentes de la junta electoral.<\/p>\n\n\n\n<p>24 de octubre: Constituci\u00f3n de la junta electoral y elaboraci\u00f3n de calendario.<\/p>\n\n\n\n<p>29 de octubre: Convocatoria de las elecciones en los diversos sectores educativos y publicaci\u00f3n de censo.<\/p>\n\n\n\n<p>Del 29 de octubre al 8 de noviembre: Plazo de presentaci\u00f3n de las candidaturas de los diferentes sectores, hasta las 13.00 horas del \u00faltimo d\u00eda.<\/p>\n\n\n\n<p>12 de noviembre: Reuni\u00f3n junta electoral: <\/p>\n\n\n\n<ul><li>An\u00e1lisis y resoluci\u00f3n de posibles reclamaciones al censo.<\/li><li>Proclamaci\u00f3n de candidaturas a las 15:00h.<\/li><li>(13 y 14 de noviembre) Apertura de plazo de reclamaci\u00f3n a las candidaturas, con resoluci\u00f3n el siguiente d\u00eda h\u00e1bil.<\/li><li>Sorteo de mesa electoral de padres\/madres\/tutores legales.<\/li><\/ul>\n\n\n\n<p>15 de noviembre: Publicaci\u00f3n de candidaturas admitidas a las 13.30h.<\/p>\n\n\n\n<p>20 de noviembre: Votaci\u00f3n de los distintos sectores.<\/p>\n\n\n\n<ul><li>Elecci\u00f3n de representantes del profesorado: 14.15h a 15.15h.<\/li><li>Elecci\u00f3n de representantes de padres\/madres\/tutores legales: 16.00 a 17.30h.<\/li><li>Elecci\u00f3n a representantes de propietarios: 17.30 a 18.30h.<\/li><\/ul>\n\n\n\n<p>25 de noviembre: Reuni\u00f3n junta electoral para proclamar y publicar el listado de candidatos electos a los diversos sectores a las 17.00h.<\/p>\n\n\n\n<p>4 de diciembre: Constituci\u00f3n del consejo escolar.<\/p>\n","protected":false},"excerpt":{"rendered":"<p>Presidenta do Consejo Escolar: Beatriz Vidal Fern\u00e1ndez &#8211; Directora Secretaria do Consejo Escolar: Ana G\u00f3mez Mir\u00f3n Jefa de Estudios: Mar\u00eda Gamallo Sol\u00f3rzano m Personal Docente: Ana G\u00f3mez Mir\u00f3n Personal Docente: Patricia Novoa Abelleira Personal Docente: Patricia V\u00e1zquez Fern\u00e1ndez Personal Docente: Mar\u00eda Vidal Fern\u00e1ndez m Representante de padres\/madres\/tutores: Mart\u00edn Fern\u00e1ndez Villaverde Representante de padres\/madres\/tutores: Paula Saburido Gonz\u00e1lez m Representante de empresa: &hellip; <a href=\"https:\/\/colegiosanjosepontevedra.es\/?page_id=2379\">Sigue leyendo <span class=\"meta-nav\">&rarr;<\/span><\/a><\/p>\n","protected":false},"author":2,"featured_media":0,"parent":0,"menu_order":0,"comment_status":"closed","ping_status":"closed","template":"","meta":[],"_links":{"self":[{"href":"https:\/\/colegiosanjosepontevedra.es\/index.php?rest_route=\/wp\/v2\/pages\/2379"}],"collection":[{"href":"https:\/\/colegiosanjosepontevedra.es\/index.php?rest_route=\/wp\/v2\/pages"}],"about":[{"href":"https:\/\/colegiosanjosepontevedra.es\/index.php?rest_route=\/wp\/v2\/types\/page"}],"author":[{"embeddable":true,"href":"https:\/\/colegiosanjosepontevedra.es\/index.php?rest_route=\/wp\/v2\/users\/2"}],"replies":[{"embeddable":true,"href":"https:\/\/colegiosanjosepontevedra.es\/index.php?rest_route=%2Fwp%2Fv2%2Fcomments&post=2379"}],"version-history":[{"count":5,"href":"https:\/\/colegiosanjosepontevedra.es\/index.php?rest_route=\/wp\/v2\/pages\/2379\/revisions"}],"predecessor-version":[{"id":3028,"href":"https:\/\/colegiosanjosepontevedra.es\/index.php?rest_route=\/wp\/v2\/pages\/2379\/revisions\/3028"}],"wp:attachment":[{"href":"https:\/\/colegiosanjosepontevedra.es\/index.php?rest_route=%2Fwp%2Fv2%2Fmedia&parent=2379"}],"curies":[{"name":"wp","href":"https:\/\/api.w.org\/{rel}","templated":true}]}}