{"id":25,"date":"2013-01-30T16:24:08","date_gmt":"2013-01-30T15:24:08","guid":{"rendered":"http:\/\/sinxelo.es\/colexiotest\/?page_id=25"},"modified":"2025-07-03T14:29:52","modified_gmt":"2025-07-03T14:29:52","slug":"libros","status":"publish","type":"page","link":"https:\/\/colegiosanjosepontevedra.es\/?page_id=25","title":{"rendered":"Libros y material"},"content":{"rendered":"\n<p><strong>Convocatoria en la participaci\u00f3n del fondo solidario, ayuda para adquisici\u00f3n de libros y material escolar para el curso 2025 2026<\/strong> <\/p>\n\n\n\n<p><\/p>\n\n\n\n<p><strong>Presentaci\u00f3n y solicitud<\/strong><\/p>\n\n\n\n<p>Podr\u00e1n presentar solicitudes de participaci\u00f3n del fondo solidario de libros de texto y ayudas para adquirir libros de texto y material escolar (modelo ED330B) los padres, madres, tutores o representantes legales del alumnado incluido en el art\u00edculo 1.2. de la Orden (abajo especificada). En el caso de alumnado en situaci\u00f3n de guardia o tutela de la Xunta de Galicia, presentar\u00e1 la solicitud a persona titular de la direcci\u00f3n del centro de menores o la persona con lo que conviva en acogimiento familiar.<\/p>\n\n\n\n<p><\/p>\n\n\n\n<p>La solicitud ser\u00e1 \u00fanica para todos los hijos y hijas y, de ser el caso, tutelados y tuteladas, que est\u00e9n admitidos en el mismo centro docente para el curso 2025\/26, y en ella se especificar\u00e1 el nivel de estudios que espera realizar cada uno de ellos en el citado curso. Si estuvieran admitidos en centros docentes distintos, se presentar\u00e1 una solicitud en cada uno de los centros, en la cual se incluir\u00e1n los admitidos en ese centro para el curso 2025\/26. <\/p>\n\n\n\n<p>En caso de que la solicitud se tramite por v\u00eda electr\u00f3nica empleando la aplicaci\u00f3n Fondolibros, ser\u00e1 necesaria la presentaci\u00f3n de una solicitud por cada alumno, aunque est\u00e9n escolarizados en el mismo centro. Cuando el alumnado, en el momento de presentar la solicitud, aun no est\u00e9 admitido en ning\u00fan centro docente para el curso 2025\/26, deber\u00e1 presentarla en el centro en que estuviera matriculado en el curso 2024\/25. Este centro registrar\u00e1 la solicitud de manera que acredite la entrada de esta en plazo y la enviar\u00e1 al centro de destino en que el alumnado resulte admitido, que ser\u00e1 el encargado de su grabaci\u00f3n y tramitaci\u00f3n. En caso de presentaci\u00f3n (por v\u00eda electr\u00f3nica y\/o presencial) de m\u00e1s de una solicitud, la persona solicitante deber\u00e1 presentar ante lo centro docente un escrito indicando cual desea que se tramite.<\/p>\n\n\n\n<p>Las solicitudes se presentar\u00e1n preferiblemente por v\u00eda electr\u00f3nica, mediante el formulario normalizado (ED330B \u2013 anexos I e II) disponible en la aplicaci\u00f3n inform\u00e1tica (<a rel=\"noreferrer noopener\" href=\"https:\/\/www.edu.xunta.gal\/fondolibros\/\" target=\"_blank\">https:\/\/www.edu.xunta.gal\/fondolibros\/<\/a>), a trav\u00e9s de la sede electr\u00f3nica de la Xunta de Galicia, <a rel=\"noreferrer noopener\" href=\"https:\/\/sede.junta.gal\" target=\"_blank\">https:\/\/sede.junta.gal<\/a> <\/p>\n\n\n\n<p>Opcionalmente, se podr\u00e1n presentar las solicitudes presencialmente en los centros docentes o en cualquiera de los lugares y registros establecidos en la normativa reguladora del procedimiento administrativo com\u00fan. Para la presentaci\u00f3n electr\u00f3nica de solicitudes podr\u00e1 emplearse cualquiera de los mecanismos de identificaci\u00f3n y firma admitidos por la sede electr\u00f3nica de la Xunta de Galicia, incluyendo el sistema de usuario y clave Chave365 (https:\/\/sede.junta.gal\/llave365).<\/p>\n\n\n\n<p>El formulario de solicitud tambi\u00e9n estar\u00e1 disponible en los centros educativos y en la sede electr\u00f3nica de la Xunta de Galicia, <a rel=\"noreferrer noopener\" href=\"https:\/\/sede.junta.gal\" target=\"_blank\">https:\/\/sede.junta.gal<\/a> . Asimismo, la aplicaci\u00f3n inform\u00e1tica Fondolibros (<a href=\"http:\/\/www.edu.xunta.gal\/fondolibros\">www.edu.xunta.gal\/fondolibros<\/a>) les permitir\u00e1 a los centros docentes generar solicitudes una vez introducidos los datos.<\/p>\n\n\n\n<p>La solicitud deber\u00e1 estar firmada por el padre, madre, tutor\/a o representante legal del alumnado, y su presentaci\u00f3n implicar\u00e1 que acepta las bases de la convocatoria, que cumple los requisitos exigidos en ella y que son ciertos los datos indicados en la solicitud; asimismo, que se compromete a conservar en buen estado y a devolver, al finalizar el curso, los libros de texto y el material reutilizable recibidos del fondo solidario o adquiridos con la ayuda para libros de texto.<\/p>\n\n\n\n<p><strong>Plazo de presentaci\u00f3n<\/strong><\/p>\n\n\n\n<p><\/p>\n\n\n\n<p>El plazo para presentar solicitudes se iniciar\u00e1 el d\u00eda siguiente al de la publicaci\u00f3n de esta orden en el Diario Oficial de Galicia, es decir 16 de mayo de 2025 y finalizar\u00e1 el d\u00eda 20 de junio de 2025 (este incluido). El alumnado que, una vez transcurrido el plazo indicado, pase a estar en situaci\u00f3n de tutela o guardia de la Xunta de Galicia o se incorpore a un centro docente sostenido con fondos p\u00fablicos procedente de fuera de Galicia o de un centro situado en Galicia pero no sostenido con fondos p\u00fablicos, podr\u00e1 presentar la solicitud en el plazo de un mes contado a partir del d\u00eda siguiente a la formalizaci\u00f3n de la matr\u00edcula. En todo caso, no se podr\u00e1n presentar solicitudes despu\u00e9s de 31 de marzo de 2026. <\/p>\n\n\n\n<p><strong>Documentaci\u00f3n<\/strong> <\/p>\n\n\n\n<p>Las personas interesadas deber\u00e1n acercar con la solicitud (anexo I) la siguiente documentaci\u00f3n: <\/p>\n\n\n\n<ul><li>Anexo II (comprobaci\u00f3n de datos de los miembros computables de la unidad familiar). <\/li><li>Copia del libro de familia o documento equivalente, donde figure lo\/a alumno\/a y los dem\u00e1s miembros computables de la unidad familiar. En caso de separaci\u00f3n o divorcio, adem\u00e1s, deber\u00e1n acercar la sentencia judicial y\/o convenio regulador donde conste la atribuci\u00f3n de la custodia del\/a menor. Excepcionalmente, cuando la composici\u00f3n de la unidad familiar no se ajuste al se\u00f1alado en el art\u00edculo 4.1 de esta orden o no sea posible acreditar su composici\u00f3n por los medios anteriores, se podr\u00e1 justificar el n\u00famero de miembros computables utilizando alguno de los siguientes medios: 1\u00ba. Certificado o volante de convivencia. 2\u00ba. Informe de los servicios sociales o del \u00f3rgano equivalente del ayuntamiento donde resida la familia. <\/li><li>Certificado de discapacidad del\/a alumno\/a o cualquier miembro de la familia no expedido por la Administraci\u00f3n auton\u00f3mica. <\/li><li>Documentaci\u00f3n justificativa de la situaci\u00f3n de violencia de g\u00e9nero en el \u00e1mbito familiar, en cualquiera de las formas que enumera el art\u00edculo 5 de la Ley 11\/2007, de 27 de julio , gallega para la prevenci\u00f3n y el tratamiento integral de la violencia de g\u00e9nero, cuando el agresor forme parte de la unidad familiar. Resoluci\u00f3n judicial constitutiva de la curatela representativa o resoluci\u00f3n judicial que establezca la patria potestad prorrogada o rehabilitada mientras no se produzca la revisi\u00f3n de esta medida. <\/li><li>Resoluci\u00f3n administrativa o judicial acreditativa de la situaci\u00f3n de acogimiento o certificado del centro de menores, para el alumnado en situaci\u00f3n de tutela o guardia de la Xunta de Galicia. <\/li><li>Certificado de convivencia, volante de convivencia o informe de los servicios sociales o del \u00f3rgano equivalente del ayuntamiento donde resida la familia, en caso de que el padre y la madre o el tutor el tutores carezcan de DNI y NIE. <\/li><\/ul>\n\n\n\n<p>La documentaci\u00f3n complementaria se presentar\u00e1 preferiblemente por v\u00eda electr\u00f3nica. Opcionalmente, las personas interesadas podr\u00e1n presentar la documentaci\u00f3n complementaria presencialmente en el centro docente o en cualquiera de los lugares y registros establecidos en la normativa reguladora del procedimiento administrativo com\u00fan. <\/p>\n\n\n\n<p>Las personas interesadas se responsabilizar\u00e1n de la veracidad de los documentos que presenten. Excepcionalmente, cuando la relevancia del documento en el procedimiento lo exija o existan dudas derivadas de la calidad de la copia, la Administraci\u00f3n podr\u00e1 solicitar, de manera motivada, lo cotejo de las copias allegadas por la persona interesada, para lo cual podr\u00e1 requerir la exhibici\u00f3n del documento o de la informaci\u00f3n original. <\/p>\n\n\n\n<p>Siempre que se realice la presentaci\u00f3n de documentos separadamente de la solicitud se deber\u00e1 indicar el c\u00f3digo y el \u00f3rgano responsable del procedimiento, el n\u00famero de registro de entrada de la solicitud y el n\u00famero de expediente, si se dispone de \u00e9l.<\/p>\n\n\n\n<p>En todo caso, los documentos deber\u00e1n ser v\u00e1lidos y eficaces en el momento de su presentaci\u00f3n y reflejar la situaci\u00f3n personal y familiar a la fecha de fin del plazo para presentar solicitudes, excepto los datos econ\u00f3micos que ser\u00e1n los del ejercicio fiscal 2023. M\u00e1s informaci\u00f3n: <a href=\"https:\/\/www.xunta.gal\/dog\/Publicados\/2025\/20250515\/AnuncioG0761-290425-0001_gl.html\">DOG<\/a><\/p>\n\n\n<p><strong>Listados de libros y material escolar curso 2025 &#8211; 2026<\/strong><\/p>\n<p><a href=\"http:\/\/colegiosanjosepontevedra.es\/wp-content\/uploads\/2025\/06\/Libros-y-material-4o-Educacion-infantil-2025-2026.pdf\">4\u00ba Educaci\u00f3n Infantil<\/a><\/p>\n<p><a href=\"http:\/\/colegiosanjosepontevedra.es\/wp-content\/uploads\/2025\/07\/libros-y-material-5o-ei-2025-2026.pdf\">5\u00ba Educaci\u00f3n Infantil<\/a><\/p>\n<p><a href=\"http:\/\/colegiosanjosepontevedra.es\/wp-content\/uploads\/2025\/06\/libros-y-material-6o-educacion-infantil-2025-2026.pdf\">6\u00ba Educaci\u00f3n Infantil<\/a><\/p>\n<p><a href=\"http:\/\/colegiosanjosepontevedra.es\/wp-content\/uploads\/2025\/06\/libros-y-material-1o-2025-2026.pdf\">1\u00ba Educaci\u00f3n Primaria<\/a><\/p>\n<p><a href=\"http:\/\/colegiosanjosepontevedra.es\/wp-content\/uploads\/2025\/06\/libros-y-material-2o-EP-2025-2026.pdf\">2\u00ba Educaci\u00f3n Primaria<\/a><\/p>\n<p><a href=\"http:\/\/colegiosanjosepontevedra.es\/wp-content\/uploads\/2025\/06\/libros-y-material-3o-2025-2026-1.pdf\">3\u00ba Educaci\u00f3n Primaria<\/a><\/p>\n<p><a href=\"http:\/\/colegiosanjosepontevedra.es\/wp-content\/uploads\/2025\/06\/libros-y-material-4o-2025-2026.pdf\">4\u00ba Educaci\u00f3n Primaria<\/a><\/p>\n<p><a href=\"http:\/\/colegiosanjosepontevedra.es\/wp-content\/uploads\/2025\/06\/libros-y-material-5o-2025-2026-1-1.pdf\">5\u00ba Educaci\u00f3n Primaria<\/a><\/p>\n<p><a href=\"http:\/\/colegiosanjosepontevedra.es\/wp-content\/uploads\/2025\/06\/libros-y-material-6o-2025-2026.pdf\">6\u00ba Educaci\u00f3n Primaria<\/a><\/p>\n<div id=\"collapseDocRequerida\" class=\"collapse in\" role=\"region\">\n<div class=\"text-flow padding-left-s clearfix\">\u00a0<\/div>\n<\/div>","protected":false},"excerpt":{"rendered":"<p>Convocatoria en la participaci\u00f3n del fondo solidario, ayuda para adquisici\u00f3n de libros y material escolar para el curso 2025 2026 Presentaci\u00f3n y solicitud Podr\u00e1n presentar solicitudes de participaci\u00f3n del fondo solidario de libros de texto y ayudas para adquirir libros de texto y material escolar (modelo ED330B) los padres, madres, tutores o representantes legales del alumnado incluido en el art\u00edculo &hellip; <a href=\"https:\/\/colegiosanjosepontevedra.es\/?page_id=25\">Sigue leyendo <span class=\"meta-nav\">&rarr;<\/span><\/a><\/p>\n","protected":false},"author":1,"featured_media":0,"parent":0,"menu_order":7,"comment_status":"closed","ping_status":"closed","template":"","meta":[],"_links":{"self":[{"href":"https:\/\/colegiosanjosepontevedra.es\/index.php?rest_route=\/wp\/v2\/pages\/25"}],"collection":[{"href":"https:\/\/colegiosanjosepontevedra.es\/index.php?rest_route=\/wp\/v2\/pages"}],"about":[{"href":"https:\/\/colegiosanjosepontevedra.es\/index.php?rest_route=\/wp\/v2\/types\/page"}],"author":[{"embeddable":true,"href":"https:\/\/colegiosanjosepontevedra.es\/index.php?rest_route=\/wp\/v2\/users\/1"}],"replies":[{"embeddable":true,"href":"https:\/\/colegiosanjosepontevedra.es\/index.php?rest_route=%2Fwp%2Fv2%2Fcomments&post=25"}],"version-history":[{"count":61,"href":"https:\/\/colegiosanjosepontevedra.es\/index.php?rest_route=\/wp\/v2\/pages\/25\/revisions"}],"predecessor-version":[{"id":3187,"href":"https:\/\/colegiosanjosepontevedra.es\/index.php?rest_route=\/wp\/v2\/pages\/25\/revisions\/3187"}],"wp:attachment":[{"href":"https:\/\/colegiosanjosepontevedra.es\/index.php?rest_route=%2Fwp%2Fv2%2Fmedia&parent=25"}],"curies":[{"name":"wp","href":"https:\/\/api.w.org\/{rel}","templated":true}]}}