{"id":2700,"date":"2023-11-27T07:53:25","date_gmt":"2023-11-27T07:53:25","guid":{"rendered":"http:\/\/colegiosanjosepontevedra.es\/?page_id=2700"},"modified":"2023-11-27T08:07:14","modified_gmt":"2023-11-27T08:07:14","slug":"aviso-legal","status":"publish","type":"page","link":"https:\/\/colegiosanjosepontevedra.es\/?page_id=2700","title":{"rendered":"AVISO LEGAL"},"content":{"rendered":"\n<p>S.C.L. DE TRABAJO ASOCIADO DE ENSE\u00d1ANZA SAN JOS\u00c9 DE PONTEVEDRA, responsable<br>del sitio web, en adelante RESPONSABLE, pone a disposici\u00f3n de los usuarios el presente<br>documento, con el que pretende dar cumplimiento a las obligaciones dispuestas en la Ley<br>34\/2002, de 11 de julio, de Servicios de la Sociedad de la Informaci\u00f3n y de Comercio<br>Electr\u00f3nico (LSSICE), BOE N.o 166, as\u00ed como informar a todos los usuarios del sitio web<br>respecto a cu\u00e1les son las condiciones de uso.<br>Toda persona que acceda a este sitio web asume el papel de usuario, comprometi\u00e9ndose a<br>la observancia y cumplimiento riguroso de las disposiciones aqu\u00ed dispuestas, as\u00ed como a<br>cualquier otra disposici\u00f3n legal que fuera de aplicaci\u00f3n.<\/p>\n\n\n\n<p><br>S.C.L. DE TRABAJO ASOCIADO DE ENSE\u00d1ANZA SAN JOS\u00c9 DE PONTEVEDRA se reserva el<br>derecho de modificar cualquier tipo de informaci\u00f3n que pudiera aparecer en el sitio web,<br>sin que exista obligaci\u00f3n de preavisar o poner en conocimiento de los usuarios dichas<br>obligaciones, entendi\u00e9ndose como suficiente la publicaci\u00f3n en el sitio web de S.C.L. DE<br>TRABAJO ASOCIADO DE ENSE\u00d1ANZA SAN JOS\u00c9 DE PONTEVEDRA.<\/p>\n\n\n\n<p><\/p>\n\n\n\n<p>1. <strong>DATOS IDENTIFICATIVOS<br><\/strong>Nombre de dominio: colegiosanjosepontevedra.es<br>Nombre comercial: COLEGIO SAN JOS\u00c9<br>Denominaci\u00f3n social: S.C.L. DE TRABAJO ASOCIADO DE ENSE\u00d1ANZA SAN JOS\u00c9 DE<br>PONTEVEDRA<br>NIF: F36032704<br>Domicilio social: Princesa, 1, Bajo. C.P. 36002 &#8211; Pontevedra<br>Tel\u00e9fono: 886086687<br>E-mail: cpr.sanjose.pontevedra@edu.xunta.es<\/p>\n\n\n\n<p><\/p>\n\n\n\n<p class=\"has-text-align-left\">2. <strong>DERECHOS DE PROPIEDAD INTELECTUAL E INDUSTRIAL<br><\/strong>El sitio web, incluyendo a t\u00edtulo enunciativo pero no limitativo su programaci\u00f3n, edici\u00f3n,<br>compilaci\u00f3n y dem\u00e1s elementos necesarios para su funcionamiento, los dise\u00f1os, logotipos,<br>texto y\/o gr\u00e1ficos, son propiedad del RESPONSABLE o, si es el caso, dispone de licencia o<br>autorizaci\u00f3n expresa por parte de los autores. Todos los contenidos del sitio web se<br>encuentran debidamente protegidos por la normativa de propiedad intelectual e industrial,<br>as\u00ed como inscritos en los registros p\u00fablicos correspondientes.<br>Independientemente de la finalidad para la que fueran destinados, la reproducci\u00f3n total o<br>parcial, uso, explotaci\u00f3n, distribuci\u00f3n y comercializaci\u00f3n, requiere en todo caso la<br>autorizaci\u00f3n escrita previa por parte del RESPONSABLE. Cualquier uso no autorizado<br>previamente se considera un incumplimiento grave de los derechos de propiedad<br>intelectual o industrial del autor. <\/p>\n\n\n\n<p>Los dise\u00f1os, logotipos, texto y\/o gr\u00e1ficos ajenos al RESPONSABLE y que pudieran<br>aparecer en el sitio web, pertenecen a sus respectivos propietarios, siendo ellos mismos<br>responsables de cualquier posible controversia que pudiera suscitarse respecto a los<br>mismos. El RESPONSABLE autoriza expresamente a que terceros puedan redirigir<br>directamente a los contenidos concretos del sitio web, y en todo caso redirigir al sitio web<br>principal de colegiosanjosepontevedra.es.<br>El RESPONSABLE reconoce a favor de sus titulares los correspondientes derechos de<br>propiedad intelectual e industrial, no implicando su sola menci\u00f3n o aparici\u00f3n en el sitio<br>web la existencia de derechos o responsabilidad alguna sobre los mismos, como tampoco<br>respaldo, patrocinio o recomendaci\u00f3n por parte del mismo.<br>Para realizar cualquier tipo de observaci\u00f3n respecto a posibles incumplimientos de los<br>derechos de propiedad intelectual o industrial, as\u00ed como sobre cualquiera de los contenidos<br>del sitio web, puede hacerlo a trav\u00e9s del correo electr\u00f3nico<br>cpr.sanjose.pontevedra@edu.xunta.es.<\/p>\n\n\n\n<p><\/p>\n\n\n\n<p>3. <strong>EXENCI\u00d3N DE RESPONSABILIDADES<\/strong><br>El RESPONSABLE se exime de cualquier tipo de responsabilidad derivada de la informaci\u00f3n<br>publicada en su sitio web siempre que no tenga conocimiento efectivo de que esta<br>informaci\u00f3n haya sido manipulada o introducida por un tercero ajeno al mismo o, si lo<br>tiene, haya actuado con diligencia para retirar los datos o hacer imposible el acceso a<br>ellos.<\/p>\n\n\n\n<p><br><strong>Uso de Cookies<\/strong><br>Este sitio web puede utilizar cookies t\u00e9cnicas (peque\u00f1os archivos de informaci\u00f3n que el<br>servidor env\u00eda al ordenador de quien accede a la p\u00e1gina) para llevar a cabo determinadas<br>funciones que son consideradas imprescindibles para el correcto funcionamiento y<br>visualizaci\u00f3n del sitio. Las cookies utilizadas tienen, en todo caso, car\u00e1cter temporal, con<br>la \u00fanica finalidad de hacer m\u00e1s eficaz la navegaci\u00f3n, y desaparecen al terminar la sesi\u00f3n<br>del usuario. En ning\u00fan caso, estas cookies proporcionan por s\u00ed mismas datos de car\u00e1cter<br>personal y no se utilizar\u00e1n para la recogida de los mismos.<br>Mediante el uso de cookies tambi\u00e9n es posible que el servidor donde se encuentra la web<br>reconozca el navegador utilizado por el usuario con la finalidad de que la navegaci\u00f3n sea<br>m\u00e1s sencilla, permitiendo, por ejemplo, el acceso de los usuarios que se hayan registrado<br>previamente a las \u00e1reas, servicios, promociones o concursos reservados exclusivamente a<br>ellos sin tener que registrarse en cada visita. Tambi\u00e9n se pueden utilizar para medir la<br>audiencia, par\u00e1metros de tr\u00e1fico, controlar el progreso y n\u00famero de entradas, etc., siendo<br>en estos casos cookies prescindibles t\u00e9cnicamente, pero beneficiosas para el usuario. Este<br>sitio web no instalar\u00e1 cookies prescindibles sin el consentimiento previo del usuario.<br>Este sitio web utiliza cookies anal\u00edticas para habilitar la funci\u00f3n de control de visitas \u00fanicas<br>con el fin de facilitarle su navegaci\u00f3n. A todo usuario que visita la web se le informa del<br>uso de estas cookies mediante un banner flotante, considerando que si acepta el<br>tratamiento est\u00e1 de acuerdo con su uso. En el caso de aceptar su uso, el banner<br>desaparecer\u00e1, aunque en todo momento podr\u00e1 revocar el consentimiento y obtener m\u00e1s<br>informaci\u00f3n consultando nuestra Pol\u00edtica de cookies.<br>El usuario tiene la posibilidad de configurar su navegador para ser alertado de la recepci\u00f3n<br>de cookies y para impedir su instalaci\u00f3n en su equipo. Por favor, consulte las instrucciones<br>de su navegador para ampliar esta informaci\u00f3n.<\/p>\n\n\n\n<p><br><strong>Pol\u00edtica de enlaces<\/strong><\/p>\n\n\n\n<p>Desde el sitio web, es posible que se redirija a contenidos de terceros sitios web. Dado<br>que el RESPONSABLE no puede controlar siempre los contenidos introducidos por terceros<br>en sus respectivos sitios web, no asume ning\u00fan tipo de responsabilidad respecto a dichos<br>contenidos. En todo caso, proceder\u00e1 a la retirada inmediata de cualquier contenido que<br>pudiera contravenir la legislaci\u00f3n nacional o internacional, la moral o el orden p\u00fablico,<br>procediendo a la retirada inmediata de la redirecci\u00f3n a dicho sitio web, poniendo en<br>conocimiento de las autoridades competentes el contenido en cuesti\u00f3n.<br>El RESPONSABLE no se hace responsable de la informaci\u00f3n y contenidos almacenados, a<br>t\u00edtulo enunciativo pero no limitativo, en foros, chats, generadores de blogs, comentarios,<br>redes sociales o cualquier otro medio que permita a terceros publicar contenidos de forma<br>independiente en la p\u00e1gina web del RESPONSABLE. Sin embargo, y en cumplimiento de lo<br>dispuesto en los art\u00edculos 11 y 16 de la LSSICE, se pone a disposici\u00f3n de todos los<br>usuarios, autoridades y fuerzas de seguridad, colaborando de forma activa en la retirada<br>o, en su caso, bloqueo de todos aquellos contenidos que puedan afectar o contravenir la<br>legislaci\u00f3n nacional o internacional, los derechos de terceros o la moral y el orden p\u00fablico.<br>En caso de que el usuario considere que existe en el sitio web alg\u00fan contenido que pudiera<br>ser susceptible de esta clasificaci\u00f3n, se ruega lo notifique de forma inmediata al<br>administrador del sitio web.<br>Este sitio web se ha revisado y probado para que funcione correctamente. En principio,<br>puede garantizarse el correcto funcionamiento los 365 d\u00edas del a\u00f1o, 24 horas al d\u00eda. Sin<br>embargo, el RESPONSABLE no descarta la posibilidad de que existan ciertos errores de<br>programaci\u00f3n, o que acontezcan causas de fuerza mayor, cat\u00e1strofes naturales, huelgas o<br>circunstancias semejantes que hagan imposible el acceso a la p\u00e1gina web.<br>Direcciones IP<br>Los servidores del sitio web podr\u00e1n detectar de manera autom\u00e1tica la direcci\u00f3n IP y el<br>nombre de dominio utilizados por el usuario. Una direcci\u00f3n IP es un n\u00famero asignado<br>autom\u00e1ticamente a un ordenador cuando este se conecta a Internet. Toda esta<br>informaci\u00f3n se registra en un fichero de actividad del servidor debidamente inscrito que<br>permite el posterior procesamiento de los datos con el fin de obtener mediciones<br>\u00fanicamente estad\u00edsticas que permitan conocer el n\u00famero de impresiones de p\u00e1ginas, el<br>n\u00famero de visitas realizadas a los servidores web, el orden de visitas, el punto de acceso,<br>etc.<br><\/p>\n\n\n\n<p>4. <strong>LEY APLICABLE Y JURISDICCI\u00d3N<\/strong><br>Para la resoluci\u00f3n de todas las controversias o cuestiones relacionadas con el presente<br>sitio web o de las actividades en \u00e9l desarrolladas, ser\u00e1 de aplicaci\u00f3n la legislaci\u00f3n<br>espa\u00f1ola, a la que se someten expresamente las partes, siendo competentes para la<br>resoluci\u00f3n de todos los conflictos derivados o relacionados con su uso los Juzgados y<br>Tribunales del domicilio del USUARIO o el lugar del cumplimiento de la obligaci\u00f3n.<\/p>\n","protected":false},"excerpt":{"rendered":"<p>S.C.L. DE TRABAJO ASOCIADO DE ENSE\u00d1ANZA SAN JOS\u00c9 DE PONTEVEDRA, responsabledel sitio web, en adelante RESPONSABLE, pone a disposici\u00f3n de los usuarios el presentedocumento, con el que pretende dar cumplimiento a las obligaciones dispuestas en la Ley34\/2002, de 11 de julio, de Servicios de la Sociedad de la Informaci\u00f3n y de ComercioElectr\u00f3nico (LSSICE), BOE N.o 166, as\u00ed como informar a &hellip; <a href=\"https:\/\/colegiosanjosepontevedra.es\/?page_id=2700\">Sigue leyendo <span class=\"meta-nav\">&rarr;<\/span><\/a><\/p>\n","protected":false},"author":1,"featured_media":0,"parent":0,"menu_order":0,"comment_status":"closed","ping_status":"closed","template":"","meta":[],"_links":{"self":[{"href":"https:\/\/colegiosanjosepontevedra.es\/index.php?rest_route=\/wp\/v2\/pages\/2700"}],"collection":[{"href":"https:\/\/colegiosanjosepontevedra.es\/index.php?rest_route=\/wp\/v2\/pages"}],"about":[{"href":"https:\/\/colegiosanjosepontevedra.es\/index.php?rest_route=\/wp\/v2\/types\/page"}],"author":[{"embeddable":true,"href":"https:\/\/colegiosanjosepontevedra.es\/index.php?rest_route=\/wp\/v2\/users\/1"}],"replies":[{"embeddable":true,"href":"https:\/\/colegiosanjosepontevedra.es\/index.php?rest_route=%2Fwp%2Fv2%2Fcomments&post=2700"}],"version-history":[{"count":4,"href":"https:\/\/colegiosanjosepontevedra.es\/index.php?rest_route=\/wp\/v2\/pages\/2700\/revisions"}],"predecessor-version":[{"id":2708,"href":"https:\/\/colegiosanjosepontevedra.es\/index.php?rest_route=\/wp\/v2\/pages\/2700\/revisions\/2708"}],"wp:attachment":[{"href":"https:\/\/colegiosanjosepontevedra.es\/index.php?rest_route=%2Fwp%2Fv2%2Fmedia&parent=2700"}],"curies":[{"name":"wp","href":"https:\/\/api.w.org\/{rel}","templated":true}]}}