{"id":2710,"date":"2023-11-27T08:15:31","date_gmt":"2023-11-27T08:15:31","guid":{"rendered":"http:\/\/colegiosanjosepontevedra.es\/?page_id=2710"},"modified":"2023-11-27T08:18:31","modified_gmt":"2023-11-27T08:18:31","slug":"politica-de-privacidad","status":"publish","type":"page","link":"https:\/\/colegiosanjosepontevedra.es\/?page_id=2710","title":{"rendered":"POL\u00cdTICA DE PRIVACIDAD"},"content":{"rendered":"\n<p><strong>POL\u00cdTICA DE PRIVACIDAD<\/strong><\/p>\n\n\n\n<p><\/p>\n\n\n\n<p><strong>1. INFORMACI\u00d3N AL USUARIO<\/strong><\/p>\n\n\n\n<p><br>\u00bf<em>Qui\u00e9n es el responsable del tratamiento de tus datos personales?<\/em><br><strong>S.C.L. DE TRABAJO ASOCIADO DE ENSE\u00d1ANZA SAN JOS\u00c9 DE PONTEVEDRA<\/strong> es el RESPONSABLE<br>del tratamiento de los datos personales del USUARIO y le informa de que estos datos ser\u00e1n tratados de<br>conformidad con lo dispuesto en el Reglamento (UE) 2016\/679, de 27 de abril (GDPR), y la Ley Org\u00e1nica<br>3\/2018, de 5 de diciembre (LOPDGDD).<\/p>\n\n\n\n<p><br><em>\u00bfPara qu\u00e9 tratamos tus datos personales y por qu\u00e9 lo hacemos?<\/em><br>Seg\u00fan el formulario donde hayamos obtenido sus datos personales, los trataremos de manera<br>confidencial para alcanzar los siguientes fines:<\/p>\n\n\n\n<p><br>En el formulario <strong>Contacto<\/strong><br>&#8211; Dar respuesta a las consultas y enviar comuncaciones relacionadas a nuestros servicios y a cualquier<br>tipo de petici\u00f3n efectuada por el usuario a trav\u00e9s de la forma de contacto que se pone a su<br>disposici\u00f3n en la p\u00e1gina web del responsable (por el inter\u00e9s leg\u00edtimo del responsable, art. 6.1.f GDPR<br>y por el consentimiento del interesado, 6.1.a GDPR).<\/p>\n\n\n\n<p><br>En el formulario <strong>Comentarios<\/strong><br>&#8211; Moderar y publicar en la p\u00e1gina web las opiniones sobre una publicaci\u00f3n (por el consentimiento del<br>interesado, 6.1.a GDPR)<\/p>\n\n\n\n<p><br>En el formulario <strong>Dudas o Sugerencias<\/strong><br>&#8211; Dar respuesta a las consultas y sugerencias relacionadas a cualquier tipo de petici\u00f3n efectuada por el<br>usuario a trav\u00e9s de la forma de contacto que se pone a su disposici\u00f3n en la p\u00e1gina web del<br>responsable (por el inter\u00e9s leg\u00edtimo del responsable, art. 6.1.f GDPR)<\/p>\n\n\n\n<p><\/p>\n\n\n\n<p><em>\u00bfDurante cu\u00e1nto tiempo guardaremos tus datos personales?<\/em><br>Se conservar\u00e1n durante no m\u00e1s tiempo del necesario para mantener el fin del tratamiento o existan<br>prescripciones legales que dictaminen su custodia y cuando ya no sea necesario para ello, se suprimir\u00e1n<br>con medidas de seguridad adecuadas para garantizar la anonimizaci\u00f3n de los datos o la destrucci\u00f3n total<br>de los mismos.<\/p>\n\n\n\n<p><br><em>\u00bfA qui\u00e9n facilitamos sus datos personales?<\/em><br>No est\u00e1 prevista ninguna comunicaci\u00f3n de datos personales a terceros salvo, si fuese necesario para el<br>desarrollo y ejecuci\u00f3n de las finalidades del tratamiento, a nuestros proveedores de servicios<br>relacionados con comunicaciones, con los cuales el RESPONSABLE tiene suscritos los contratos de<br>confidencialidad y de encargado de tratamiento exigidos por la normativa vigente de privacidad.<\/p>\n\n\n\n<p><br><em>\u00bfCu\u00e1les son tus derechos?<\/em><br>Los derechos que asisten al USUARIO son:<br>&#8211; Derecho a retirar el consentimiento en cualquier momento.<br>&#8211; Derecho de acceso, rectificaci\u00f3n, portabilidad y supresi\u00f3n de sus datos, y de limitaci\u00f3n u oposici\u00f3n<br>a su tratamiento.<br>&#8211; Derecho a presentar una reclamaci\u00f3n ante la autoridad de control (www.aepd.es) si considera que<br>el tratamiento no se ajusta a la normativa vigente.<\/p>\n\n\n\n<p><br><strong>Datos de contacto para ejercer sus derechos:<\/strong><br>S.C.L. DE TRABAJO ASOCIADO DE ENSE\u00d1ANZA SAN JOS\u00c9 DE PONTEVEDRA. C\/ PRINCESA, 1, &#8211; 36002<br>PONTEVEDRA (Pontevedra). E-mail: colexiosanjose@hotmail.com<\/p>\n\n\n\n<p><\/p>\n\n\n\n<p><strong>2. CAR\u00c1CTER OBLIGATORIO O FACULTATIVO DE LA INFORMACI\u00d3N FACILITADA<br>POR EL USUARIO<\/strong><br>Los USUARIOS, mediante la marcaci\u00f3n de las casillas correspondientes y la entrada de datos en los<br>campos, marcados con un asterisco (*) en el formulario de contacto o presentados en formularios de<br>descarga, aceptan expresamente y de forma libre e inequ\u00edvoca, que sus datos son necesarios para<br>atender su petici\u00f3n, por parte del prestador, siendo voluntaria la inclusi\u00f3n de datos en los campos<br>restantes. El USUARIO garantiza que los datos personales facilitados al RESPONSABLE son veraces y se<br>hace responsable de comunicar cualquier modificaci\u00f3n de los mismos.<br>El RESPONSABLE informa de que todos los datos solicitados a trav\u00e9s del sitio web son obligatorios, ya<br>que son necesarios para la prestaci\u00f3n de un servicio \u00f3ptimo al USUARIO. En caso de que no se faciliten<br>todos los datos, no se garantiza que la informaci\u00f3n y servicios facilitados sean completamente ajustados<br>a sus necesidades.<\/p>\n\n\n\n<p><\/p>\n\n\n\n<p><strong>3. MEDIDAS DE SEGURIDAD<\/strong><br>Que de conformidad con lo dispuesto en las normativas vigentes en protecci\u00f3n de datos personales, el<br>RESPONSABLE est\u00e1 cumpliendo con todas las disposiciones de las normativas GDPR y LOPDGDD para el<br>tratamiento de los datos personales de su responsabilidad, y manifiestamente con los principios descritos<br>en el art\u00edculo 5 del GDPR, por los cuales son tratados de manera l\u00edcita, leal y transparente en relaci\u00f3n con<br>el interesado y adecuados, pertinentes y limitados a lo necesario en relaci\u00f3n con los fines para los que<br>son tratados.<br>El RESPONSABLE garantiza que ha implementado pol\u00edticas t\u00e9cnicas y organizativas apropiadas para<br>aplicar las medidas de seguridad que establecen el GDPR y la LOPDGDD con el fin de proteger los<br>derechos y libertades de los USUARIOS y les ha comunicado la informaci\u00f3n adecuada para que puedan<br>ejercerlos.<br>Para m\u00e1s informaci\u00f3n sobre las garant\u00edas de privacidad, puedes dirigirte al RESPONSABLE a trav\u00e9s de<br>S.C.L. DE TRABAJO ASOCIADO DE ENSE\u00d1ANZA SAN JOS\u00c9 DE PONTEVEDRA. C\/ PRINCESA, 1, &#8211; 36002<br>PONTEVEDRA (Pontevedra). E-mail: colexiosanjose@hotmail.com<\/p>\n","protected":false},"excerpt":{"rendered":"<p>POL\u00cdTICA DE PRIVACIDAD 1. INFORMACI\u00d3N AL USUARIO \u00bfQui\u00e9n es el responsable del tratamiento de tus datos personales?S.C.L. DE TRABAJO ASOCIADO DE ENSE\u00d1ANZA SAN JOS\u00c9 DE PONTEVEDRA es el RESPONSABLEdel tratamiento de los datos personales del USUARIO y le informa de que estos datos ser\u00e1n tratados deconformidad con lo dispuesto en el Reglamento (UE) 2016\/679, de 27 de abril (GDPR), y &hellip; <a href=\"https:\/\/colegiosanjosepontevedra.es\/?page_id=2710\">Sigue leyendo <span class=\"meta-nav\">&rarr;<\/span><\/a><\/p>\n","protected":false},"author":1,"featured_media":0,"parent":0,"menu_order":0,"comment_status":"closed","ping_status":"closed","template":"","meta":[],"_links":{"self":[{"href":"https:\/\/colegiosanjosepontevedra.es\/index.php?rest_route=\/wp\/v2\/pages\/2710"}],"collection":[{"href":"https:\/\/colegiosanjosepontevedra.es\/index.php?rest_route=\/wp\/v2\/pages"}],"about":[{"href":"https:\/\/colegiosanjosepontevedra.es\/index.php?rest_route=\/wp\/v2\/types\/page"}],"author":[{"embeddable":true,"href":"https:\/\/colegiosanjosepontevedra.es\/index.php?rest_route=\/wp\/v2\/users\/1"}],"replies":[{"embeddable":true,"href":"https:\/\/colegiosanjosepontevedra.es\/index.php?rest_route=%2Fwp%2Fv2%2Fcomments&post=2710"}],"version-history":[{"count":2,"href":"https:\/\/colegiosanjosepontevedra.es\/index.php?rest_route=\/wp\/v2\/pages\/2710\/revisions"}],"predecessor-version":[{"id":2713,"href":"https:\/\/colegiosanjosepontevedra.es\/index.php?rest_route=\/wp\/v2\/pages\/2710\/revisions\/2713"}],"wp:attachment":[{"href":"https:\/\/colegiosanjosepontevedra.es\/index.php?rest_route=%2Fwp%2Fv2%2Fmedia&parent=2710"}],"curies":[{"name":"wp","href":"https:\/\/api.w.org\/{rel}","templated":true}]}}