{"id":46,"date":"2013-01-30T16:41:03","date_gmt":"2013-01-30T15:41:03","guid":{"rendered":"http:\/\/sinxelo.es\/colexiotest\/?page_id=46"},"modified":"2026-01-25T18:29:34","modified_gmt":"2026-01-25T18:29:34","slug":"servicios-administrativos","status":"publish","type":"page","link":"https:\/\/colegiosanjosepontevedra.es\/?page_id=46","title":{"rendered":"Servicios administrativos"},"content":{"rendered":"<address style=\"text-align: left;\">\u00a0<\/address>\n<p style=\"font-weight: 400;\"><strong>Direcci\u00f3n<\/strong><\/p>\n<p style=\"font-weight: 400;\">\u00a0Directora: Beatriz Vidal Fern\u00e1ndez<\/p>\n<p style=\"font-weight: 400;\">\n<p style=\"font-weight: 400;\"><strong>Secretar\u00eda\u00a0<\/strong><\/p>\n<p style=\"font-weight: 400;\">\u00a0Secretaria: Ana G\u00f3mez Mir\u00f3n<\/p>\n<p style=\"font-weight: 400;\"><strong>Jefatura de Estudios<\/strong><\/p>\n<p style=\"font-weight: 400;\">Jefa de Estudios: Mar\u00eda Gamallo Sol\u00f3rzano<\/p>\n","protected":false},"excerpt":{"rendered":"<p>\u00a0 Direcci\u00f3n \u00a0Directora: Beatriz Vidal Fern\u00e1ndez Secretar\u00eda\u00a0 \u00a0Secretaria: Ana G\u00f3mez Mir\u00f3n Jefatura de Estudios Jefa de Estudios: Mar\u00eda Gamallo Sol\u00f3rzano<\/p>\n","protected":false},"author":1,"featured_media":0,"parent":35,"menu_order":3,"comment_status":"closed","ping_status":"closed","template":"","meta":[],"_links":{"self":[{"href":"https:\/\/colegiosanjosepontevedra.es\/index.php?rest_route=\/wp\/v2\/pages\/46"}],"collection":[{"href":"https:\/\/colegiosanjosepontevedra.es\/index.php?rest_route=\/wp\/v2\/pages"}],"about":[{"href":"https:\/\/colegiosanjosepontevedra.es\/index.php?rest_route=\/wp\/v2\/types\/page"}],"author":[{"embeddable":true,"href":"https:\/\/colegiosanjosepontevedra.es\/index.php?rest_route=\/wp\/v2\/users\/1"}],"replies":[{"embeddable":true,"href":"https:\/\/colegiosanjosepontevedra.es\/index.php?rest_route=%2Fwp%2Fv2%2Fcomments&post=46"}],"version-history":[{"count":7,"href":"https:\/\/colegiosanjosepontevedra.es\/index.php?rest_route=\/wp\/v2\/pages\/46\/revisions"}],"predecessor-version":[{"id":3379,"href":"https:\/\/colegiosanjosepontevedra.es\/index.php?rest_route=\/wp\/v2\/pages\/46\/revisions\/3379"}],"up":[{"embeddable":true,"href":"https:\/\/colegiosanjosepontevedra.es\/index.php?rest_route=\/wp\/v2\/pages\/35"}],"wp:attachment":[{"href":"https:\/\/colegiosanjosepontevedra.es\/index.php?rest_route=%2Fwp%2Fv2%2Fmedia&parent=46"}],"curies":[{"name":"wp","href":"https:\/\/api.w.org\/{rel}","templated":true}]}}