{"id":51,"date":"2013-01-30T16:43:56","date_gmt":"2013-01-30T15:43:56","guid":{"rendered":"http:\/\/sinxelo.es\/colexiotest\/?page_id=51"},"modified":"2021-02-14T19:04:08","modified_gmt":"2021-02-14T19:04:08","slug":"historia","status":"publish","type":"page","link":"https:\/\/colegiosanjosepontevedra.es\/?page_id=51","title":{"rendered":"Historia"},"content":{"rendered":"<p style=\"text-align: justify;\">En el curso 1960-1961 se inaugura en nuestra ciudad la Academia San Jos\u00e9 que fue fundada por Germ\u00e1n de la Iglesia y Josefa Sacarrera. Su primera sede ser\u00e1 el n\u00famero 9 de la calle Manuel Quiroga, donde ocupar\u00e1 la segunda planta del inmueble.<\/p>\n<p style=\"text-align: justify;\">\n<p style=\"text-align: justify;\">En los a\u00f1os 70, con la implantaci\u00f3n de la Ense\u00f1anza General B\u00e1sica (EGB) el colegio se desdobla entre la calle Manuel Quiroga y el n\u00famero 3 de la calla Princesa, edificio que albergar\u00e1 alg\u00fan curso de la ense\u00f1anza, que en este momento ya llega hasta los 14 a\u00f1os. Tiempo despu\u00e9s se abandonar\u00eda definitivamente la antigua sede de la calle Manuel Quiroga para ocupar todo el edificio del n\u00famero tres de la calle Princesa, sito al lado de la Plaza del Teucro, muy vinculada a partir de este momento con nuestro centro por ser lugar de encuentro y juego.<\/p>\n<p style=\"text-align: justify;\">\n<p style=\"text-align: justify;\">En el a\u00f1o 1986, y tras problemas administrativos que casi llevan al cierre del colegio, ocho mujeres emprendendoras, por aquel entonces profesoras del propio centro, deciden crear la Cooperativa de Ense\u00f1anza San Jos\u00e9. Estas ocho cooperativistas comprar\u00e1n el n\u00famero 1 de la calle Princesa, un inmueble en ruinas, lo rehabilitar\u00e1n y crear\u00e1n el CPR San Jos\u00e9 de Pontevedra. Tras casi tres a\u00f1os de obras y muchas vicisitudes, el 27 de enero de 1989 se inaugura el nuevo centro que, hoy en d\u00eda, sigue siendo un centro puntero de Educaci\u00f3n Infantil y Educaci\u00f3n Primaria con m\u00e1s de 200 alumnos repartidos en tres unidades de educaci\u00f3n infantil y seis unidades de educaci\u00f3n primaria, todas ellas concertadas.<\/p>\n","protected":false},"excerpt":{"rendered":"<p>En el curso 1960-1961 se inaugura en nuestra ciudad la Academia San Jos\u00e9 que fue fundada por Germ\u00e1n de la Iglesia y Josefa Sacarrera. Su primera sede ser\u00e1 el n\u00famero 9 de la calle Manuel Quiroga, donde ocupar\u00e1 la segunda planta del inmueble. En los a\u00f1os 70, con la implantaci\u00f3n de la Ense\u00f1anza General B\u00e1sica (EGB) el colegio se desdobla &hellip; <a href=\"https:\/\/colegiosanjosepontevedra.es\/?page_id=51\">Sigue leyendo <span class=\"meta-nav\">&rarr;<\/span><\/a><\/p>\n","protected":false},"author":1,"featured_media":0,"parent":33,"menu_order":0,"comment_status":"closed","ping_status":"closed","template":"","meta":[],"_links":{"self":[{"href":"https:\/\/colegiosanjosepontevedra.es\/index.php?rest_route=\/wp\/v2\/pages\/51"}],"collection":[{"href":"https:\/\/colegiosanjosepontevedra.es\/index.php?rest_route=\/wp\/v2\/pages"}],"about":[{"href":"https:\/\/colegiosanjosepontevedra.es\/index.php?rest_route=\/wp\/v2\/types\/page"}],"author":[{"embeddable":true,"href":"https:\/\/colegiosanjosepontevedra.es\/index.php?rest_route=\/wp\/v2\/users\/1"}],"replies":[{"embeddable":true,"href":"https:\/\/colegiosanjosepontevedra.es\/index.php?rest_route=%2Fwp%2Fv2%2Fcomments&post=51"}],"version-history":[{"count":1,"href":"https:\/\/colegiosanjosepontevedra.es\/index.php?rest_route=\/wp\/v2\/pages\/51\/revisions"}],"predecessor-version":[{"id":1689,"href":"https:\/\/colegiosanjosepontevedra.es\/index.php?rest_route=\/wp\/v2\/pages\/51\/revisions\/1689"}],"up":[{"embeddable":true,"href":"https:\/\/colegiosanjosepontevedra.es\/index.php?rest_route=\/wp\/v2\/pages\/33"}],"wp:attachment":[{"href":"https:\/\/colegiosanjosepontevedra.es\/index.php?rest_route=%2Fwp%2Fv2%2Fmedia&parent=51"}],"curies":[{"name":"wp","href":"https:\/\/api.w.org\/{rel}","templated":true}]}}