{"id":6,"date":"2013-01-30T14:57:48","date_gmt":"2013-01-30T13:57:48","guid":{"rendered":"http:\/\/sinxelo.es\/colexiotest\/?page_id=6"},"modified":"2025-09-12T07:42:03","modified_gmt":"2025-09-12T07:42:03","slug":"actividades-extraescolares","status":"publish","type":"page","link":"https:\/\/colegiosanjosepontevedra.es\/?page_id=6","title":{"rendered":"Actividades extraescolares"},"content":{"rendered":"<p><img decoding=\"async\" loading=\"lazy\" class=\"alignnone size-full wp-image-1730\" src=\"http:\/\/colegiosanjosepontevedra.es\/wp-content\/uploads\/2013\/01\/actividades-extraescolares.png\" alt=\"actividades extraescolares\" width=\"2000\" height=\"889\" srcset=\"https:\/\/colegiosanjosepontevedra.es\/wp-content\/uploads\/2013\/01\/actividades-extraescolares.png 2000w, https:\/\/colegiosanjosepontevedra.es\/wp-content\/uploads\/2013\/01\/actividades-extraescolares-300x133.png 300w, https:\/\/colegiosanjosepontevedra.es\/wp-content\/uploads\/2013\/01\/actividades-extraescolares-768x341.png 768w, https:\/\/colegiosanjosepontevedra.es\/wp-content\/uploads\/2013\/01\/actividades-extraescolares-1024x455.png 1024w\" sizes=\"(max-width: 2000px) 100vw, 2000px\" \/><\/p>\n<p>La participaci\u00f3n en las actividades extraescolares que ofrece el centro contribuyen a la formaci\u00f3n integral de nuestros alumnos y alumnas. Suponen un suplemento a los aprendizajes en el aula, ya que permite a el alumnado desarrollar otras aptitudes, capacidades y habilidades.<\/p>\n<p>Posibilitan compartir ideas, compartir espacios y en definitiva socializar.&nbsp;Ocupan el tiempo de ocio con actividades productivas que favorecen una vida saludable.&nbsp;Desconectan a nuestros alumnos y alumnas de la rutina y de las tareas del d\u00eda a d\u00eda, creando espacios de diversi\u00f3n, que favorecen a una mayor concentraci\u00f3n y motivaci\u00f3n a la hora de hacer actividades lectivas.<\/p>\n<p>Implican al alumnado en el desarrollo de la responsabilidad, la organizaci\u00f3n y la gesti\u00f3n desde muy peque\u00f1os.&nbsp;Y por supuesto, favorecen el desarrollo de la autoestima, ya que adquieren diferentes roles sociales dentro de diferentes espacios donde el alumnado se siente valorado y capaz.<\/p>\n<p style=\"text-align: justify;\" align=\"LEFT\">Pretendemos que en las programaciones de cada una de estas actividades figuren no s\u00f3lo los aprendizajes de destrezas o habilidades, sino tambi\u00e9n las actitudes y valores humanos de confianza y respeto. Por ello, trabajaremos en el fortalecimiento de su madurez afectiva y social, organizando eventos sociales.<\/p>\n<p style=\"text-align: justify;\" align=\"LEFT\">Entre los valores educativos del centro destaca la formaci\u00f3n completa del alumnado con el objetivo de que desarrollen todas sus competencias, no solo en conocimientos, sino tambi\u00e9n sus habilidades sociales, f\u00edsicas y emocionales. En este sentido las actividades extraescolares potencian el sentimiento positivo de pertenencia al centro; favorecen la autonom\u00eda y autoestima; fomentan la responsabilidad en la gesti\u00f3n del tiempo libre, en definitiva mejoran las relaciones entre ellos.<\/p>\n<p style=\"text-align: justify;\">Se desarrollan desde las 16:00 a las 18.00 horas, fuera del horario lectivo ordinario. Son de car\u00e1cter voluntario e impartidas por profesores especialistas. Las actividades est\u00e1n organizadas para todos los cursos, con una oferta espec\u00edfica para cada nivel.<\/p>\n<p style=\"text-align: justify;\">Se ha encargado la organizaci\u00f3n y realizaci\u00f3n de las actividades extraescolares a Falkatruadas, especialista en ocio y tiempo libre, aportando monitores espec\u00edficos y formados en cada una de las especialidades ofertadas.<\/p>\n<p><img decoding=\"async\" loading=\"lazy\" class=\"alignnone size-full wp-image-1732\" src=\"http:\/\/colegiosanjosepontevedra.es\/wp-content\/uploads\/2013\/01\/activate.png\" alt=\"activate\" width=\"1587\" height=\"2245\" srcset=\"https:\/\/colegiosanjosepontevedra.es\/wp-content\/uploads\/2013\/01\/activate.png 1587w, https:\/\/colegiosanjosepontevedra.es\/wp-content\/uploads\/2013\/01\/activate-212x300.png 212w, https:\/\/colegiosanjosepontevedra.es\/wp-content\/uploads\/2013\/01\/activate-768x1086.png 768w, https:\/\/colegiosanjosepontevedra.es\/wp-content\/uploads\/2013\/01\/activate-724x1024.png 724w\" sizes=\"(max-width: 1587px) 100vw, 1587px\" \/><\/p>\n<p>En esta actividad nuestro alumnado identifica, por medio de la m\u00fasica, habilidades de si mismo que antes desconoc\u00edan. Desarrollan su creatividad, compromiso, esfuerzo, compa\u00f1erismo&#8230; por medio de la expresi\u00f3n corporal, utilizando muchos estilos musicales.<\/p>\n<p>Alumnado al que se dirige: Todo el alumnado del centro<\/p>\n<p><\/p>\n<p><img decoding=\"async\" loading=\"lazy\" class=\"alignnone size-full wp-image-1736\" src=\"http:\/\/colegiosanjosepontevedra.es\/wp-content\/uploads\/2013\/01\/ingles.png\" alt=\"ingles\" width=\"1414\" height=\"2000\" srcset=\"https:\/\/colegiosanjosepontevedra.es\/wp-content\/uploads\/2013\/01\/ingles.png 1414w, https:\/\/colegiosanjosepontevedra.es\/wp-content\/uploads\/2013\/01\/ingles-212x300.png 212w, https:\/\/colegiosanjosepontevedra.es\/wp-content\/uploads\/2013\/01\/ingles-768x1086.png 768w, https:\/\/colegiosanjosepontevedra.es\/wp-content\/uploads\/2013\/01\/ingles-724x1024.png 724w\" sizes=\"(max-width: 1414px) 100vw, 1414px\" \/><\/p>\n<p>Aprender idiomas facilita el acceso a un mundo tan globalizado como es en el que vivimos, potencia el aprendizaje, estimula la confianza en uno mismo, ampl\u00eda culturas\u2026 Esta actividad est\u00e1 enfocada a que nuestro alumnado sea capaz de entenderlo y expresarse con \u00e9l en situaciones relevantes, siempre aprendiendo de una forma l\u00fadica y entretenida.<\/p>\n<p>Alumnado al que se dirige: Todo el alumnado del centro<\/p>\n<p><img decoding=\"async\" loading=\"lazy\" class=\"alignnone size-full wp-image-1737\" src=\"http:\/\/colegiosanjosepontevedra.es\/wp-content\/uploads\/2013\/01\/pintura.png\" alt=\"pintura\" width=\"1800\" height=\"1200\" srcset=\"https:\/\/colegiosanjosepontevedra.es\/wp-content\/uploads\/2013\/01\/pintura.png 1800w, https:\/\/colegiosanjosepontevedra.es\/wp-content\/uploads\/2013\/01\/pintura-300x200.png 300w, https:\/\/colegiosanjosepontevedra.es\/wp-content\/uploads\/2013\/01\/pintura-768x512.png 768w, https:\/\/colegiosanjosepontevedra.es\/wp-content\/uploads\/2013\/01\/pintura-1024x683.png 1024w\" sizes=\"(max-width: 1800px) 100vw, 1800px\" \/><\/p>\n<p>Actividad centrada en desarrollar las capacidades creativas y explorar las posibilidades expresivas a trav\u00e9s de la pincelada, la paleta crom\u00e1tica, trabajando el equilibrio de formas, la coherencia visual, los vol\u00famenes, las formas, los juegos de espacio\u2026<\/p>\n<p>Alumnado al que se dirige: Alumnado de educaci\u00f3n primaria.<\/p>\n<p><\/p>\n\n\n<figure class=\"wp-block-image size-full\"><img decoding=\"async\" loading=\"lazy\" width=\"940\" height=\"788\" src=\"http:\/\/colegiosanjosepontevedra.es\/wp-content\/uploads\/2022\/09\/Purple-And-Blue-Illustration-Men-And-Girl-World-Dance-Day-Facebook-Post.png\" alt=\"\" class=\"wp-image-2284\" srcset=\"https:\/\/colegiosanjosepontevedra.es\/wp-content\/uploads\/2022\/09\/Purple-And-Blue-Illustration-Men-And-Girl-World-Dance-Day-Facebook-Post.png 940w, https:\/\/colegiosanjosepontevedra.es\/wp-content\/uploads\/2022\/09\/Purple-And-Blue-Illustration-Men-And-Girl-World-Dance-Day-Facebook-Post-300x251.png 300w, https:\/\/colegiosanjosepontevedra.es\/wp-content\/uploads\/2022\/09\/Purple-And-Blue-Illustration-Men-And-Girl-World-Dance-Day-Facebook-Post-768x644.png 768w\" sizes=\"(max-width: 940px) 100vw, 940px\" \/><figcaption>En esta actividad se busca sacar el m\u00e1ximo partido en el alumnado a trav\u00e9s de la expresi\u00f3n de sentimientos, valores y talentos ocultos basado en el desarrollo corporal y la m\u00fasica.<\/figcaption><\/figure>\n\n\n\n<p>Alumnado al que se dirige: Todo el alumnado del centro.<\/p>\n\n\n\n<figure class=\"wp-block-image size-large\"><img decoding=\"async\" loading=\"lazy\" width=\"1024\" height=\"577\" src=\"http:\/\/colegiosanjosepontevedra.es\/wp-content\/uploads\/2022\/09\/Yellow-Pink-Green-Colorful-Fun-Kids-Crafts-Facebook-Cover-1024x577.png\" alt=\"\" class=\"wp-image-2285\" srcset=\"https:\/\/colegiosanjosepontevedra.es\/wp-content\/uploads\/2022\/09\/Yellow-Pink-Green-Colorful-Fun-Kids-Crafts-Facebook-Cover-1024x577.png 1024w, https:\/\/colegiosanjosepontevedra.es\/wp-content\/uploads\/2022\/09\/Yellow-Pink-Green-Colorful-Fun-Kids-Crafts-Facebook-Cover-300x169.png 300w, https:\/\/colegiosanjosepontevedra.es\/wp-content\/uploads\/2022\/09\/Yellow-Pink-Green-Colorful-Fun-Kids-Crafts-Facebook-Cover-768x433.png 768w, https:\/\/colegiosanjosepontevedra.es\/wp-content\/uploads\/2022\/09\/Yellow-Pink-Green-Colorful-Fun-Kids-Crafts-Facebook-Cover-1536x865.png 1536w, https:\/\/colegiosanjosepontevedra.es\/wp-content\/uploads\/2022\/09\/Yellow-Pink-Green-Colorful-Fun-Kids-Crafts-Facebook-Cover.png 1640w\" sizes=\"(max-width: 1024px) 100vw, 1024px\" \/><\/figure>\n\n\n\n<p>Colores, cartulinas, pegamento o materiales reciclados son algunas de las herramientas que los ni\u00f1os utilizar\u00e1n para desarrollar la&nbsp;creatividad&nbsp;y crear divertidas manualidades fomentando la psicomotricidad fina y la imaginaci\u00f3n.<\/p>\n\n\n\n<p>Alumnado al que se dirige: Todo el alumnado del centro.<\/p>\n\n\n\n<p><a href=\"http:\/\/colegiosanjosepontevedra.es\/wp-content\/uploads\/2025\/09\/horario-extraescolares-3.png\">Horario Actividades Extraescolares <\/a><\/p>\n\n\n\n<p><a href=\"http:\/\/colegiosanjosepontevedra.es\/wp-content\/uploads\/2025\/09\/Actividades-extraescolares-2025-2026-infantil.pdf\">Solicitud Actividades Extraescolares Educaci\u00f3n Infantil<\/a><\/p>\n\n\n\n<p><a href=\"http:\/\/colegiosanjosepontevedra.es\/wp-content\/uploads\/2025\/09\/Actividades-extraescolares-2025-2026-primaria.pdf\">Solicitud Actividades Extraescolares Educaci\u00f3n Primaria<\/a><\/p>\n\n\n\n<hr class=\"wp-block-separator\"\/>\n\n\n\n<p><strong>Actividades extraescolares en colaboraci\u00f3n con otras entidades<\/strong><\/p>\n\n\n\n<figure class=\"wp-block-image size-full\"><img decoding=\"async\" loading=\"lazy\" width=\"1024\" height=\"768\" src=\"https:\/\/colegiosanjosepontevedra.es\/wp-content\/uploads\/2025\/09\/Cuadro-Comparativo-Clases-de-Natacion-Organico-Celeste-2.png\" alt=\"\" class=\"wp-image-3262\" srcset=\"https:\/\/colegiosanjosepontevedra.es\/wp-content\/uploads\/2025\/09\/Cuadro-Comparativo-Clases-de-Natacion-Organico-Celeste-2.png 1024w, https:\/\/colegiosanjosepontevedra.es\/wp-content\/uploads\/2025\/09\/Cuadro-Comparativo-Clases-de-Natacion-Organico-Celeste-2-300x225.png 300w, https:\/\/colegiosanjosepontevedra.es\/wp-content\/uploads\/2025\/09\/Cuadro-Comparativo-Clases-de-Natacion-Organico-Celeste-2-768x576.png 768w\" sizes=\"(max-width: 1024px) 100vw, 1024px\" \/><\/figure>\n\n\n\n<p><\/p>\n","protected":false},"excerpt":{"rendered":"<p>La participaci\u00f3n en las actividades extraescolares que ofrece el centro contribuyen a la formaci\u00f3n integral de nuestros alumnos y alumnas. Suponen un suplemento a los aprendizajes en el aula, ya que permite a el alumnado desarrollar otras aptitudes, capacidades y habilidades. Posibilitan compartir ideas, compartir espacios y en definitiva socializar.&nbsp;Ocupan el tiempo de ocio con actividades productivas que favorecen una &hellip; <a href=\"https:\/\/colegiosanjosepontevedra.es\/?page_id=6\">Sigue leyendo <span class=\"meta-nav\">&rarr;<\/span><\/a><\/p>\n","protected":false},"author":1,"featured_media":0,"parent":0,"menu_order":6,"comment_status":"closed","ping_status":"closed","template":"","meta":[],"_links":{"self":[{"href":"https:\/\/colegiosanjosepontevedra.es\/index.php?rest_route=\/wp\/v2\/pages\/6"}],"collection":[{"href":"https:\/\/colegiosanjosepontevedra.es\/index.php?rest_route=\/wp\/v2\/pages"}],"about":[{"href":"https:\/\/colegiosanjosepontevedra.es\/index.php?rest_route=\/wp\/v2\/types\/page"}],"author":[{"embeddable":true,"href":"https:\/\/colegiosanjosepontevedra.es\/index.php?rest_route=\/wp\/v2\/users\/1"}],"replies":[{"embeddable":true,"href":"https:\/\/colegiosanjosepontevedra.es\/index.php?rest_route=%2Fwp%2Fv2%2Fcomments&post=6"}],"version-history":[{"count":42,"href":"https:\/\/colegiosanjosepontevedra.es\/index.php?rest_route=\/wp\/v2\/pages\/6\/revisions"}],"predecessor-version":[{"id":3263,"href":"https:\/\/colegiosanjosepontevedra.es\/index.php?rest_route=\/wp\/v2\/pages\/6\/revisions\/3263"}],"wp:attachment":[{"href":"https:\/\/colegiosanjosepontevedra.es\/index.php?rest_route=%2Fwp%2Fv2%2Fmedia&parent=6"}],"curies":[{"name":"wp","href":"https:\/\/api.w.org\/{rel}","templated":true}]}}