{"id":69,"date":"2013-01-30T17:23:25","date_gmt":"2013-01-30T16:23:25","guid":{"rendered":"http:\/\/sinxelo.es\/colexiotest\/?page_id=69"},"modified":"2021-02-14T20:39:29","modified_gmt":"2021-02-14T20:39:29","slug":"actividades-complementarias","status":"publish","type":"page","link":"https:\/\/colegiosanjosepontevedra.es\/?page_id=69","title":{"rendered":"Actividades complementarias"},"content":{"rendered":"<p>Los alumnos completan sus ense\u00f1anzas con actividades como:<\/p>\n<p>En\u00a0 Educaci\u00f3n Infantil:<\/p>\n<ul>\n<li>Asistencia a conciertos<\/li>\n<li>Cine<\/li>\n<li>Teatro<\/li>\n<li>Exposiciones<\/li>\n<li>Talleres<\/li>\n<li>Visitas a lugares emblem\u00e1ticos de nuestro entorno m\u00e1s pr\u00f3ximo<\/li>\n<li>Viajes en tren<\/li>\n<li>Recorridos de rutas de senderismo<\/li>\n<li>Salidas a las playas<\/li>\n<li>Los alimentos y los oficios<\/li>\n<li>El mercado de abastos<\/li>\n<li>Animaci\u00f3n a la Lectura\u00a0\u00a0 (Biblioteca Municipal)<\/li>\n<\/ul>\n<p>&nbsp;<\/p>\n<p>En\u00a0Educaci\u00f3n Primaria<\/p>\n<ul>\n<li>Asistencia a conciertos<\/li>\n<li>Cine<\/li>\n<li>Teatro<\/li>\n<li>Exposiciones<\/li>\n<li>Talleres<\/li>\n<li>Visitas por nuestra ciudad<\/li>\n<li>Recorrido por los puertos pesqueros m\u00e1s cercanos a nuestra ciudad<\/li>\n<li>Los oficios: Visita a un oficio relacionado con el tema a tratar en el curso escolar<\/li>\n<li>Salida a playas<\/li>\n<li>Ocio deportivo<\/li>\n<li>Visita al museo de Pontevedra<\/li>\n<li>Los alimentos: Visita a un lugar de preparaci\u00f3n y\/o venta de alimentos<\/li>\n<li>Animaci\u00f3n a la Lectura\u00a0 (Biblioteca Municipal)<\/li>\n<\/ul>\n<p>&nbsp;<\/p>\n<p>Festivales Conjuntos<\/p>\n<ul>\n<li>Navidad<\/li>\n<li>Patr\u00f3n del colegio: San Jos\u00e9<\/li>\n<li>Semana de las Letras Gallegas<\/li>\n<li>D\u00eda de la\u00a0Mui\u00f1eira<\/li>\n<\/ul>\n<p>&nbsp;<\/p>\n<p>Conmemoraciones celebradas por la comunidad educativa<\/p>\n<ul>\n<li>D\u00eda internacional contra la violencia de g\u00e9nero<\/li>\n<li>D\u00eda de la\u00a0Constituci\u00f3n<\/li>\n<li>D\u00eda del Libro<\/li>\n<li>D\u00eda escolar de la no violencia y los derechos humanos<\/li>\n<li>D\u00eda de la\u00a0Paz<\/li>\n<li>D\u00eda del Sama\u00edn<\/li>\n<li>D\u00eda del Libro Infantil<\/li>\n<li>D\u00eda de la\u00a0Salud<\/li>\n<li>D\u00eda de la mujer trabajadora (Historia de la Mujer)<\/li>\n<li>Semana de la\u00a0prensa<\/li>\n<li>D\u00eda\u00a0de la declaraci\u00f3n de los derechos humanos<\/li>\n<li>D\u00eda mundial de los derechos del consumidor<\/li>\n<li>D\u00eda de Europa<\/li>\n<li>Semana de las\u00a0letras gallegas<\/li>\n<li>D\u00eda mundial del medio ambiente<\/li>\n<li>D\u00eda de la\u00a0biblioteca<\/li>\n<\/ul>\n<p>&#8230; y muchas actividades m\u00e1s que surgen a lo largo del a\u00f1o debido a la gran colaboraci\u00f3n de entidades privadas y p\u00fablicas con nuestro centro.<\/p>\n<ul>\n<li>Policia Nacional<\/li>\n<li>Guardia Civil<\/li>\n<li>Asociaci\u00f3n Amizade<\/li>\n<li>Asociaci\u00f3n S\u00edndrome de Down Xuntos Pontevedra<\/li>\n<li>Asociaci\u00f3n Juan XXIII<\/li>\n<li>Ayuntamiento de Pontevedra<\/li>\n<li>Diputaci\u00f3n provincial<\/li>\n<li>Clubs Deportivos: Escuela de ajedrez Pontevedra, S.D. Teucro, Pontevedra C.F, Escuela hungaresa de esgrima, C.B Arxil, Fed. Gall. de Squash, Ravachol Badminton, Lucha Pontevedra, Fegatri, Gimn\u00e1stica Pontevedra, AMFIV&#8230;<\/li>\n<li>Cruz Roja<\/li>\n<li>Escuela de enfermer\u00eda<\/li>\n<li>AECC<\/li>\n<li>Abanca<\/li>\n<li>La Caixa<\/li>\n<li>Museo de Pontevedra<\/li>\n<\/ul>\n<p>&nbsp;<\/p>\n<p>&nbsp;<\/p>\n","protected":false},"excerpt":{"rendered":"<p>Los alumnos completan sus ense\u00f1anzas con actividades como: En\u00a0 Educaci\u00f3n Infantil: Asistencia a conciertos Cine Teatro Exposiciones Talleres Visitas a lugares emblem\u00e1ticos de nuestro entorno m\u00e1s pr\u00f3ximo Viajes en tren Recorridos de rutas de senderismo Salidas a las playas Los alimentos y los oficios El mercado de abastos Animaci\u00f3n a la Lectura\u00a0\u00a0 (Biblioteca Municipal) &nbsp; En\u00a0Educaci\u00f3n Primaria Asistencia a conciertos &hellip; <a href=\"https:\/\/colegiosanjosepontevedra.es\/?page_id=69\">Sigue leyendo <span class=\"meta-nav\">&rarr;<\/span><\/a><\/p>\n","protected":false},"author":1,"featured_media":0,"parent":0,"menu_order":5,"comment_status":"closed","ping_status":"closed","template":"","meta":[],"_links":{"self":[{"href":"https:\/\/colegiosanjosepontevedra.es\/index.php?rest_route=\/wp\/v2\/pages\/69"}],"collection":[{"href":"https:\/\/colegiosanjosepontevedra.es\/index.php?rest_route=\/wp\/v2\/pages"}],"about":[{"href":"https:\/\/colegiosanjosepontevedra.es\/index.php?rest_route=\/wp\/v2\/types\/page"}],"author":[{"embeddable":true,"href":"https:\/\/colegiosanjosepontevedra.es\/index.php?rest_route=\/wp\/v2\/users\/1"}],"replies":[{"embeddable":true,"href":"https:\/\/colegiosanjosepontevedra.es\/index.php?rest_route=%2Fwp%2Fv2%2Fcomments&post=69"}],"version-history":[{"count":9,"href":"https:\/\/colegiosanjosepontevedra.es\/index.php?rest_route=\/wp\/v2\/pages\/69\/revisions"}],"predecessor-version":[{"id":1701,"href":"https:\/\/colegiosanjosepontevedra.es\/index.php?rest_route=\/wp\/v2\/pages\/69\/revisions\/1701"}],"wp:attachment":[{"href":"https:\/\/colegiosanjosepontevedra.es\/index.php?rest_route=%2Fwp%2Fv2%2Fmedia&parent=69"}],"curies":[{"name":"wp","href":"https:\/\/api.w.org\/{rel}","templated":true}]}}